{"id":680,"date":"2025-09-14T01:23:21","date_gmt":"2025-09-13T23:23:21","guid":{"rendered":"https:\/\/migenerali.es\/?page_id=680"},"modified":"2025-11-11T11:54:38","modified_gmt":"2025-11-11T10:54:38","slug":"terms-of-use","status":"publish","type":"page","link":"https:\/\/migenerali.es\/en\/terms-of-use\/","title":{"rendered":"Terms of use"},"content":{"rendered":"<div data-elementor-type=\"wp-page\" data-elementor-id=\"680\" class=\"elementor elementor-680\" data-elementor-post-type=\"page\">\n\t\t\t\t<div class=\"elementor-element elementor-element-162b71c e-flex e-con-boxed e-con e-parent\" data-id=\"162b71c\" data-element_type=\"container\" data-e-type=\"container\">\n\t\t\t\t\t<div class=\"e-con-inner\">\n\t\t\t\t<div class=\"elementor-element elementor-element-479eb84 elementor-widget elementor-widget-heading\" data-id=\"479eb84\" data-element_type=\"widget\" data-e-type=\"widget\" data-widget_type=\"heading.default\">\n\t\t\t\t<div class=\"elementor-widget-container\">\n\t\t\t\t\t<h2 class=\"elementor-heading-title elementor-size-default\">Terms of Use<\/h2>\t\t\t\t<\/div>\n\t\t\t\t<\/div>\n\t\t\t\t<div class=\"elementor-element elementor-element-37133ac elementor-widget elementor-widget-text-editor\" data-id=\"37133ac\" data-element_type=\"widget\" data-e-type=\"widget\" data-widget_type=\"text-editor.default\">\n\t\t\t\t<div class=\"elementor-widget-container\">\n\t\t\t\t\t\t\t\t\t<p data-start=\"3271\" data-end=\"3349\">Use of this website implies acceptance of these terms and conditions:<\/p><ol data-start=\"3351\" data-end=\"3529\"><li data-start=\"3351\" data-end=\"3494\"><p data-start=\"3354\" data-end=\"3494\"><strong data-start=\"3354\" data-end=\"3377\">Purpose of the site<\/strong><br data-start=\"3377\" data-end=\"3380\" \/>Federico Kroupensky's website offers information on insurance, consulting services and professional contact.<\/p><\/li><li data-start=\"3496\" data-end=\"3529\"><p data-start=\"3499\" data-end=\"3529\"><strong data-start=\"3499\" data-end=\"3527\">User obligations<\/strong><\/p><\/li><\/ol><ul data-start=\"3530\" data-end=\"3714\"><li data-start=\"3530\" data-end=\"3601\"><p data-start=\"3532\" data-end=\"3601\">Not to use the site for illicit purposes or purposes contrary to good faith.<\/p><\/li><li data-start=\"3602\" data-end=\"3668\"><p data-start=\"3604\" data-end=\"3668\">Not to cause damage to physical or logical systems of the website.<\/p><\/li><li data-start=\"3669\" data-end=\"3714\"><p data-start=\"3671\" data-end=\"3714\">Do not introduce viruses or malicious software.<\/p><\/li><\/ul><ol start=\"3\" data-start=\"3716\" data-end=\"4085\"><li data-start=\"3716\" data-end=\"3890\"><p data-start=\"3719\" data-end=\"3890\"><strong data-start=\"3719\" data-end=\"3739\">External links<\/strong><br data-start=\"3739\" data-end=\"3742\" \/>This site may contain links to third parties. Federico Kroupensky is not responsible for the content and policies of such external sites.<\/p><\/li><li data-start=\"3892\" data-end=\"4085\"><p data-start=\"3895\" data-end=\"4085\"><strong data-start=\"3895\" data-end=\"3926\">Modification of conditions<\/strong><br data-start=\"3926\" data-end=\"3929\" \/>Federico Kroupensky reserves the right to modify these conditions at any time to adapt them to regulatory changes or service improvements.<\/p><\/li><\/ol>\t\t\t\t\t\t\t\t<\/div>\n\t\t\t\t<\/div>\n\t\t\t\t\t<\/div>\n\t\t\t\t<\/div>\n\t\t\t\t<\/div>","protected":false},"excerpt":{"rendered":"<p>T\u00e9rminos de Uso El uso de este sitio web implica la aceptaci\u00f3n de las presentes condiciones: Finalidad del sitioLa web de Federico Kroupensky ofrece informaci\u00f3n sobre seguros, servicios de consultor\u00eda y contacto profesional. Obligaciones del usuario No utilizar el sitio con fines il\u00edcitos o contrarios a la buena fe. No provocar da\u00f1os en sistemas f\u00edsicos [&hellip;]<\/p>\n","protected":false},"author":2,"featured_media":0,"parent":0,"menu_order":54,"comment_status":"closed","ping_status":"closed","template":"","meta":{"_joinchat":[],"footnotes":""},"class_list":["post-680","page","type-page","status-publish","hentry"],"yoast_head":"<!-- This site is optimized with the Yoast SEO plugin v27.4 - https:\/\/yoast.com\/product\/yoast-seo-wordpress\/ -->\n<title>T\u00e9rminos de uso - Federico Kroupensky | Asesor Mi Generali<\/title>\n<meta name=\"description\" content=\"T\u00e9rminos de uso - Federico Kroupensky | Asesor Mi Generali\" \/>\n<meta name=\"robots\" content=\"noindex, nofollow\" \/>\n<meta property=\"og:locale\" content=\"en_GB\" \/>\n<meta property=\"og:type\" content=\"article\" \/>\n<meta property=\"og:title\" content=\"T\u00e9rminos de uso - Federico Kroupensky | Asesor Mi Generali\" \/>\n<meta property=\"og:description\" content=\"T\u00e9rminos de uso - Federico Kroupensky | Asesor Mi Generali\" \/>\n<meta property=\"og:url\" content=\"https:\/\/migenerali.es\/en\/terms-of-use\/\" \/>\n<meta property=\"og:site_name\" content=\"Federico Kroupensky | Asesor Mi Generali\" \/>\n<meta property=\"article:publisher\" content=\"https:\/\/www.facebook.com\/GeneraliAsesor\" \/>\n<meta property=\"article:modified_time\" content=\"2025-11-11T10:54:38+00:00\" \/>\n<meta property=\"og:image\" content=\"https:\/\/migenerali.es\/wp-content\/uploads\/2025\/11\/Logo-Generali-Wikipedia.jpg\" \/>\n\t<meta property=\"og:image:width\" content=\"500\" \/>\n\t<meta property=\"og:image:height\" content=\"350\" \/>\n\t<meta property=\"og:image:type\" content=\"image\/jpeg\" \/>\n<meta name=\"twitter:card\" content=\"summary_large_image\" \/>\n<meta name=\"twitter:site\" content=\"@fkroup\" \/>\n<meta name=\"twitter:label1\" content=\"Estimated reading time\" \/>\n\t<meta name=\"twitter:data1\" content=\"1 minute\" \/>\n<script type=\"application\/ld+json\" class=\"yoast-schema-graph\">{\"@context\":\"https:\\\/\\\/schema.org\",\"@graph\":[{\"@type\":\"WebPage\",\"@id\":\"https:\\\/\\\/migenerali.es\\\/terminos-de-uso\\\/\",\"url\":\"https:\\\/\\\/migenerali.es\\\/terminos-de-uso\\\/\",\"name\":\"T\u00e9rminos de uso - Federico Kroupensky | Asesor Mi Generali\",\"isPartOf\":{\"@id\":\"https:\\\/\\\/migenerali.es\\\/#website\"},\"datePublished\":\"2025-09-13T23:23:21+00:00\",\"dateModified\":\"2025-11-11T10:54:38+00:00\",\"description\":\"T\u00e9rminos de uso - Federico Kroupensky | Asesor Mi Generali\",\"breadcrumb\":{\"@id\":\"https:\\\/\\\/migenerali.es\\\/terminos-de-uso\\\/#breadcrumb\"},\"inLanguage\":\"en-GB\",\"potentialAction\":[{\"@type\":\"ReadAction\",\"target\":[\"https:\\\/\\\/migenerali.es\\\/terminos-de-uso\\\/\"]}]},{\"@type\":\"BreadcrumbList\",\"@id\":\"https:\\\/\\\/migenerali.es\\\/terminos-de-uso\\\/#breadcrumb\",\"itemListElement\":[{\"@type\":\"ListItem\",\"position\":1,\"name\":\"Portada\",\"item\":\"https:\\\/\\\/migenerali.es\\\/\"},{\"@type\":\"ListItem\",\"position\":2,\"name\":\"T\u00e9rminos de uso\"}]},{\"@type\":\"WebSite\",\"@id\":\"https:\\\/\\\/migenerali.es\\\/#website\",\"url\":\"https:\\\/\\\/migenerali.es\\\/\",\"name\":\"Mi Generali by Federico Kroupensky - Asesor exlusivo de Seguros\",\"description\":\"Mi Generali es el sitio donde puedes encontrar la App de Mi Generali y solicitar Seguros en Espa\u00f1a\",\"publisher\":{\"@id\":\"https:\\\/\\\/migenerali.es\\\/#organization\"},\"alternateName\":\"Asesor Eclusivo de Seguros Mi Generali\",\"potentialAction\":[{\"@type\":\"SearchAction\",\"target\":{\"@type\":\"EntryPoint\",\"urlTemplate\":\"https:\\\/\\\/migenerali.es\\\/?s={search_term_string}\"},\"query-input\":{\"@type\":\"PropertyValueSpecification\",\"valueRequired\":true,\"valueName\":\"search_term_string\"}}],\"inLanguage\":\"en-GB\"},{\"@type\":\"Organization\",\"@id\":\"https:\\\/\\\/migenerali.es\\\/#organization\",\"name\":\"Mi Generali\",\"alternateName\":\"Generali Seguros - Federico Kroupensky\",\"url\":\"https:\\\/\\\/migenerali.es\\\/\",\"logo\":{\"@type\":\"ImageObject\",\"inLanguage\":\"en-GB\",\"@id\":\"https:\\\/\\\/migenerali.es\\\/#\\\/schema\\\/logo\\\/image\\\/\",\"url\":\"https:\\\/\\\/migenerali.es\\\/wp-content\\\/uploads\\\/2025\\\/11\\\/Logo-Generali-Wikipedia.jpg\",\"contentUrl\":\"https:\\\/\\\/migenerali.es\\\/wp-content\\\/uploads\\\/2025\\\/11\\\/Logo-Generali-Wikipedia.jpg\",\"width\":500,\"height\":350,\"caption\":\"Mi Generali\"},\"image\":{\"@id\":\"https:\\\/\\\/migenerali.es\\\/#\\\/schema\\\/logo\\\/image\\\/\"},\"sameAs\":[\"https:\\\/\\\/www.facebook.com\\\/GeneraliAsesor\",\"https:\\\/\\\/x.com\\\/fkroup\",\"https:\\\/\\\/www.instagram.com\\\/fkroupasesor\\\/\",\"https:\\\/\\\/www.linkedin.com\\\/in\\\/fkroup\\\/\"]}]}<\/script>\n<!-- \/ Yoast SEO plugin. -->","yoast_head_json":{"title":"Terms of use - Federico Kroupensky | My Generali Advisor","description":"Terms of use - Federico Kroupensky | My Generali Advisor","robots":{"index":"noindex","follow":"nofollow"},"og_locale":"en_GB","og_type":"article","og_title":"T\u00e9rminos de uso - Federico Kroupensky | Asesor Mi Generali","og_description":"T\u00e9rminos de uso - Federico Kroupensky | Asesor Mi Generali","og_url":"https:\/\/migenerali.es\/en\/terms-of-use\/","og_site_name":"Federico Kroupensky | Asesor Mi Generali","article_publisher":"https:\/\/www.facebook.com\/GeneraliAsesor","article_modified_time":"2025-11-11T10:54:38+00:00","og_image":[{"width":500,"height":350,"url":"https:\/\/migenerali.es\/wp-content\/uploads\/2025\/11\/Logo-Generali-Wikipedia.jpg","type":"image\/jpeg"}],"twitter_card":"summary_large_image","twitter_site":"@fkroup","twitter_misc":{"Estimated reading time":"1 minute"},"schema":{"@context":"https:\/\/schema.org","@graph":[{"@type":"WebPage","@id":"https:\/\/migenerali.es\/terminos-de-uso\/","url":"https:\/\/migenerali.es\/terminos-de-uso\/","name":"Terms of use - Federico Kroupensky | My Generali Advisor","isPartOf":{"@id":"https:\/\/migenerali.es\/#website"},"datePublished":"2025-09-13T23:23:21+00:00","dateModified":"2025-11-11T10:54:38+00:00","description":"Terms of use - Federico Kroupensky | My Generali Advisor","breadcrumb":{"@id":"https:\/\/migenerali.es\/terminos-de-uso\/#breadcrumb"},"inLanguage":"en-GB","potentialAction":[{"@type":"ReadAction","target":["https:\/\/migenerali.es\/terminos-de-uso\/"]}]},{"@type":"BreadcrumbList","@id":"https:\/\/migenerali.es\/terminos-de-uso\/#breadcrumb","itemListElement":[{"@type":"ListItem","position":1,"name":"Portada","item":"https:\/\/migenerali.es\/"},{"@type":"ListItem","position":2,"name":"T\u00e9rminos de uso"}]},{"@type":"WebSite","@id":"https:\/\/migenerali.es\/#website","url":"https:\/\/migenerali.es\/","name":"My Generali by Federico Kroupensky - Exclusive Insurance Advisor","description":"My Generali is the place where you can find the My Generali App and apply for insurance in Spain.","publisher":{"@id":"https:\/\/migenerali.es\/#organization"},"alternateName":"Asesor Eclusivo de Seguros Mi Generali","potentialAction":[{"@type":"SearchAction","target":{"@type":"EntryPoint","urlTemplate":"https:\/\/migenerali.es\/?s={search_term_string}"},"query-input":{"@type":"PropertyValueSpecification","valueRequired":true,"valueName":"search_term_string"}}],"inLanguage":"en-GB"},{"@type":"Organization","@id":"https:\/\/migenerali.es\/#organization","name":"My Generali","alternateName":"Generali Seguros - Federico Kroupensky","url":"https:\/\/migenerali.es\/","logo":{"@type":"ImageObject","inLanguage":"en-GB","@id":"https:\/\/migenerali.es\/#\/schema\/logo\/image\/","url":"https:\/\/migenerali.es\/wp-content\/uploads\/2025\/11\/Logo-Generali-Wikipedia.jpg","contentUrl":"https:\/\/migenerali.es\/wp-content\/uploads\/2025\/11\/Logo-Generali-Wikipedia.jpg","width":500,"height":350,"caption":"Mi Generali"},"image":{"@id":"https:\/\/migenerali.es\/#\/schema\/logo\/image\/"},"sameAs":["https:\/\/www.facebook.com\/GeneraliAsesor","https:\/\/x.com\/fkroup","https:\/\/www.instagram.com\/fkroupasesor\/","https:\/\/www.linkedin.com\/in\/fkroup\/"]}]}},"_links":{"self":[{"href":"https:\/\/migenerali.es\/en\/wp-json\/wp\/v2\/pages\/680","targetHints":{"allow":["GET"]}}],"collection":[{"href":"https:\/\/migenerali.es\/en\/wp-json\/wp\/v2\/pages"}],"about":[{"href":"https:\/\/migenerali.es\/en\/wp-json\/wp\/v2\/types\/page"}],"author":[{"embeddable":true,"href":"https:\/\/migenerali.es\/en\/wp-json\/wp\/v2\/users\/2"}],"replies":[{"embeddable":true,"href":"https:\/\/migenerali.es\/en\/wp-json\/wp\/v2\/comments?post=680"}],"version-history":[{"count":7,"href":"https:\/\/migenerali.es\/en\/wp-json\/wp\/v2\/pages\/680\/revisions"}],"predecessor-version":[{"id":1829,"href":"https:\/\/migenerali.es\/en\/wp-json\/wp\/v2\/pages\/680\/revisions\/1829"}],"wp:attachment":[{"href":"https:\/\/migenerali.es\/en\/wp-json\/wp\/v2\/media?parent=680"}],"curies":[{"name":"wp","href":"https:\/\/api.w.org\/{rel}","templated":true}]}}