{"id":534,"date":"2025-09-13T20:49:01","date_gmt":"2025-09-13T18:49:01","guid":{"rendered":"https:\/\/migenerali.es\/?page_id=534"},"modified":"2025-11-23T11:42:45","modified_gmt":"2025-11-23T10:42:45","slug":"contact","status":"publish","type":"page","link":"https:\/\/migenerali.es\/en\/contact\/","title":{"rendered":"Contact"},"content":{"rendered":"\t\t<div data-elementor-type=\"wp-page\" data-elementor-id=\"534\" class=\"elementor elementor-534\" data-elementor-post-type=\"page\">\n\t\t\t\t<div class=\"elementor-element elementor-element-72c11b68 e-flex e-con-boxed e-con e-parent\" data-id=\"72c11b68\" data-element_type=\"container\" data-e-type=\"container\" data-settings=\"{&quot;background_background&quot;:&quot;classic&quot;}\">\n\t\t\t\t\t<div class=\"e-con-inner\">\n\t\t<div class=\"elementor-element elementor-element-745b047a e-con-full e-flex e-con e-child\" data-id=\"745b047a\" data-element_type=\"container\" data-e-type=\"container\" data-settings=\"{&quot;background_background&quot;:&quot;classic&quot;}\">\n\t\t\t\t<div class=\"elementor-element elementor-element-6c0b2555 elementor-widget elementor-widget-heading\" data-id=\"6c0b2555\" data-element_type=\"widget\" data-e-type=\"widget\" data-widget_type=\"heading.default\">\n\t\t\t\t<div class=\"elementor-widget-container\">\n\t\t\t\t\t<h1 class=\"elementor-heading-title elementor-size-default\">Contacto<\/h1>\t\t\t\t<\/div>\n\t\t\t\t<\/div>\n\t\t\t\t<div class=\"elementor-element elementor-element-8b6cc0b elementor-widget elementor-widget-heading\" data-id=\"8b6cc0b\" data-element_type=\"widget\" data-e-type=\"widget\" data-widget_type=\"heading.default\">\n\t\t\t\t<div class=\"elementor-widget-container\">\n\t\t\t\t\t<div class=\"elementor-heading-title elementor-size-default\">CONT\u00c1CTAME<\/div>\t\t\t\t<\/div>\n\t\t\t\t<\/div>\n\t\t\t\t<div class=\"elementor-element elementor-element-7d72a557 elementor-widget elementor-widget-heading\" data-id=\"7d72a557\" data-element_type=\"widget\" data-e-type=\"widget\" data-widget_type=\"heading.default\">\n\t\t\t\t<div class=\"elementor-widget-container\">\n\t\t\t\t\t<div class=\"elementor-heading-title elementor-size-default\">Estoy aqu\u00ed para ayudarte con tu tranquilidad y seguridad<\/div>\t\t\t\t<\/div>\n\t\t\t\t<\/div>\n\t\t\t\t<\/div>\n\t\t\t\t\t<\/div>\n\t\t\t\t<\/div>\n\t\t<div class=\"elementor-element elementor-element-675a3677 e-flex e-con-boxed e-con e-parent\" data-id=\"675a3677\" data-element_type=\"container\" data-e-type=\"container\">\n\t\t\t\t\t<div class=\"e-con-inner\">\n\t\t<div class=\"elementor-element elementor-element-19eb46cc e-con-full e-flex e-con e-child\" data-id=\"19eb46cc\" data-element_type=\"container\" data-e-type=\"container\" data-settings=\"{&quot;background_background&quot;:&quot;classic&quot;}\">\n\t\t<div class=\"elementor-element elementor-element-6964a580 e-con-full e-flex e-con e-child\" data-id=\"6964a580\" data-element_type=\"container\" data-e-type=\"container\">\n\t\t\t\t<div class=\"elementor-element elementor-element-3a39505d elementor-widget elementor-widget-heading\" data-id=\"3a39505d\" data-element_type=\"widget\" data-e-type=\"widget\" data-widget_type=\"heading.default\">\n\t\t\t\t<div class=\"elementor-widget-container\">\n\t\t\t\t\t<h2 class=\"elementor-heading-title elementor-size-default\">Env\u00edanos un mensaje<\/h2>\t\t\t\t<\/div>\n\t\t\t\t<\/div>\n\t\t\t\t<div class=\"elementor-element elementor-element-7913410 elementor-widget elementor-widget-heading\" data-id=\"7913410\" data-element_type=\"widget\" data-e-type=\"widget\" data-widget_type=\"heading.default\">\n\t\t\t\t<div class=\"elementor-widget-container\">\n\t\t\t\t\t<h3 class=\"elementor-heading-title elementor-size-default\">Estoy aqu\u00ed para ayudarte a proteger lo que m\u00e1s valoras.<\/h3>\t\t\t\t<\/div>\n\t\t\t\t<\/div>\n\t\t\t\t<div class=\"elementor-element elementor-element-cfdc134 elementor-widget elementor-widget-text-editor\" data-id=\"cfdc134\" data-element_type=\"widget\" data-e-type=\"widget\" data-widget_type=\"text-editor.default\">\n\t\t\t\t<div class=\"elementor-widget-container\">\n\t\t\t\t\t\t\t\t\t<p data-start=\"211\" data-end=\"362\">Cu\u00e9ntame tus necesidades o dudas y te responder\u00e9 personalmente, sin rodeos ni call centers.<\/p>\t\t\t\t\t\t\t\t<\/div>\n\t\t\t\t<\/div>\n\t\t\t\t<\/div>\n\t\t<div class=\"elementor-element elementor-element-21fc09c9 e-con-full e-flex e-con e-child\" data-id=\"21fc09c9\" data-element_type=\"container\" data-e-type=\"container\">\n\t\t\t\t<div class=\"elementor-element elementor-element-45f64961 elementor-button-align-stretch elementor-widget elementor-widget-form\" data-id=\"45f64961\" data-element_type=\"widget\" data-e-type=\"widget\" data-settings=\"{&quot;step_next_label&quot;:&quot;Next&quot;,&quot;step_previous_label&quot;:&quot;Previous&quot;,&quot;button_width&quot;:&quot;100&quot;,&quot;step_type&quot;:&quot;number_text&quot;,&quot;step_icon_shape&quot;:&quot;circle&quot;}\" data-widget_type=\"form.default\">\n\t\t\t\t<div class=\"elementor-widget-container\">\n\t\t\t\t\t\t\t<form class=\"elementor-form\" method=\"post\" name=\"Contacto\" aria-label=\"Contacto\">\n\t\t\t<input type=\"hidden\" name=\"post_id\" value=\"534\"\/>\n\t\t\t<input type=\"hidden\" name=\"form_id\" value=\"45f64961\"\/>\n\t\t\t<input type=\"hidden\" name=\"referer_title\" value=\"Contacto - Federico Kroupensky | Asesor Mi Generali\" \/>\n\n\t\t\t\t\t\t\t<input type=\"hidden\" name=\"queried_id\" value=\"534\"\/>\n\t\t\t\n\t\t\t<div class=\"elementor-form-fields-wrapper elementor-labels-above\">\n\t\t\t\t\t\t\t\t<div class=\"elementor-field-type-text elementor-field-group elementor-column elementor-field-group-nombre elementor-col-50 elementor-sm-100 elementor-field-required elementor-mark-required\">\n\t\t\t\t\t\t\t\t\t\t\t\t<label for=\"form-field-nombre\" class=\"elementor-field-label\">\n\t\t\t\t\t\t\t\tNombre\t\t\t\t\t\t\t<\/label>\n\t\t\t\t\t\t\t\t\t\t\t\t\t\t<input size=\"1\" type=\"text\" name=\"form_fields[nombre]\" id=\"form-field-nombre\" class=\"elementor-field elementor-size-sm  elementor-field-textual\" placeholder=\"Nombre\" required=\"required\">\n\t\t\t\t\t\t\t\t\t\t\t<\/div>\n\t\t\t\t\t\t\t\t<div class=\"elementor-field-type-tel elementor-field-group elementor-column elementor-field-group-field_5b59fa1 elementor-col-50 elementor-sm-100 elementor-field-required elementor-mark-required\">\n\t\t\t\t\t\t\t\t\t\t\t\t<label for=\"form-field-field_5b59fa1\" class=\"elementor-field-label\">\n\t\t\t\t\t\t\t\tTel\u00e9fono\t\t\t\t\t\t\t<\/label>\n\t\t\t\t\t\t\t\t<input size=\"1\" type=\"tel\" name=\"form_fields[field_5b59fa1]\" id=\"form-field-field_5b59fa1\" class=\"elementor-field elementor-size-sm  elementor-field-textual\" placeholder=\"Tel\u00e9fono\" required=\"required\" pattern=\"[0-9()#&amp;+*-=.]+\" title=\"Solo se aceptan n\u00fameros y caracteres de tel\u00e9fono (#,-,*,etc).\">\n\n\t\t\t\t\t\t<\/div>\n\t\t\t\t\t\t\t\t<div class=\"elementor-field-type-email elementor-field-group elementor-column elementor-field-group-email elementor-col-50 elementor-sm-100 elementor-field-required elementor-mark-required\">\n\t\t\t\t\t\t\t\t\t\t\t\t<label for=\"form-field-email\" class=\"elementor-field-label\">\n\t\t\t\t\t\t\t\tCorreo Electr\u00f3nico\t\t\t\t\t\t\t<\/label>\n\t\t\t\t\t\t\t\t\t\t\t\t\t\t<input size=\"1\" type=\"email\" name=\"form_fields[email]\" id=\"form-field-email\" class=\"elementor-field elementor-size-sm  elementor-field-textual\" placeholder=\"Correo Electr\u00f3nico\" required=\"required\">\n\t\t\t\t\t\t\t\t\t\t\t<\/div>\n\t\t\t\t\t\t\t\t<div class=\"elementor-field-type-textarea elementor-field-group elementor-column elementor-field-group-message elementor-col-100\">\n\t\t\t\t\t\t\t\t\t\t\t\t<label for=\"form-field-message\" class=\"elementor-field-label\">\n\t\t\t\t\t\t\t\tMensaje\t\t\t\t\t\t\t<\/label>\n\t\t\t\t\t\t<textarea class=\"elementor-field-textual elementor-field  elementor-size-sm\" name=\"form_fields[message]\" id=\"form-field-message\" rows=\"4\" placeholder=\"Mensaje\"><\/textarea>\t\t\t\t<\/div>\n\t\t\t\t\t\t\t\t<div class=\"elementor-field-type-acceptance elementor-field-group elementor-column elementor-field-group-field_f1e800c elementor-col-100 elementor-field-required elementor-mark-required\">\n\t\t\t\t\t\t\t<div class=\"elementor-field-subgroup\">\n\t\t\t<span class=\"elementor-field-option\">\n\t\t\t\t<input type=\"checkbox\" name=\"form_fields[field_f1e800c]\" id=\"form-field-field_f1e800c\" class=\"elementor-field elementor-size-sm  elementor-acceptance-field\" required=\"required\">\n\t\t\t\t<label for=\"form-field-field_f1e800c\">He le\u00eddo y acepto la <a href=\"\/pol\u00edtica-de-privacidad\">Pol\u00edtica de Privacidad<\/><\/label>\t\t\t<\/span>\n\t\t<\/div>\n\t\t\t\t\t\t<\/div>\n\t\t\t\t\t\t\t\t<div class=\"elementor-field-type-recaptcha_v3 elementor-field-group elementor-column elementor-field-group-field_3132dc0 elementor-col-100 recaptcha_v3-bottomright\">\n\t\t\t\t\t<div class=\"elementor-field\" id=\"form-field-field_3132dc0\"><div class=\"elementor-g-recaptcha\" data-sitekey=\"6LeUNAgsAAAAACC3SAmo0IA2epajPdtHvwfV3yLO\" data-type=\"v3\" data-action=\"Form\" data-badge=\"bottomright\" data-size=\"invisible\"><\/div><\/div>\t\t\t\t<\/div>\n\t\t\t\t\t\t\t\t<div class=\"elementor-field-group elementor-column elementor-field-type-submit elementor-col-100 e-form__buttons\">\n\t\t\t\t\t<button class=\"elementor-button elementor-size-sm\" type=\"submit\">\n\t\t\t\t\t\t<span class=\"elementor-button-content-wrapper\">\n\t\t\t\t\t\t\t\t\t\t\t\t\t\t\t<span class=\"elementor-button-icon\">\n\t\t\t\t\t\t\t\t\t<i aria-hidden=\"true\" class=\"icofont icofont-envelope\"><\/i>\t\t\t\t\t\t\t\t\t\t\t\t\t\t\t\t\t<\/span>\n\t\t\t\t\t\t\t\t\t\t\t\t\t\t\t\t\t\t\t\t\t\t<span class=\"elementor-button-text\">Enviar Mensaje<\/span>\n\t\t\t\t\t\t\t\t\t\t\t\t\t<\/span>\n\t\t\t\t\t<\/button>\n\t\t\t\t<\/div>\n\t\t\t<\/div>\n\t\t<\/form>\n\t\t\t\t\t\t<\/div>\n\t\t\t\t<\/div>\n\t\t\t\t<\/div>\n\t\t\t\t<\/div>\n\t\t\t\t\t<\/div>\n\t\t\t\t<\/div>\n\t\t\t\t<\/div>\n\t\t","protected":false},"excerpt":{"rendered":"<p>Contacto CONT\u00c1CTAME Estoy aqu\u00ed para ayudarte con tu tranquilidad y seguridad Env\u00edanos un mensaje Estoy aqu\u00ed para ayudarte a proteger lo que m\u00e1s valoras. Cu\u00e9ntame tus necesidades o dudas y te responder\u00e9 personalmente, sin rodeos ni call centers.<\/p>","protected":false},"author":2,"featured_media":0,"parent":0,"menu_order":7,"comment_status":"closed","ping_status":"closed","template":"","meta":{"_joinchat":[],"footnotes":""},"class_list":["post-534","page","type-page","status-publish","hentry"],"yoast_head":"<!-- This site is optimized with the Yoast SEO plugin v27.4 - https:\/\/yoast.com\/product\/yoast-seo-wordpress\/ -->\n<title>Contacto - Federico Kroupensky | Asesor Mi Generali<\/title>\n<meta name=\"description\" content=\"Secci\u00f3n de contacto con tu Asesor, cuenta tus necesidades o dudas y te responder\u00e1n personalmente, sin rodeos ni call centers.\" \/>\n<meta name=\"robots\" content=\"index, follow, max-snippet:-1, max-image-preview:large, max-video-preview:-1\" \/>\n<link rel=\"canonical\" href=\"https:\/\/migenerali.es\/en\/contact\/\" \/>\n<meta property=\"og:locale\" content=\"en_GB\" \/>\n<meta property=\"og:type\" content=\"article\" \/>\n<meta property=\"og:title\" content=\"Contacto - Federico Kroupensky | Asesor Mi Generali\" \/>\n<meta property=\"og:description\" content=\"Secci\u00f3n de contacto con tu Asesor, cuenta tus necesidades o dudas y te responder\u00e1n personalmente, sin rodeos ni call centers.\" \/>\n<meta property=\"og:url\" content=\"https:\/\/migenerali.es\/en\/contact\/\" \/>\n<meta property=\"og:site_name\" content=\"Federico Kroupensky | Asesor Mi Generali\" \/>\n<meta property=\"article:publisher\" content=\"https:\/\/www.facebook.com\/GeneraliAsesor\" \/>\n<meta property=\"article:modified_time\" content=\"2025-11-23T10:42:45+00:00\" \/>\n<meta property=\"og:image\" content=\"https:\/\/migenerali.es\/wp-content\/uploads\/2025\/11\/Logo-Generali-Wikipedia.jpg\" \/>\n\t<meta property=\"og:image:width\" content=\"500\" \/>\n\t<meta property=\"og:image:height\" content=\"350\" \/>\n\t<meta property=\"og:image:type\" content=\"image\/jpeg\" \/>\n<meta name=\"twitter:card\" content=\"summary_large_image\" \/>\n<meta name=\"twitter:site\" content=\"@fkroup\" \/>\n<script type=\"application\/ld+json\" class=\"yoast-schema-graph\">{\"@context\":\"https:\\\/\\\/schema.org\",\"@graph\":[{\"@type\":\"WebPage\",\"@id\":\"https:\\\/\\\/migenerali.es\\\/contacto\\\/\",\"url\":\"https:\\\/\\\/migenerali.es\\\/contacto\\\/\",\"name\":\"Contacto - Federico Kroupensky | Asesor Mi Generali\",\"isPartOf\":{\"@id\":\"https:\\\/\\\/migenerali.es\\\/#website\"},\"datePublished\":\"2025-09-13T18:49:01+00:00\",\"dateModified\":\"2025-11-23T10:42:45+00:00\",\"description\":\"Secci\u00f3n de contacto con tu Asesor, cuenta tus necesidades o dudas y te responder\u00e1n personalmente, sin rodeos ni call centers.\",\"breadcrumb\":{\"@id\":\"https:\\\/\\\/migenerali.es\\\/contacto\\\/#breadcrumb\"},\"inLanguage\":\"en-GB\",\"potentialAction\":[{\"@type\":\"ReadAction\",\"target\":[\"https:\\\/\\\/migenerali.es\\\/contacto\\\/\"]}]},{\"@type\":\"BreadcrumbList\",\"@id\":\"https:\\\/\\\/migenerali.es\\\/contacto\\\/#breadcrumb\",\"itemListElement\":[{\"@type\":\"ListItem\",\"position\":1,\"name\":\"Portada\",\"item\":\"https:\\\/\\\/migenerali.es\\\/\"},{\"@type\":\"ListItem\",\"position\":2,\"name\":\"Contacto\"}]},{\"@type\":\"WebSite\",\"@id\":\"https:\\\/\\\/migenerali.es\\\/#website\",\"url\":\"https:\\\/\\\/migenerali.es\\\/\",\"name\":\"Mi Generali by Federico Kroupensky - Asesor exlusivo de Seguros\",\"description\":\"Mi Generali es el sitio donde puedes encontrar la App de Mi Generali y solicitar Seguros en Espa\u00f1a\",\"publisher\":{\"@id\":\"https:\\\/\\\/migenerali.es\\\/#organization\"},\"alternateName\":\"Asesor Eclusivo de Seguros Mi Generali\",\"potentialAction\":[{\"@type\":\"SearchAction\",\"target\":{\"@type\":\"EntryPoint\",\"urlTemplate\":\"https:\\\/\\\/migenerali.es\\\/?s={search_term_string}\"},\"query-input\":{\"@type\":\"PropertyValueSpecification\",\"valueRequired\":true,\"valueName\":\"search_term_string\"}}],\"inLanguage\":\"en-GB\"},{\"@type\":\"Organization\",\"@id\":\"https:\\\/\\\/migenerali.es\\\/#organization\",\"name\":\"Mi Generali\",\"alternateName\":\"Generali Seguros - Federico Kroupensky\",\"url\":\"https:\\\/\\\/migenerali.es\\\/\",\"logo\":{\"@type\":\"ImageObject\",\"inLanguage\":\"en-GB\",\"@id\":\"https:\\\/\\\/migenerali.es\\\/#\\\/schema\\\/logo\\\/image\\\/\",\"url\":\"https:\\\/\\\/migenerali.es\\\/wp-content\\\/uploads\\\/2025\\\/11\\\/Logo-Generali-Wikipedia.jpg\",\"contentUrl\":\"https:\\\/\\\/migenerali.es\\\/wp-content\\\/uploads\\\/2025\\\/11\\\/Logo-Generali-Wikipedia.jpg\",\"width\":500,\"height\":350,\"caption\":\"Mi Generali\"},\"image\":{\"@id\":\"https:\\\/\\\/migenerali.es\\\/#\\\/schema\\\/logo\\\/image\\\/\"},\"sameAs\":[\"https:\\\/\\\/www.facebook.com\\\/GeneraliAsesor\",\"https:\\\/\\\/x.com\\\/fkroup\",\"https:\\\/\\\/www.instagram.com\\\/fkroupasesor\\\/\",\"https:\\\/\\\/www.linkedin.com\\\/in\\\/fkroup\\\/\"]}]}<\/script>\n<!-- \/ Yoast SEO plugin. -->","yoast_head_json":{"title":"Contact - Federico Kroupensky | My Generali Advisor","description":"Contact your advisor, tell them your needs or concerns, and they will respond to you personally, without beating around the bush or call centres.","robots":{"index":"index","follow":"follow","max-snippet":"max-snippet:-1","max-image-preview":"max-image-preview:large","max-video-preview":"max-video-preview:-1"},"canonical":"https:\/\/migenerali.es\/en\/contact\/","og_locale":"en_GB","og_type":"article","og_title":"Contacto - Federico Kroupensky | Asesor Mi Generali","og_description":"Secci\u00f3n de contacto con tu Asesor, cuenta tus necesidades o dudas y te responder\u00e1n personalmente, sin rodeos ni call centers.","og_url":"https:\/\/migenerali.es\/en\/contact\/","og_site_name":"Federico Kroupensky | Asesor Mi Generali","article_publisher":"https:\/\/www.facebook.com\/GeneraliAsesor","article_modified_time":"2025-11-23T10:42:45+00:00","og_image":[{"width":500,"height":350,"url":"https:\/\/migenerali.es\/wp-content\/uploads\/2025\/11\/Logo-Generali-Wikipedia.jpg","type":"image\/jpeg"}],"twitter_card":"summary_large_image","twitter_site":"@fkroup","schema":{"@context":"https:\/\/schema.org","@graph":[{"@type":"WebPage","@id":"https:\/\/migenerali.es\/contacto\/","url":"https:\/\/migenerali.es\/contacto\/","name":"Contact - Federico Kroupensky | My Generali Advisor","isPartOf":{"@id":"https:\/\/migenerali.es\/#website"},"datePublished":"2025-09-13T18:49:01+00:00","dateModified":"2025-11-23T10:42:45+00:00","description":"Contact your advisor, tell them your needs or concerns, and they will respond to you personally, without beating around the bush or call centres.","breadcrumb":{"@id":"https:\/\/migenerali.es\/contacto\/#breadcrumb"},"inLanguage":"en-GB","potentialAction":[{"@type":"ReadAction","target":["https:\/\/migenerali.es\/contacto\/"]}]},{"@type":"BreadcrumbList","@id":"https:\/\/migenerali.es\/contacto\/#breadcrumb","itemListElement":[{"@type":"ListItem","position":1,"name":"Portada","item":"https:\/\/migenerali.es\/"},{"@type":"ListItem","position":2,"name":"Contacto"}]},{"@type":"WebSite","@id":"https:\/\/migenerali.es\/#website","url":"https:\/\/migenerali.es\/","name":"My Generali by Federico Kroupensky - Exclusive Insurance Advisor","description":"My Generali is the place where you can find the My Generali App and apply for insurance in Spain.","publisher":{"@id":"https:\/\/migenerali.es\/#organization"},"alternateName":"Asesor Eclusivo de Seguros Mi Generali","potentialAction":[{"@type":"SearchAction","target":{"@type":"EntryPoint","urlTemplate":"https:\/\/migenerali.es\/?s={search_term_string}"},"query-input":{"@type":"PropertyValueSpecification","valueRequired":true,"valueName":"search_term_string"}}],"inLanguage":"en-GB"},{"@type":"Organization","@id":"https:\/\/migenerali.es\/#organization","name":"My Generali","alternateName":"Generali Seguros - Federico Kroupensky","url":"https:\/\/migenerali.es\/","logo":{"@type":"ImageObject","inLanguage":"en-GB","@id":"https:\/\/migenerali.es\/#\/schema\/logo\/image\/","url":"https:\/\/migenerali.es\/wp-content\/uploads\/2025\/11\/Logo-Generali-Wikipedia.jpg","contentUrl":"https:\/\/migenerali.es\/wp-content\/uploads\/2025\/11\/Logo-Generali-Wikipedia.jpg","width":500,"height":350,"caption":"Mi Generali"},"image":{"@id":"https:\/\/migenerali.es\/#\/schema\/logo\/image\/"},"sameAs":["https:\/\/www.facebook.com\/GeneraliAsesor","https:\/\/x.com\/fkroup","https:\/\/www.instagram.com\/fkroupasesor\/","https:\/\/www.linkedin.com\/in\/fkroup\/"]}]}},"_links":{"self":[{"href":"https:\/\/migenerali.es\/en\/wp-json\/wp\/v2\/pages\/534","targetHints":{"allow":["GET"]}}],"collection":[{"href":"https:\/\/migenerali.es\/en\/wp-json\/wp\/v2\/pages"}],"about":[{"href":"https:\/\/migenerali.es\/en\/wp-json\/wp\/v2\/types\/page"}],"author":[{"embeddable":true,"href":"https:\/\/migenerali.es\/en\/wp-json\/wp\/v2\/users\/2"}],"replies":[{"embeddable":true,"href":"https:\/\/migenerali.es\/en\/wp-json\/wp\/v2\/comments?post=534"}],"version-history":[{"count":202,"href":"https:\/\/migenerali.es\/en\/wp-json\/wp\/v2\/pages\/534\/revisions"}],"predecessor-version":[{"id":1885,"href":"https:\/\/migenerali.es\/en\/wp-json\/wp\/v2\/pages\/534\/revisions\/1885"}],"wp:attachment":[{"href":"https:\/\/migenerali.es\/en\/wp-json\/wp\/v2\/media?parent=534"}],"curies":[{"name":"wp","href":"https:\/\/api.w.org\/{rel}","templated":true}]}}