{"id":3,"date":"2025-06-19T16:39:29","date_gmt":"2025-06-19T14:39:29","guid":{"rendered":"https:\/\/migenerali.es\/?page_id=3"},"modified":"2025-11-06T15:52:11","modified_gmt":"2025-11-06T14:52:11","slug":"privacy","status":"publish","type":"page","link":"https:\/\/migenerali.es\/en\/privacy\/","title":{"rendered":"Privacy policy"},"content":{"rendered":"<div data-elementor-type=\"wp-page\" data-elementor-id=\"3\" class=\"elementor elementor-3\" data-elementor-post-type=\"page\">\n\t\t\t\t<div class=\"elementor-element elementor-element-0f4507b e-flex e-con-boxed e-con e-parent\" data-id=\"0f4507b\" data-element_type=\"container\" data-e-type=\"container\">\n\t\t\t\t\t<div class=\"e-con-inner\">\n\t\t\t\t<div class=\"elementor-element elementor-element-4443db7 elementor-widget elementor-widget-heading\" data-id=\"4443db7\" data-element_type=\"widget\" data-e-type=\"widget\" data-widget_type=\"heading.default\">\n\t\t\t\t<div class=\"elementor-widget-container\">\n\t\t\t\t\t<h2 class=\"elementor-heading-title elementor-size-default\">Privacy Policy<\/h2>\t\t\t\t<\/div>\n\t\t\t\t<\/div>\n\t\t\t\t<div class=\"elementor-element elementor-element-bd9e453 elementor-widget elementor-widget-text-editor\" data-id=\"bd9e453\" data-element_type=\"widget\" data-e-type=\"widget\" data-widget_type=\"text-editor.default\">\n\t\t\t\t<div class=\"elementor-widget-container\">\n\t\t\t\t\t\t\t\t\t<p data-start=\"1346\" data-end=\"1525\">At <strong data-start=\"1349\" data-end=\"1372\">Federico Kroupensky<\/strong> We value your trust and are committed to protecting your personal data in accordance with the General Data Protection Regulation (GDPR - EU 2016\/679).<\/p><p data-start=\"1527\" data-end=\"1560\"><strong data-start=\"1527\" data-end=\"1558\">Data controller<\/strong><\/p><ul data-start=\"1561\" data-end=\"1736\"><li data-start=\"1561\" data-end=\"1592\"><p data-start=\"1563\" data-end=\"1592\">Name: Federico Kroupensky<\/p><\/li><li data-start=\"1593\" data-end=\"1658\"><p data-start=\"1595\" data-end=\"1658\">E-mail: <a class=\"decorated-link cursor-pointer\" rel=\"noopener\" data-start=\"1615\" data-end=\"1656\">federico.kroupensky@generalimediadores.es<\/a><\/p><\/li><li data-start=\"1659\" data-end=\"1682\"><p data-start=\"1661\" data-end=\"1682\">Telephone: 653254695<\/p><\/li><li data-start=\"1683\" data-end=\"1736\"><p data-start=\"1685\" data-end=\"1736\">Address: Av. Eusebi Sempere, 60 - 03003 Alacant<\/p><\/li><\/ul><p data-start=\"1738\" data-end=\"1891\"><strong data-start=\"1738\" data-end=\"1764\">Purpose of the data<\/strong><br data-start=\"1764\" data-end=\"1767\" \/>Data collected through contact forms, subscription or direct communication is used only for:<\/p><ul data-start=\"1892\" data-end=\"2091\"><li data-start=\"1892\" data-end=\"1939\"><p data-start=\"1894\" data-end=\"1939\">Respond to your requests for information.<\/p><\/li><li data-start=\"1940\" data-end=\"2018\"><p data-start=\"1942\" data-end=\"2018\">Send you personalised proposals on insurance and related services.<\/p><\/li><li data-start=\"2019\" data-end=\"2091\"><p data-start=\"2021\" data-end=\"2091\">To maintain the commercial relationship and to carry out necessary communications.<\/p><\/li><\/ul><p data-start=\"2093\" data-end=\"2200\"><strong data-start=\"2093\" data-end=\"2109\">Legitimation<\/strong><br data-start=\"2109\" data-end=\"2112\" \/>The processing of data is based on your express consent by accepting this policy.<\/p><p data-start=\"2202\" data-end=\"2320\"><strong data-start=\"2202\" data-end=\"2218\">Conservation<\/strong><br data-start=\"2218\" data-end=\"2221\" \/>Your data will be kept for as long as the contractual relationship exists or until you request its deletion.<\/p><p data-start=\"2322\" data-end=\"2528\"><strong data-start=\"2322\" data-end=\"2334\">Rights<\/strong><br data-start=\"2334\" data-end=\"2337\" \/>You can exercise your rights of access, rectification, deletion, opposition, limitation and portability by sending a request to the following e-mail address <a class=\"decorated-link cursor-pointer\" rel=\"noopener\" data-start=\"2484\" data-end=\"2525\">federico.kroupensky@generalimediadores.es<\/a>.<\/p>\t\t\t\t\t\t\t\t<\/div>\n\t\t\t\t<\/div>\n\t\t\t\t\t<\/div>\n\t\t\t\t<\/div>\n\t\t\t\t<\/div>","protected":false},"excerpt":{"rendered":"<p>Pol\u00edtica de Privacidad En Federico Kroupensky valoramos tu confianza y nos comprometemos a proteger tus datos personales conforme al Reglamento General de Protecci\u00f3n de Datos (RGPD \u2013 UE 2016\/679). Responsable del tratamiento Nombre: Federico Kroupensky Correo electr\u00f3nico: federico.kroupensky@generalimediadores.es Tel\u00e9fono: 653254695 Direcci\u00f3n: Av. Eusebi Sempere, 60 \u2013 03003 Alacant Finalidad de los datosLos datos recopilados a [&hellip;]<\/p>\n","protected":false},"author":2,"featured_media":0,"parent":0,"menu_order":52,"comment_status":"closed","ping_status":"closed","template":"","meta":{"_joinchat":[],"footnotes":""},"class_list":["post-3","page","type-page","status-publish","hentry"],"yoast_head":"<!-- This site is optimized with the Yoast SEO plugin v27.4 - https:\/\/yoast.com\/product\/yoast-seo-wordpress\/ -->\n<title>Pol\u00edtica de privacidad - Federico Kroupensky | Asesor Mi Generali<\/title>\n<meta name=\"description\" content=\"Pol\u00edtica de privacidad - Federico Kroupensky | Asesor Mi Generali\" \/>\n<meta name=\"robots\" content=\"noindex, follow\" \/>\n<meta property=\"og:locale\" content=\"en_GB\" \/>\n<meta property=\"og:type\" content=\"article\" \/>\n<meta property=\"og:title\" content=\"Pol\u00edtica de privacidad - Federico Kroupensky | Asesor Mi Generali\" \/>\n<meta property=\"og:description\" content=\"Pol\u00edtica de privacidad - Federico Kroupensky | Asesor Mi Generali\" \/>\n<meta property=\"og:url\" content=\"https:\/\/migenerali.es\/en\/privacy\/\" \/>\n<meta property=\"og:site_name\" content=\"Federico Kroupensky | Asesor Mi Generali\" \/>\n<meta property=\"article:publisher\" content=\"https:\/\/www.facebook.com\/GeneraliAsesor\" \/>\n<meta property=\"article:modified_time\" content=\"2025-11-06T14:52:11+00:00\" \/>\n<meta property=\"og:image\" content=\"https:\/\/migenerali.es\/wp-content\/uploads\/2025\/11\/Logo-Generali-Wikipedia.jpg\" \/>\n\t<meta property=\"og:image:width\" content=\"500\" \/>\n\t<meta property=\"og:image:height\" content=\"350\" \/>\n\t<meta property=\"og:image:type\" content=\"image\/jpeg\" \/>\n<meta name=\"twitter:card\" content=\"summary_large_image\" \/>\n<meta name=\"twitter:site\" content=\"@fkroup\" \/>\n<meta name=\"twitter:label1\" content=\"Estimated reading time\" \/>\n\t<meta name=\"twitter:data1\" content=\"1 minute\" \/>\n<script type=\"application\/ld+json\" class=\"yoast-schema-graph\">{\"@context\":\"https:\\\/\\\/schema.org\",\"@graph\":[{\"@type\":\"WebPage\",\"@id\":\"https:\\\/\\\/migenerali.es\\\/privacidad\\\/\",\"url\":\"https:\\\/\\\/migenerali.es\\\/privacidad\\\/\",\"name\":\"Pol\u00edtica de privacidad - Federico Kroupensky | Asesor Mi Generali\",\"isPartOf\":{\"@id\":\"https:\\\/\\\/migenerali.es\\\/#website\"},\"datePublished\":\"2025-06-19T14:39:29+00:00\",\"dateModified\":\"2025-11-06T14:52:11+00:00\",\"description\":\"Pol\u00edtica de privacidad - Federico Kroupensky | Asesor Mi Generali\",\"breadcrumb\":{\"@id\":\"https:\\\/\\\/migenerali.es\\\/privacidad\\\/#breadcrumb\"},\"inLanguage\":\"en-GB\",\"potentialAction\":[{\"@type\":\"ReadAction\",\"target\":[\"https:\\\/\\\/migenerali.es\\\/privacidad\\\/\"]}]},{\"@type\":\"BreadcrumbList\",\"@id\":\"https:\\\/\\\/migenerali.es\\\/privacidad\\\/#breadcrumb\",\"itemListElement\":[{\"@type\":\"ListItem\",\"position\":1,\"name\":\"Portada\",\"item\":\"https:\\\/\\\/migenerali.es\\\/\"},{\"@type\":\"ListItem\",\"position\":2,\"name\":\"Pol\u00edtica de privacidad\"}]},{\"@type\":\"WebSite\",\"@id\":\"https:\\\/\\\/migenerali.es\\\/#website\",\"url\":\"https:\\\/\\\/migenerali.es\\\/\",\"name\":\"Mi Generali by Federico Kroupensky - Asesor exlusivo de Seguros\",\"description\":\"Mi Generali es el sitio donde puedes encontrar la App de Mi Generali y solicitar Seguros en Espa\u00f1a\",\"publisher\":{\"@id\":\"https:\\\/\\\/migenerali.es\\\/#organization\"},\"alternateName\":\"Asesor Eclusivo de Seguros Mi Generali\",\"potentialAction\":[{\"@type\":\"SearchAction\",\"target\":{\"@type\":\"EntryPoint\",\"urlTemplate\":\"https:\\\/\\\/migenerali.es\\\/?s={search_term_string}\"},\"query-input\":{\"@type\":\"PropertyValueSpecification\",\"valueRequired\":true,\"valueName\":\"search_term_string\"}}],\"inLanguage\":\"en-GB\"},{\"@type\":\"Organization\",\"@id\":\"https:\\\/\\\/migenerali.es\\\/#organization\",\"name\":\"Mi Generali\",\"alternateName\":\"Generali Seguros - Federico Kroupensky\",\"url\":\"https:\\\/\\\/migenerali.es\\\/\",\"logo\":{\"@type\":\"ImageObject\",\"inLanguage\":\"en-GB\",\"@id\":\"https:\\\/\\\/migenerali.es\\\/#\\\/schema\\\/logo\\\/image\\\/\",\"url\":\"https:\\\/\\\/migenerali.es\\\/wp-content\\\/uploads\\\/2025\\\/11\\\/Logo-Generali-Wikipedia.jpg\",\"contentUrl\":\"https:\\\/\\\/migenerali.es\\\/wp-content\\\/uploads\\\/2025\\\/11\\\/Logo-Generali-Wikipedia.jpg\",\"width\":500,\"height\":350,\"caption\":\"Mi Generali\"},\"image\":{\"@id\":\"https:\\\/\\\/migenerali.es\\\/#\\\/schema\\\/logo\\\/image\\\/\"},\"sameAs\":[\"https:\\\/\\\/www.facebook.com\\\/GeneraliAsesor\",\"https:\\\/\\\/x.com\\\/fkroup\",\"https:\\\/\\\/www.instagram.com\\\/fkroupasesor\\\/\",\"https:\\\/\\\/www.linkedin.com\\\/in\\\/fkroup\\\/\"]}]}<\/script>\n<!-- \/ Yoast SEO plugin. -->","yoast_head_json":{"title":"Privacy policy - Federico Kroupensky | My Generali Advisor","description":"Privacy policy - Federico Kroupensky | My Generali Advisor","robots":{"index":"noindex","follow":"follow"},"og_locale":"en_GB","og_type":"article","og_title":"Pol\u00edtica de privacidad - Federico Kroupensky | Asesor Mi Generali","og_description":"Pol\u00edtica de privacidad - Federico Kroupensky | Asesor Mi Generali","og_url":"https:\/\/migenerali.es\/en\/privacy\/","og_site_name":"Federico Kroupensky | Asesor Mi Generali","article_publisher":"https:\/\/www.facebook.com\/GeneraliAsesor","article_modified_time":"2025-11-06T14:52:11+00:00","og_image":[{"width":500,"height":350,"url":"https:\/\/migenerali.es\/wp-content\/uploads\/2025\/11\/Logo-Generali-Wikipedia.jpg","type":"image\/jpeg"}],"twitter_card":"summary_large_image","twitter_site":"@fkroup","twitter_misc":{"Estimated reading time":"1 minute"},"schema":{"@context":"https:\/\/schema.org","@graph":[{"@type":"WebPage","@id":"https:\/\/migenerali.es\/privacidad\/","url":"https:\/\/migenerali.es\/privacidad\/","name":"Privacy policy - Federico Kroupensky | My Generali Advisor","isPartOf":{"@id":"https:\/\/migenerali.es\/#website"},"datePublished":"2025-06-19T14:39:29+00:00","dateModified":"2025-11-06T14:52:11+00:00","description":"Privacy policy - Federico Kroupensky | My Generali Advisor","breadcrumb":{"@id":"https:\/\/migenerali.es\/privacidad\/#breadcrumb"},"inLanguage":"en-GB","potentialAction":[{"@type":"ReadAction","target":["https:\/\/migenerali.es\/privacidad\/"]}]},{"@type":"BreadcrumbList","@id":"https:\/\/migenerali.es\/privacidad\/#breadcrumb","itemListElement":[{"@type":"ListItem","position":1,"name":"Portada","item":"https:\/\/migenerali.es\/"},{"@type":"ListItem","position":2,"name":"Pol\u00edtica de privacidad"}]},{"@type":"WebSite","@id":"https:\/\/migenerali.es\/#website","url":"https:\/\/migenerali.es\/","name":"My Generali by Federico Kroupensky - Exclusive Insurance Advisor","description":"My Generali is the place where you can find the My Generali App and apply for insurance in Spain.","publisher":{"@id":"https:\/\/migenerali.es\/#organization"},"alternateName":"Asesor Eclusivo de Seguros Mi Generali","potentialAction":[{"@type":"SearchAction","target":{"@type":"EntryPoint","urlTemplate":"https:\/\/migenerali.es\/?s={search_term_string}"},"query-input":{"@type":"PropertyValueSpecification","valueRequired":true,"valueName":"search_term_string"}}],"inLanguage":"en-GB"},{"@type":"Organization","@id":"https:\/\/migenerali.es\/#organization","name":"My Generali","alternateName":"Generali Seguros - Federico Kroupensky","url":"https:\/\/migenerali.es\/","logo":{"@type":"ImageObject","inLanguage":"en-GB","@id":"https:\/\/migenerali.es\/#\/schema\/logo\/image\/","url":"https:\/\/migenerali.es\/wp-content\/uploads\/2025\/11\/Logo-Generali-Wikipedia.jpg","contentUrl":"https:\/\/migenerali.es\/wp-content\/uploads\/2025\/11\/Logo-Generali-Wikipedia.jpg","width":500,"height":350,"caption":"Mi Generali"},"image":{"@id":"https:\/\/migenerali.es\/#\/schema\/logo\/image\/"},"sameAs":["https:\/\/www.facebook.com\/GeneraliAsesor","https:\/\/x.com\/fkroup","https:\/\/www.instagram.com\/fkroupasesor\/","https:\/\/www.linkedin.com\/in\/fkroup\/"]}]}},"_links":{"self":[{"href":"https:\/\/migenerali.es\/en\/wp-json\/wp\/v2\/pages\/3","targetHints":{"allow":["GET"]}}],"collection":[{"href":"https:\/\/migenerali.es\/en\/wp-json\/wp\/v2\/pages"}],"about":[{"href":"https:\/\/migenerali.es\/en\/wp-json\/wp\/v2\/types\/page"}],"author":[{"embeddable":true,"href":"https:\/\/migenerali.es\/en\/wp-json\/wp\/v2\/users\/2"}],"replies":[{"embeddable":true,"href":"https:\/\/migenerali.es\/en\/wp-json\/wp\/v2\/comments?post=3"}],"version-history":[{"count":7,"href":"https:\/\/migenerali.es\/en\/wp-json\/wp\/v2\/pages\/3\/revisions"}],"predecessor-version":[{"id":665,"href":"https:\/\/migenerali.es\/en\/wp-json\/wp\/v2\/pages\/3\/revisions\/665"}],"wp:attachment":[{"href":"https:\/\/migenerali.es\/en\/wp-json\/wp\/v2\/media?parent=3"}],"curies":[{"name":"wp","href":"https:\/\/api.w.org\/{rel}","templated":true}]}}