{"id":13,"date":"2025-06-19T16:52:12","date_gmt":"2025-06-19T14:52:12","guid":{"rendered":"https:\/\/migenerali.es\/?page_id=13"},"modified":"2025-11-06T15:52:05","modified_gmt":"2025-11-06T14:52:05","slug":"legal","status":"publish","type":"page","link":"https:\/\/migenerali.es\/en\/legal\/","title":{"rendered":"Legal notice"},"content":{"rendered":"<div data-elementor-type=\"wp-page\" data-elementor-id=\"13\" class=\"elementor elementor-13\" data-elementor-post-type=\"page\">\n\t\t\t\t<div class=\"elementor-element elementor-element-f8fb7ed e-flex e-con-boxed e-con e-parent\" data-id=\"f8fb7ed\" data-element_type=\"container\" data-e-type=\"container\">\n\t\t\t\t\t<div class=\"e-con-inner\">\n\t\t\t\t<div class=\"elementor-element elementor-element-62eae23 elementor-widget elementor-widget-heading\" data-id=\"62eae23\" data-element_type=\"widget\" data-e-type=\"widget\" data-widget_type=\"heading.default\">\n\t\t\t\t<div class=\"elementor-widget-container\">\n\t\t\t\t\t<h2 class=\"elementor-heading-title elementor-size-default\">Legal Notice<\/h2>\t\t\t\t<\/div>\n\t\t\t\t<\/div>\n\t\t\t\t<div class=\"elementor-element elementor-element-c0fcc8b elementor-widget elementor-widget-text-editor\" data-id=\"c0fcc8b\" data-element_type=\"widget\" data-e-type=\"widget\" data-widget_type=\"text-editor.default\">\n\t\t\t\t<div class=\"elementor-widget-container\">\n\t\t\t\t\t\t\t\t\t<p data-start=\"149\" data-end=\"373\"><strong data-start=\"149\" data-end=\"178\">Ownership of the website<\/strong><br data-start=\"178\" data-end=\"181\" \/>In compliance with the duty of information contained in Law 34\/2002 on Information Society Services and Electronic Commerce (LSSI-CE), the following information is provided:<\/p><ul data-start=\"375\" data-end=\"642\"><li data-start=\"375\" data-end=\"411\"><p data-start=\"377\" data-end=\"411\"><strong data-start=\"377\" data-end=\"389\">Headline:<\/strong> Federico Kroupensky<\/p><\/li><li data-start=\"412\" data-end=\"486\"><p data-start=\"414\" data-end=\"486\"><strong data-start=\"414\" data-end=\"428\">Activity:<\/strong> Insurance advice and risk management consultancy<\/p><\/li><li data-start=\"487\" data-end=\"556\"><p data-start=\"489\" data-end=\"556\"><strong data-start=\"489\" data-end=\"512\">E-mail:<\/strong> <a class=\"decorated-link cursor-pointer\" rel=\"noopener\" data-start=\"513\" data-end=\"554\">federico.kroupensky@generalimediadores.es<\/a><\/p><\/li><li data-start=\"557\" data-end=\"584\"><p data-start=\"559\" data-end=\"584\"><strong data-start=\"559\" data-end=\"572\">Telephone:<\/strong> 653254695<\/p><\/li><li data-start=\"585\" data-end=\"642\"><p data-start=\"587\" data-end=\"642\"><strong data-start=\"587\" data-end=\"601\">Address:<\/strong> Av. Eusebi Sempere, 60 - 03003 Alacant<\/p><\/li><\/ul><p data-start=\"644\" data-end=\"888\"><strong data-start=\"644\" data-end=\"665\">Use of the website<\/strong><br data-start=\"665\" data-end=\"668\" \/>Access to and use of this website attributes the condition of user, which implies acceptance of these conditions. The user undertakes to use the contents in a diligent, legal and responsible manner.<\/p><p data-start=\"890\" data-end=\"1089\"><strong data-start=\"890\" data-end=\"922\">Exclusion of liability<\/strong><br data-start=\"922\" data-end=\"925\" \/>Federico Kroupensky is not responsible for any misuse of the information on the website or for the possible consequences of its application.<\/p><p data-start=\"1091\" data-end=\"1307\"><strong data-start=\"1091\" data-end=\"1116\">Intellectual property<\/strong><br data-start=\"1116\" data-end=\"1119\" \/>All texts, images, logos and contents of the site are the property of Federico Kroupensky or their legitimate authors, and may not be reproduced without express authorisation.<\/p>\t\t\t\t\t\t\t\t<\/div>\n\t\t\t\t<\/div>\n\t\t\t\t\t<\/div>\n\t\t\t\t<\/div>\n\t\t\t\t<\/div>","protected":false},"excerpt":{"rendered":"<p>Aviso Legal Titularidad del sitio webEn cumplimiento con el deber de informaci\u00f3n recogido en la Ley 34\/2002 de Servicios de la Sociedad de la Informaci\u00f3n y del Comercio Electr\u00f3nico (LSSI-CE), se informa de los siguientes datos: Titular: Federico Kroupensky Actividad: Asesor\u00eda en seguros y consultor\u00eda en gesti\u00f3n de riesgos Correo electr\u00f3nico: federico.kroupensky@generalimediadores.es Tel\u00e9fono: 653254695 Direcci\u00f3n: [&hellip;]<\/p>\n","protected":false},"author":2,"featured_media":0,"parent":0,"menu_order":51,"comment_status":"closed","ping_status":"closed","template":"","meta":{"_joinchat":[],"footnotes":""},"class_list":["post-13","page","type-page","status-publish","hentry"],"yoast_head":"<!-- This site is optimized with the Yoast SEO plugin v27.4 - https:\/\/yoast.com\/product\/yoast-seo-wordpress\/ -->\n<title>Aviso legal - Federico Kroupensky | Asesor Mi Generali<\/title>\n<meta name=\"description\" content=\"Aviso legal - Federico Kroupensky | Asesor Mi Generali\" \/>\n<meta name=\"robots\" content=\"noindex, follow\" \/>\n<meta property=\"og:locale\" content=\"en_GB\" \/>\n<meta property=\"og:type\" content=\"article\" \/>\n<meta property=\"og:title\" content=\"Aviso legal - Federico Kroupensky | Asesor Mi Generali\" \/>\n<meta property=\"og:description\" content=\"Aviso legal - Federico Kroupensky | Asesor Mi Generali\" \/>\n<meta property=\"og:url\" content=\"https:\/\/migenerali.es\/en\/legal\/\" \/>\n<meta property=\"og:site_name\" content=\"Federico Kroupensky | Asesor Mi Generali\" \/>\n<meta property=\"article:publisher\" content=\"https:\/\/www.facebook.com\/GeneraliAsesor\" \/>\n<meta property=\"article:modified_time\" content=\"2025-11-06T14:52:05+00:00\" \/>\n<meta property=\"og:image\" content=\"https:\/\/migenerali.es\/wp-content\/uploads\/2025\/11\/Logo-Generali-Wikipedia.jpg\" \/>\n\t<meta property=\"og:image:width\" content=\"500\" \/>\n\t<meta property=\"og:image:height\" content=\"350\" \/>\n\t<meta property=\"og:image:type\" content=\"image\/jpeg\" \/>\n<meta name=\"twitter:card\" content=\"summary_large_image\" \/>\n<meta name=\"twitter:site\" content=\"@fkroup\" \/>\n<meta name=\"twitter:label1\" content=\"Estimated reading time\" \/>\n\t<meta name=\"twitter:data1\" content=\"1 minute\" \/>\n<script type=\"application\/ld+json\" class=\"yoast-schema-graph\">{\"@context\":\"https:\\\/\\\/schema.org\",\"@graph\":[{\"@type\":\"WebPage\",\"@id\":\"https:\\\/\\\/migenerali.es\\\/legal\\\/\",\"url\":\"https:\\\/\\\/migenerali.es\\\/legal\\\/\",\"name\":\"Aviso legal - Federico Kroupensky | Asesor Mi Generali\",\"isPartOf\":{\"@id\":\"https:\\\/\\\/migenerali.es\\\/#website\"},\"datePublished\":\"2025-06-19T14:52:12+00:00\",\"dateModified\":\"2025-11-06T14:52:05+00:00\",\"description\":\"Aviso legal - Federico Kroupensky | Asesor Mi Generali\",\"breadcrumb\":{\"@id\":\"https:\\\/\\\/migenerali.es\\\/legal\\\/#breadcrumb\"},\"inLanguage\":\"en-GB\",\"potentialAction\":[{\"@type\":\"ReadAction\",\"target\":[\"https:\\\/\\\/migenerali.es\\\/legal\\\/\"]}]},{\"@type\":\"BreadcrumbList\",\"@id\":\"https:\\\/\\\/migenerali.es\\\/legal\\\/#breadcrumb\",\"itemListElement\":[{\"@type\":\"ListItem\",\"position\":1,\"name\":\"Portada\",\"item\":\"https:\\\/\\\/migenerali.es\\\/\"},{\"@type\":\"ListItem\",\"position\":2,\"name\":\"Aviso legal\"}]},{\"@type\":\"WebSite\",\"@id\":\"https:\\\/\\\/migenerali.es\\\/#website\",\"url\":\"https:\\\/\\\/migenerali.es\\\/\",\"name\":\"Mi Generali by Federico Kroupensky - Asesor exlusivo de Seguros\",\"description\":\"Mi Generali es el sitio donde puedes encontrar la App de Mi Generali y solicitar Seguros en Espa\u00f1a\",\"publisher\":{\"@id\":\"https:\\\/\\\/migenerali.es\\\/#organization\"},\"alternateName\":\"Asesor Eclusivo de Seguros Mi Generali\",\"potentialAction\":[{\"@type\":\"SearchAction\",\"target\":{\"@type\":\"EntryPoint\",\"urlTemplate\":\"https:\\\/\\\/migenerali.es\\\/?s={search_term_string}\"},\"query-input\":{\"@type\":\"PropertyValueSpecification\",\"valueRequired\":true,\"valueName\":\"search_term_string\"}}],\"inLanguage\":\"en-GB\"},{\"@type\":\"Organization\",\"@id\":\"https:\\\/\\\/migenerali.es\\\/#organization\",\"name\":\"Mi Generali\",\"alternateName\":\"Generali Seguros - Federico Kroupensky\",\"url\":\"https:\\\/\\\/migenerali.es\\\/\",\"logo\":{\"@type\":\"ImageObject\",\"inLanguage\":\"en-GB\",\"@id\":\"https:\\\/\\\/migenerali.es\\\/#\\\/schema\\\/logo\\\/image\\\/\",\"url\":\"https:\\\/\\\/migenerali.es\\\/wp-content\\\/uploads\\\/2025\\\/11\\\/Logo-Generali-Wikipedia.jpg\",\"contentUrl\":\"https:\\\/\\\/migenerali.es\\\/wp-content\\\/uploads\\\/2025\\\/11\\\/Logo-Generali-Wikipedia.jpg\",\"width\":500,\"height\":350,\"caption\":\"Mi Generali\"},\"image\":{\"@id\":\"https:\\\/\\\/migenerali.es\\\/#\\\/schema\\\/logo\\\/image\\\/\"},\"sameAs\":[\"https:\\\/\\\/www.facebook.com\\\/GeneraliAsesor\",\"https:\\\/\\\/x.com\\\/fkroup\",\"https:\\\/\\\/www.instagram.com\\\/fkroupasesor\\\/\",\"https:\\\/\\\/www.linkedin.com\\\/in\\\/fkroup\\\/\"]}]}<\/script>\n<!-- \/ Yoast SEO plugin. -->","yoast_head_json":{"title":"Legal notice - Federico Kroupensky | My Generali Advisor","description":"Legal notice - Federico Kroupensky | My Generali Advisor","robots":{"index":"noindex","follow":"follow"},"og_locale":"en_GB","og_type":"article","og_title":"Aviso legal - Federico Kroupensky | Asesor Mi Generali","og_description":"Aviso legal - Federico Kroupensky | Asesor Mi Generali","og_url":"https:\/\/migenerali.es\/en\/legal\/","og_site_name":"Federico Kroupensky | Asesor Mi Generali","article_publisher":"https:\/\/www.facebook.com\/GeneraliAsesor","article_modified_time":"2025-11-06T14:52:05+00:00","og_image":[{"width":500,"height":350,"url":"https:\/\/migenerali.es\/wp-content\/uploads\/2025\/11\/Logo-Generali-Wikipedia.jpg","type":"image\/jpeg"}],"twitter_card":"summary_large_image","twitter_site":"@fkroup","twitter_misc":{"Estimated reading time":"1 minute"},"schema":{"@context":"https:\/\/schema.org","@graph":[{"@type":"WebPage","@id":"https:\/\/migenerali.es\/legal\/","url":"https:\/\/migenerali.es\/legal\/","name":"Legal notice - Federico Kroupensky | My Generali Advisor","isPartOf":{"@id":"https:\/\/migenerali.es\/#website"},"datePublished":"2025-06-19T14:52:12+00:00","dateModified":"2025-11-06T14:52:05+00:00","description":"Legal notice - Federico Kroupensky | My Generali Advisor","breadcrumb":{"@id":"https:\/\/migenerali.es\/legal\/#breadcrumb"},"inLanguage":"en-GB","potentialAction":[{"@type":"ReadAction","target":["https:\/\/migenerali.es\/legal\/"]}]},{"@type":"BreadcrumbList","@id":"https:\/\/migenerali.es\/legal\/#breadcrumb","itemListElement":[{"@type":"ListItem","position":1,"name":"Portada","item":"https:\/\/migenerali.es\/"},{"@type":"ListItem","position":2,"name":"Aviso legal"}]},{"@type":"WebSite","@id":"https:\/\/migenerali.es\/#website","url":"https:\/\/migenerali.es\/","name":"My Generali by Federico Kroupensky - Exclusive Insurance Advisor","description":"My Generali is the place where you can find the My Generali App and apply for insurance in Spain.","publisher":{"@id":"https:\/\/migenerali.es\/#organization"},"alternateName":"Asesor Eclusivo de Seguros Mi Generali","potentialAction":[{"@type":"SearchAction","target":{"@type":"EntryPoint","urlTemplate":"https:\/\/migenerali.es\/?s={search_term_string}"},"query-input":{"@type":"PropertyValueSpecification","valueRequired":true,"valueName":"search_term_string"}}],"inLanguage":"en-GB"},{"@type":"Organization","@id":"https:\/\/migenerali.es\/#organization","name":"My Generali","alternateName":"Generali Seguros - Federico Kroupensky","url":"https:\/\/migenerali.es\/","logo":{"@type":"ImageObject","inLanguage":"en-GB","@id":"https:\/\/migenerali.es\/#\/schema\/logo\/image\/","url":"https:\/\/migenerali.es\/wp-content\/uploads\/2025\/11\/Logo-Generali-Wikipedia.jpg","contentUrl":"https:\/\/migenerali.es\/wp-content\/uploads\/2025\/11\/Logo-Generali-Wikipedia.jpg","width":500,"height":350,"caption":"Mi Generali"},"image":{"@id":"https:\/\/migenerali.es\/#\/schema\/logo\/image\/"},"sameAs":["https:\/\/www.facebook.com\/GeneraliAsesor","https:\/\/x.com\/fkroup","https:\/\/www.instagram.com\/fkroupasesor\/","https:\/\/www.linkedin.com\/in\/fkroup\/"]}]}},"_links":{"self":[{"href":"https:\/\/migenerali.es\/en\/wp-json\/wp\/v2\/pages\/13","targetHints":{"allow":["GET"]}}],"collection":[{"href":"https:\/\/migenerali.es\/en\/wp-json\/wp\/v2\/pages"}],"about":[{"href":"https:\/\/migenerali.es\/en\/wp-json\/wp\/v2\/types\/page"}],"author":[{"embeddable":true,"href":"https:\/\/migenerali.es\/en\/wp-json\/wp\/v2\/users\/2"}],"replies":[{"embeddable":true,"href":"https:\/\/migenerali.es\/en\/wp-json\/wp\/v2\/comments?post=13"}],"version-history":[{"count":8,"href":"https:\/\/migenerali.es\/en\/wp-json\/wp\/v2\/pages\/13\/revisions"}],"predecessor-version":[{"id":679,"href":"https:\/\/migenerali.es\/en\/wp-json\/wp\/v2\/pages\/13\/revisions\/679"}],"wp:attachment":[{"href":"https:\/\/migenerali.es\/en\/wp-json\/wp\/v2\/media?parent=13"}],"curies":[{"name":"wp","href":"https:\/\/api.w.org\/{rel}","templated":true}]}}