{"id":1147,"date":"2025-10-03T00:01:06","date_gmt":"2025-10-02T22:01:06","guid":{"rendered":"https:\/\/migenerali.es\/?page_id=1147"},"modified":"2025-12-28T14:19:24","modified_gmt":"2025-12-28T13:19:24","slug":"life-savings-and-protection","status":"publish","type":"page","link":"https:\/\/migenerali.es\/en\/insurance\/insurance-for-individuals\/life-savings-and-protection\/","title":{"rendered":"Life and protection"},"content":{"rendered":"<div data-elementor-type=\"wp-page\" data-elementor-id=\"1147\" class=\"elementor elementor-1147\" data-elementor-post-type=\"page\">\n\t\t\t\t<div class=\"elementor-element elementor-element-60815ae2 e-flex e-con-boxed e-con e-parent\" data-id=\"60815ae2\" data-element_type=\"container\" data-e-type=\"container\">\n\t\t\t\t\t<div class=\"e-con-inner\">\n\t\t\t\t<div class=\"elementor-element elementor-element-23e54da4 elementor-widget__width-initial elementor-widget-tablet__width-inherit elementor-widget elementor-widget-image\" data-id=\"23e54da4\" data-element_type=\"widget\" data-e-type=\"widget\" data-widget_type=\"image.default\">\n\t\t\t\t<div class=\"elementor-widget-container\">\n\t\t\t\t\t\t\t\t\t\t\t\t\t\t\t<img fetchpriority=\"high\" decoding=\"async\" width=\"1667\" height=\"1667\" src=\"https:\/\/migenerali.es\/wp-content\/uploads\/2025\/11\/seguro7.png\" class=\"attachment-full size-full wp-image-1434\" alt=\"\" srcset=\"https:\/\/migenerali.es\/wp-content\/uploads\/2025\/11\/seguro7.png 1667w, https:\/\/migenerali.es\/wp-content\/uploads\/2025\/11\/seguro7-300x300.png 300w, https:\/\/migenerali.es\/wp-content\/uploads\/2025\/11\/seguro7-1024x1024.png 1024w, https:\/\/migenerali.es\/wp-content\/uploads\/2025\/11\/seguro7-150x150.png 150w, https:\/\/migenerali.es\/wp-content\/uploads\/2025\/11\/seguro7-768x768.png 768w, https:\/\/migenerali.es\/wp-content\/uploads\/2025\/11\/seguro7-1536x1536.png 1536w\" sizes=\"(max-width: 1667px) 100vw, 1667px\" \/>\t\t\t\t\t\t\t\t\t\t\t\t\t\t\t<\/div>\n\t\t\t\t<\/div>\n\t\t<div class=\"elementor-element elementor-element-197e4717 e-con-full e-flex e-con e-child\" data-id=\"197e4717\" data-element_type=\"container\" data-e-type=\"container\">\n\t\t\t\t<div class=\"elementor-element elementor-element-49ab7f26 elementor-widget elementor-widget-heading\" data-id=\"49ab7f26\" data-element_type=\"widget\" data-e-type=\"widget\" data-widget_type=\"heading.default\">\n\t\t\t\t<div class=\"elementor-widget-container\">\n\t\t\t\t\t<h1 class=\"elementor-heading-title elementor-size-default\">Life and protection<\/h1>\t\t\t\t<\/div>\n\t\t\t\t<\/div>\n\t\t\t\t<div class=\"elementor-element elementor-element-d305a40 elementor-widget elementor-widget-heading\" data-id=\"d305a40\" data-element_type=\"widget\" data-e-type=\"widget\" data-widget_type=\"heading.default\">\n\t\t\t\t<div class=\"elementor-widget-container\">\n\t\t\t\t\t<h2 class=\"elementor-heading-title elementor-size-default\">Protection designed for every stage of your life.<\/h2>\t\t\t\t<\/div>\n\t\t\t\t<\/div>\n\t\t\t\t<div class=\"elementor-element elementor-element-2a43fd26 elementor-widget elementor-widget-text-editor\" data-id=\"2a43fd26\" data-element_type=\"widget\" data-e-type=\"widget\" data-widget_type=\"text-editor.default\">\n\t\t\t\t<div class=\"elementor-widget-container\">\n\t\t\t\t\t\t\t\t\t<p>General description of the product type<\/p>\t\t\t\t\t\t\t\t<\/div>\n\t\t\t\t<\/div>\n\t\t<div class=\"elementor-element elementor-element-366b57aa e-con-full e-grid e-con e-child\" data-id=\"366b57aa\" data-element_type=\"container\" data-e-type=\"container\">\n\t\t<div class=\"elementor-element elementor-element-172535b2 e-con-full e-flex e-con e-child\" data-id=\"172535b2\" data-element_type=\"container\" data-e-type=\"container\" data-settings=\"{&quot;background_background&quot;:&quot;classic&quot;}\">\n\t\t\t\t<div class=\"elementor-element elementor-element-429dfe74 elementor-widget-mobile__width-initial elementor-widget elementor-widget-heading\" data-id=\"429dfe74\" data-element_type=\"widget\" data-e-type=\"widget\" data-widget_type=\"heading.default\">\n\t\t\t\t<div class=\"elementor-widget-container\">\n\t\t\t\t\t<h5 class=\"elementor-heading-title elementor-size-default\">Customised Insurance Solutions<\/h5>\t\t\t\t<\/div>\n\t\t\t\t<\/div>\n\t\t\t\t<div class=\"elementor-element elementor-element-209bc2b8 elementor-widget elementor-widget-text-editor\" data-id=\"209bc2b8\" data-element_type=\"widget\" data-e-type=\"widget\" data-widget_type=\"text-editor.default\">\n\t\t\t\t<div class=\"elementor-widget-container\">\n\t\t\t\t\t\t\t\t\t<p>Every person and every situation is different. Health Insurance for Expatriates in Spain<\/p>\t\t\t\t\t\t\t\t<\/div>\n\t\t\t\t<\/div>\n\t\t\t\t<\/div>\n\t\t<div class=\"elementor-element elementor-element-2cdf7aa1 e-con-full e-flex e-con e-child\" data-id=\"2cdf7aa1\" data-element_type=\"container\" data-e-type=\"container\" data-settings=\"{&quot;background_background&quot;:&quot;classic&quot;}\">\n\t\t\t\t<div class=\"elementor-element elementor-element-479c81c5 elementor-widget-mobile__width-initial elementor-widget elementor-widget-heading\" data-id=\"479c81c5\" data-element_type=\"widget\" data-e-type=\"widget\" data-widget_type=\"heading.default\">\n\t\t\t\t<div class=\"elementor-widget-container\">\n\t\t\t\t\t<h5 class=\"elementor-heading-title elementor-size-default\">Transparent and Reliable Service<\/h5>\t\t\t\t<\/div>\n\t\t\t\t<\/div>\n\t\t\t\t<div class=\"elementor-element elementor-element-27fbfdd4 elementor-widget elementor-widget-text-editor\" data-id=\"27fbfdd4\" data-element_type=\"widget\" data-e-type=\"widget\" data-widget_type=\"text-editor.default\">\n\t\t\t\t<div class=\"elementor-widget-container\">\n\t\t\t\t\t\t\t\t\t<p>You will always have clarity at every step, no co-pays valid for VISA.<\/p>\t\t\t\t\t\t\t\t<\/div>\n\t\t\t\t<\/div>\n\t\t\t\t<\/div>\n\t\t\t\t<\/div>\n\t\t\t\t<\/div>\n\t\t\t\t\t<\/div>\n\t\t\t\t<\/div>\n\t\t<div class=\"elementor-element elementor-element-281ae714 e-flex e-con-boxed e-con e-parent\" data-id=\"281ae714\" data-element_type=\"container\" data-e-type=\"container\" data-settings=\"{&quot;background_background&quot;:&quot;classic&quot;}\">\n\t\t\t\t\t<div class=\"e-con-inner\">\n\t\t<div class=\"elementor-element elementor-element-5b1f3c5b e-con-full e-grid e-con e-child\" data-id=\"5b1f3c5b\" data-element_type=\"container\" data-e-type=\"container\">\n\t\t<div class=\"elementor-element elementor-element-33239b3 e-con-full e-flex e-con e-child\" data-id=\"33239b3\" data-element_type=\"container\" data-e-type=\"container\" data-settings=\"{&quot;background_background&quot;:&quot;gradient&quot;}\">\n\t\t\t\t<div class=\"elementor-element elementor-element-a4d7f96 elementor-position-top elementor-widget elementor-widget-image-box\" data-id=\"a4d7f96\" data-element_type=\"widget\" data-e-type=\"widget\" data-widget_type=\"image-box.default\">\n\t\t\t\t<div class=\"elementor-widget-container\">\n\t\t\t\t\t<div class=\"elementor-image-box-wrapper\"><figure class=\"elementor-image-box-img\"><a href=\"https:\/\/migenerali.es\/en\/insurance\/insurance-for-individuals\/vida-ahorro-e-inversion\/seguros-de-vida-ahorro-y-e-inversion-interactivo\/\" tabindex=\"-1\"><img decoding=\"async\" width=\"800\" height=\"600\" src=\"https:\/\/migenerali.es\/wp-content\/uploads\/2025\/11\/pension2.jpg\" class=\"attachment-full size-full wp-image-1514\" alt=\"\" srcset=\"https:\/\/migenerali.es\/wp-content\/uploads\/2025\/11\/pension2.jpg 800w, https:\/\/migenerali.es\/wp-content\/uploads\/2025\/11\/pension2-300x225.jpg 300w, https:\/\/migenerali.es\/wp-content\/uploads\/2025\/11\/pension2-768x576.jpg 768w\" sizes=\"(max-width: 800px) 100vw, 800px\" \/><\/a><\/figure><div class=\"elementor-image-box-content\"><div class=\"elementor-image-box-title\"><a href=\"https:\/\/migenerali.es\/en\/insurance\/insurance-for-individuals\/vida-ahorro-e-inversion\/seguros-de-vida-ahorro-y-e-inversion-interactivo\/\">Risk Life<\/a><\/div><p class=\"elementor-image-box-description\">\n<\/p><\/div><\/div>\t\t\t\t<\/div>\n\t\t\t\t<\/div>\n\t\t\t\t<div class=\"elementor-element elementor-element-2202836 elementor-widget elementor-widget-button\" data-id=\"2202836\" data-element_type=\"widget\" data-e-type=\"widget\" data-widget_type=\"button.default\">\n\t\t\t\t<div class=\"elementor-widget-container\">\n\t\t\t\t\t\t\t\t\t<div class=\"elementor-button-wrapper\">\n\t\t\t\t\t<a class=\"elementor-button elementor-button-link elementor-size-sm\" href=\"https:\/\/migenerali.es\/en\/insurance\/insurance-for-individuals\/vida-ahorro-e-inversion\/seguros-de-vida-ahorro-y-e-inversion-interactivo\/\">\n\t\t\t\t\t\t<span class=\"elementor-button-content-wrapper\">\n\t\t\t\t\t\t\t\t\t<span class=\"elementor-button-text\">Find out more<\/span>\n\t\t\t\t\t<\/span>\n\t\t\t\t\t<\/a>\n\t\t\t\t<\/div>\n\t\t\t\t\t\t\t\t<\/div>\n\t\t\t\t<\/div>\n\t\t\t\t<\/div>\n\t\t<div class=\"elementor-element elementor-element-d401666 e-con-full e-flex e-con e-child\" data-id=\"d401666\" data-element_type=\"container\" data-e-type=\"container\" data-settings=\"{&quot;background_background&quot;:&quot;gradient&quot;}\">\n\t\t\t\t<div class=\"elementor-element elementor-element-897537b elementor-position-top elementor-widget elementor-widget-image-box\" data-id=\"897537b\" data-element_type=\"widget\" data-e-type=\"widget\" data-widget_type=\"image-box.default\">\n\t\t\t\t<div class=\"elementor-widget-container\">\n\t\t\t\t\t<div class=\"elementor-image-box-wrapper\"><figure class=\"elementor-image-box-img\"><a href=\"https:\/\/migenerali.es\/en\/insurance\/insurance-for-individuals\/vida-ahorro-e-inversion\/seguros-de-vida-ahorro-y-e-inversion-interactivo\/\" tabindex=\"-1\"><img decoding=\"async\" width=\"800\" height=\"600\" src=\"https:\/\/migenerali.es\/wp-content\/uploads\/2025\/11\/seguro-deceso.jpg\" class=\"attachment-full size-full wp-image-1493\" alt=\"\" srcset=\"https:\/\/migenerali.es\/wp-content\/uploads\/2025\/11\/seguro-deceso.jpg 800w, https:\/\/migenerali.es\/wp-content\/uploads\/2025\/11\/seguro-deceso-300x225.jpg 300w, https:\/\/migenerali.es\/wp-content\/uploads\/2025\/11\/seguro-deceso-768x576.jpg 768w\" sizes=\"(max-width: 800px) 100vw, 800px\" \/><\/a><\/figure><div class=\"elementor-image-box-content\"><div class=\"elementor-image-box-title\"><a href=\"https:\/\/migenerali.es\/en\/insurance\/insurance-for-individuals\/vida-ahorro-e-inversion\/seguros-de-vida-ahorro-y-e-inversion-interactivo\/\">Deaths<\/a><\/div><p class=\"elementor-image-box-description\">\n<\/p><\/div><\/div>\t\t\t\t<\/div>\n\t\t\t\t<\/div>\n\t\t\t\t<div class=\"elementor-element elementor-element-97ae999 elementor-widget elementor-widget-button\" data-id=\"97ae999\" data-element_type=\"widget\" data-e-type=\"widget\" data-widget_type=\"button.default\">\n\t\t\t\t<div class=\"elementor-widget-container\">\n\t\t\t\t\t\t\t\t\t<div class=\"elementor-button-wrapper\">\n\t\t\t\t\t<a class=\"elementor-button elementor-button-link elementor-size-sm\" href=\"https:\/\/migenerali.es\/en\/generali-family-and-senior-protection-your-life-and-wellbeing-insurance\/\">\n\t\t\t\t\t\t<span class=\"elementor-button-content-wrapper\">\n\t\t\t\t\t\t\t\t\t<span class=\"elementor-button-text\">Request a Quote<\/span>\n\t\t\t\t\t<\/span>\n\t\t\t\t\t<\/a>\n\t\t\t\t<\/div>\n\t\t\t\t\t\t\t\t<\/div>\n\t\t\t\t<\/div>\n\t\t\t\t<\/div>\n\t\t<div class=\"elementor-element elementor-element-4d0936d e-con-full e-flex e-con e-child\" data-id=\"4d0936d\" data-element_type=\"container\" data-e-type=\"container\" data-settings=\"{&quot;background_background&quot;:&quot;gradient&quot;}\">\n\t\t\t\t<div class=\"elementor-element elementor-element-6bb0ff1 elementor-position-top elementor-widget elementor-widget-image-box\" data-id=\"6bb0ff1\" data-element_type=\"widget\" data-e-type=\"widget\" data-widget_type=\"image-box.default\">\n\t\t\t\t<div class=\"elementor-widget-container\">\n\t\t\t\t\t<div class=\"elementor-image-box-wrapper\"><figure class=\"elementor-image-box-img\"><a href=\"https:\/\/migenerali.es\/en\/insurance\/insurance-for-individuals\/vida-ahorro-e-inversion\/seguros-de-vida-ahorro-y-e-inversion-interactivo\/\" tabindex=\"-1\"><img loading=\"lazy\" decoding=\"async\" width=\"800\" height=\"600\" src=\"https:\/\/migenerali.es\/wp-content\/uploads\/2025\/11\/seguro-accidente1.jpg\" class=\"attachment-full size-full wp-image-1492\" alt=\"\" srcset=\"https:\/\/migenerali.es\/wp-content\/uploads\/2025\/11\/seguro-accidente1.jpg 800w, https:\/\/migenerali.es\/wp-content\/uploads\/2025\/11\/seguro-accidente1-300x225.jpg 300w, https:\/\/migenerali.es\/wp-content\/uploads\/2025\/11\/seguro-accidente1-768x576.jpg 768w\" sizes=\"(max-width: 800px) 100vw, 800px\" \/><\/a><\/figure><div class=\"elementor-image-box-content\"><div class=\"elementor-image-box-title\"><a href=\"https:\/\/migenerali.es\/en\/insurance\/insurance-for-individuals\/vida-ahorro-e-inversion\/seguros-de-vida-ahorro-y-e-inversion-interactivo\/\">Personal accidents<\/a><\/div><p class=\"elementor-image-box-description\">\n<\/p><\/div><\/div>\t\t\t\t<\/div>\n\t\t\t\t<\/div>\n\t\t\t\t<div class=\"elementor-element elementor-element-53c10ae elementor-widget elementor-widget-button\" data-id=\"53c10ae\" data-element_type=\"widget\" data-e-type=\"widget\" data-widget_type=\"button.default\">\n\t\t\t\t<div class=\"elementor-widget-container\">\n\t\t\t\t\t\t\t\t\t<div class=\"elementor-button-wrapper\">\n\t\t\t\t\t<a class=\"elementor-button elementor-button-link elementor-size-sm\" href=\"https:\/\/migenerali.es\/en\/insurance\/insurance-for-individuals\/vida-ahorro-e-inversion\/seguros-de-vida-ahorro-y-e-inversion-interactivo\/\" target=\"_blank\">\n\t\t\t\t\t\t<span class=\"elementor-button-content-wrapper\">\n\t\t\t\t\t\t\t\t\t<span class=\"elementor-button-text\">Find out more<\/span>\n\t\t\t\t\t<\/span>\n\t\t\t\t\t<\/a>\n\t\t\t\t<\/div>\n\t\t\t\t\t\t\t\t<\/div>\n\t\t\t\t<\/div>\n\t\t\t\t<\/div>\n\t\t\t\t<\/div>\n\t\t<div class=\"elementor-element elementor-element-55b345fd e-con-full e-flex e-con e-child\" data-id=\"55b345fd\" data-element_type=\"container\" data-e-type=\"container\">\n\t\t\t\t<div class=\"elementor-element elementor-element-15bb86e8 elementor-align-center elementor-widget elementor-widget-button\" data-id=\"15bb86e8\" data-element_type=\"widget\" data-e-type=\"widget\" data-widget_type=\"button.default\">\n\t\t\t\t<div class=\"elementor-widget-container\">\n\t\t\t\t\t\t\t\t\t<div class=\"elementor-button-wrapper\">\n\t\t\t\t\t<a class=\"elementor-button elementor-button-link elementor-size-sm\" href=\"#apps\">\n\t\t\t\t\t\t<span class=\"elementor-button-content-wrapper\">\n\t\t\t\t\t\t\t\t\t<span class=\"elementor-button-text\">Download the My Generali app<\/span>\n\t\t\t\t\t<\/span>\n\t\t\t\t\t<\/a>\n\t\t\t\t<\/div>\n\t\t\t\t\t\t\t\t<\/div>\n\t\t\t\t<\/div>\n\t\t\t\t<\/div>\n\t\t\t\t\t<\/div>\n\t\t\t\t<\/div>\n\t\t\t\t<\/div>","protected":false},"excerpt":{"rendered":"<p>Protecci\u00f3n dise\u00f1ada para cada etapa de tu vida. Descripci\u00f3n general del tipo de producto Soluciones de Seguros Personalizadas Cada persona y cada situaci\u00f3n es distinta. Por eso adapto la cobertura a tus necesidades reales. Servicio Transparente y de Confianza Siempre tendr\u00e1s claridad en cada paso, sin letras peque\u00f1as y con el respaldo de una atenci\u00f3n [&hellip;]<\/p>\n","protected":false},"author":2,"featured_media":1512,"parent":435,"menu_order":5,"comment_status":"closed","ping_status":"closed","template":"","meta":{"_joinchat":[],"footnotes":""},"class_list":["post-1147","page","type-page","status-publish","has-post-thumbnail","hentry"],"yoast_head":"<!-- This site is optimized with the Yoast SEO plugin v27.4 - https:\/\/yoast.com\/product\/yoast-seo-wordpress\/ -->\n<title>Vida y protecci\u00f3n - Federico Kroupensky | Asesor Mi Generali<\/title>\n<meta name=\"description\" content=\"Vida y protecci\u00f3n - Federico Kroupensky | Asesor Mi Generali\" \/>\n<meta name=\"robots\" content=\"index, follow, max-snippet:-1, max-image-preview:large, max-video-preview:-1\" \/>\n<link rel=\"canonical\" href=\"https:\/\/migenerali.es\/en\/insurance\/insurance-for-individuals\/life-savings-and-protection\/\" \/>\n<meta property=\"og:locale\" content=\"en_GB\" \/>\n<meta property=\"og:type\" content=\"article\" \/>\n<meta property=\"og:title\" content=\"Vida y protecci\u00f3n - Federico Kroupensky | Asesor Mi Generali\" \/>\n<meta property=\"og:description\" content=\"Vida y protecci\u00f3n - Federico Kroupensky | Asesor Mi Generali\" \/>\n<meta property=\"og:url\" content=\"https:\/\/migenerali.es\/en\/insurance\/insurance-for-individuals\/life-savings-and-protection\/\" \/>\n<meta property=\"og:site_name\" content=\"Federico Kroupensky | Asesor Mi Generali\" \/>\n<meta property=\"article:publisher\" content=\"https:\/\/www.facebook.com\/GeneraliAsesor\" \/>\n<meta property=\"article:modified_time\" content=\"2025-12-28T13:19:24+00:00\" \/>\n<meta property=\"og:image\" content=\"https:\/\/migenerali.es\/wp-content\/uploads\/2025\/11\/pension4.jpg\" \/>\n\t<meta property=\"og:image:width\" content=\"800\" \/>\n\t<meta property=\"og:image:height\" content=\"600\" \/>\n\t<meta property=\"og:image:type\" content=\"image\/jpeg\" \/>\n<meta name=\"twitter:card\" content=\"summary_large_image\" \/>\n<meta name=\"twitter:site\" content=\"@fkroup\" \/>\n<meta name=\"twitter:label1\" content=\"Estimated reading time\" \/>\n\t<meta name=\"twitter:data1\" content=\"2 minutes\" \/>\n<script type=\"application\/ld+json\" class=\"yoast-schema-graph\">{\"@context\":\"https:\\\/\\\/schema.org\",\"@graph\":[{\"@type\":\"WebPage\",\"@id\":\"https:\\\/\\\/migenerali.es\\\/seguros\\\/seguros-para-particulares\\\/vida-ahorro-e-proteccion\\\/\",\"url\":\"https:\\\/\\\/migenerali.es\\\/seguros\\\/seguros-para-particulares\\\/vida-ahorro-e-proteccion\\\/\",\"name\":\"Vida y protecci\u00f3n - Federico Kroupensky | Asesor Mi Generali\",\"isPartOf\":{\"@id\":\"https:\\\/\\\/migenerali.es\\\/#website\"},\"primaryImageOfPage\":{\"@id\":\"https:\\\/\\\/migenerali.es\\\/seguros\\\/seguros-para-particulares\\\/vida-ahorro-e-proteccion\\\/#primaryimage\"},\"image\":{\"@id\":\"https:\\\/\\\/migenerali.es\\\/seguros\\\/seguros-para-particulares\\\/vida-ahorro-e-proteccion\\\/#primaryimage\"},\"thumbnailUrl\":\"https:\\\/\\\/migenerali.es\\\/wp-content\\\/uploads\\\/2025\\\/11\\\/pension4.jpg\",\"datePublished\":\"2025-10-02T22:01:06+00:00\",\"dateModified\":\"2025-12-28T13:19:24+00:00\",\"description\":\"Vida y protecci\u00f3n - Federico Kroupensky | Asesor Mi Generali\",\"breadcrumb\":{\"@id\":\"https:\\\/\\\/migenerali.es\\\/seguros\\\/seguros-para-particulares\\\/vida-ahorro-e-proteccion\\\/#breadcrumb\"},\"inLanguage\":\"en-GB\",\"potentialAction\":[{\"@type\":\"ReadAction\",\"target\":[\"https:\\\/\\\/migenerali.es\\\/seguros\\\/seguros-para-particulares\\\/vida-ahorro-e-proteccion\\\/\"]}]},{\"@type\":\"ImageObject\",\"inLanguage\":\"en-GB\",\"@id\":\"https:\\\/\\\/migenerali.es\\\/seguros\\\/seguros-para-particulares\\\/vida-ahorro-e-proteccion\\\/#primaryimage\",\"url\":\"https:\\\/\\\/migenerali.es\\\/wp-content\\\/uploads\\\/2025\\\/11\\\/pension4.jpg\",\"contentUrl\":\"https:\\\/\\\/migenerali.es\\\/wp-content\\\/uploads\\\/2025\\\/11\\\/pension4.jpg\",\"width\":800,\"height\":600},{\"@type\":\"BreadcrumbList\",\"@id\":\"https:\\\/\\\/migenerali.es\\\/seguros\\\/seguros-para-particulares\\\/vida-ahorro-e-proteccion\\\/#breadcrumb\",\"itemListElement\":[{\"@type\":\"ListItem\",\"position\":1,\"name\":\"Portada\",\"item\":\"https:\\\/\\\/migenerali.es\\\/\"},{\"@type\":\"ListItem\",\"position\":2,\"name\":\"Seguros\",\"item\":\"https:\\\/\\\/migenerali.es\\\/seguros\\\/\"},{\"@type\":\"ListItem\",\"position\":3,\"name\":\"Seguros para particulares Generali\",\"item\":\"https:\\\/\\\/migenerali.es\\\/seguros\\\/seguros-para-particulares\\\/\"},{\"@type\":\"ListItem\",\"position\":4,\"name\":\"Vida y protecci\u00f3n\"}]},{\"@type\":\"WebSite\",\"@id\":\"https:\\\/\\\/migenerali.es\\\/#website\",\"url\":\"https:\\\/\\\/migenerali.es\\\/\",\"name\":\"Mi Generali by Federico Kroupensky - Asesor exlusivo de Seguros\",\"description\":\"Mi Generali es el sitio donde puedes encontrar la App de Mi Generali y solicitar Seguros en Espa\u00f1a\",\"publisher\":{\"@id\":\"https:\\\/\\\/migenerali.es\\\/#organization\"},\"alternateName\":\"Asesor Eclusivo de Seguros Mi Generali\",\"potentialAction\":[{\"@type\":\"SearchAction\",\"target\":{\"@type\":\"EntryPoint\",\"urlTemplate\":\"https:\\\/\\\/migenerali.es\\\/?s={search_term_string}\"},\"query-input\":{\"@type\":\"PropertyValueSpecification\",\"valueRequired\":true,\"valueName\":\"search_term_string\"}}],\"inLanguage\":\"en-GB\"},{\"@type\":\"Organization\",\"@id\":\"https:\\\/\\\/migenerali.es\\\/#organization\",\"name\":\"Mi Generali\",\"alternateName\":\"Generali Seguros - Federico Kroupensky\",\"url\":\"https:\\\/\\\/migenerali.es\\\/\",\"logo\":{\"@type\":\"ImageObject\",\"inLanguage\":\"en-GB\",\"@id\":\"https:\\\/\\\/migenerali.es\\\/#\\\/schema\\\/logo\\\/image\\\/\",\"url\":\"https:\\\/\\\/migenerali.es\\\/wp-content\\\/uploads\\\/2025\\\/11\\\/Logo-Generali-Wikipedia.jpg\",\"contentUrl\":\"https:\\\/\\\/migenerali.es\\\/wp-content\\\/uploads\\\/2025\\\/11\\\/Logo-Generali-Wikipedia.jpg\",\"width\":500,\"height\":350,\"caption\":\"Mi Generali\"},\"image\":{\"@id\":\"https:\\\/\\\/migenerali.es\\\/#\\\/schema\\\/logo\\\/image\\\/\"},\"sameAs\":[\"https:\\\/\\\/www.facebook.com\\\/GeneraliAsesor\",\"https:\\\/\\\/x.com\\\/fkroup\",\"https:\\\/\\\/www.instagram.com\\\/fkroupasesor\\\/\",\"https:\\\/\\\/www.linkedin.com\\\/in\\\/fkroup\\\/\"]}]}<\/script>\n<!-- \/ Yoast SEO plugin. -->","yoast_head_json":{"title":"Life and protection - Federico Kroupensky | My Generali Advisor","description":"Life and protection - Federico Kroupensky | My Generali Advisor","robots":{"index":"index","follow":"follow","max-snippet":"max-snippet:-1","max-image-preview":"max-image-preview:large","max-video-preview":"max-video-preview:-1"},"canonical":"https:\/\/migenerali.es\/en\/insurance\/insurance-for-individuals\/life-savings-and-protection\/","og_locale":"en_GB","og_type":"article","og_title":"Vida y protecci\u00f3n - Federico Kroupensky | Asesor Mi Generali","og_description":"Vida y protecci\u00f3n - Federico Kroupensky | Asesor Mi Generali","og_url":"https:\/\/migenerali.es\/en\/insurance\/insurance-for-individuals\/life-savings-and-protection\/","og_site_name":"Federico Kroupensky | Asesor Mi Generali","article_publisher":"https:\/\/www.facebook.com\/GeneraliAsesor","article_modified_time":"2025-12-28T13:19:24+00:00","og_image":[{"width":800,"height":600,"url":"https:\/\/migenerali.es\/wp-content\/uploads\/2025\/11\/pension4.jpg","type":"image\/jpeg"}],"twitter_card":"summary_large_image","twitter_site":"@fkroup","twitter_misc":{"Estimated reading time":"2 minutes"},"schema":{"@context":"https:\/\/schema.org","@graph":[{"@type":"WebPage","@id":"https:\/\/migenerali.es\/seguros\/seguros-para-particulares\/vida-ahorro-e-proteccion\/","url":"https:\/\/migenerali.es\/seguros\/seguros-para-particulares\/vida-ahorro-e-proteccion\/","name":"Life and protection - Federico Kroupensky | My Generali Advisor","isPartOf":{"@id":"https:\/\/migenerali.es\/#website"},"primaryImageOfPage":{"@id":"https:\/\/migenerali.es\/seguros\/seguros-para-particulares\/vida-ahorro-e-proteccion\/#primaryimage"},"image":{"@id":"https:\/\/migenerali.es\/seguros\/seguros-para-particulares\/vida-ahorro-e-proteccion\/#primaryimage"},"thumbnailUrl":"https:\/\/migenerali.es\/wp-content\/uploads\/2025\/11\/pension4.jpg","datePublished":"2025-10-02T22:01:06+00:00","dateModified":"2025-12-28T13:19:24+00:00","description":"Life and protection - Federico Kroupensky | My Generali Advisor","breadcrumb":{"@id":"https:\/\/migenerali.es\/seguros\/seguros-para-particulares\/vida-ahorro-e-proteccion\/#breadcrumb"},"inLanguage":"en-GB","potentialAction":[{"@type":"ReadAction","target":["https:\/\/migenerali.es\/seguros\/seguros-para-particulares\/vida-ahorro-e-proteccion\/"]}]},{"@type":"ImageObject","inLanguage":"en-GB","@id":"https:\/\/migenerali.es\/seguros\/seguros-para-particulares\/vida-ahorro-e-proteccion\/#primaryimage","url":"https:\/\/migenerali.es\/wp-content\/uploads\/2025\/11\/pension4.jpg","contentUrl":"https:\/\/migenerali.es\/wp-content\/uploads\/2025\/11\/pension4.jpg","width":800,"height":600},{"@type":"BreadcrumbList","@id":"https:\/\/migenerali.es\/seguros\/seguros-para-particulares\/vida-ahorro-e-proteccion\/#breadcrumb","itemListElement":[{"@type":"ListItem","position":1,"name":"Portada","item":"https:\/\/migenerali.es\/"},{"@type":"ListItem","position":2,"name":"Seguros","item":"https:\/\/migenerali.es\/seguros\/"},{"@type":"ListItem","position":3,"name":"Seguros para particulares Generali","item":"https:\/\/migenerali.es\/seguros\/seguros-para-particulares\/"},{"@type":"ListItem","position":4,"name":"Vida y protecci\u00f3n"}]},{"@type":"WebSite","@id":"https:\/\/migenerali.es\/#website","url":"https:\/\/migenerali.es\/","name":"My Generali by Federico Kroupensky - Exclusive Insurance Advisor","description":"My Generali is the place where you can find the My Generali App and apply for insurance in Spain.","publisher":{"@id":"https:\/\/migenerali.es\/#organization"},"alternateName":"Asesor Eclusivo de Seguros Mi Generali","potentialAction":[{"@type":"SearchAction","target":{"@type":"EntryPoint","urlTemplate":"https:\/\/migenerali.es\/?s={search_term_string}"},"query-input":{"@type":"PropertyValueSpecification","valueRequired":true,"valueName":"search_term_string"}}],"inLanguage":"en-GB"},{"@type":"Organization","@id":"https:\/\/migenerali.es\/#organization","name":"My Generali","alternateName":"Generali Seguros - Federico Kroupensky","url":"https:\/\/migenerali.es\/","logo":{"@type":"ImageObject","inLanguage":"en-GB","@id":"https:\/\/migenerali.es\/#\/schema\/logo\/image\/","url":"https:\/\/migenerali.es\/wp-content\/uploads\/2025\/11\/Logo-Generali-Wikipedia.jpg","contentUrl":"https:\/\/migenerali.es\/wp-content\/uploads\/2025\/11\/Logo-Generali-Wikipedia.jpg","width":500,"height":350,"caption":"Mi Generali"},"image":{"@id":"https:\/\/migenerali.es\/#\/schema\/logo\/image\/"},"sameAs":["https:\/\/www.facebook.com\/GeneraliAsesor","https:\/\/x.com\/fkroup","https:\/\/www.instagram.com\/fkroupasesor\/","https:\/\/www.linkedin.com\/in\/fkroup\/"]}]}},"_links":{"self":[{"href":"https:\/\/migenerali.es\/en\/wp-json\/wp\/v2\/pages\/1147","targetHints":{"allow":["GET"]}}],"collection":[{"href":"https:\/\/migenerali.es\/en\/wp-json\/wp\/v2\/pages"}],"about":[{"href":"https:\/\/migenerali.es\/en\/wp-json\/wp\/v2\/types\/page"}],"author":[{"embeddable":true,"href":"https:\/\/migenerali.es\/en\/wp-json\/wp\/v2\/users\/2"}],"replies":[{"embeddable":true,"href":"https:\/\/migenerali.es\/en\/wp-json\/wp\/v2\/comments?post=1147"}],"version-history":[{"count":27,"href":"https:\/\/migenerali.es\/en\/wp-json\/wp\/v2\/pages\/1147\/revisions"}],"predecessor-version":[{"id":2240,"href":"https:\/\/migenerali.es\/en\/wp-json\/wp\/v2\/pages\/1147\/revisions\/2240"}],"up":[{"embeddable":true,"href":"https:\/\/migenerali.es\/en\/wp-json\/wp\/v2\/pages\/435"}],"wp:featuredmedia":[{"embeddable":true,"href":"https:\/\/migenerali.es\/en\/wp-json\/wp\/v2\/media\/1512"}],"wp:attachment":[{"href":"https:\/\/migenerali.es\/en\/wp-json\/wp\/v2\/media?parent=1147"}],"curies":[{"name":"wp","href":"https:\/\/api.w.org\/{rel}","templated":true}]}}