{"id":1111,"date":"2025-10-02T22:46:38","date_gmt":"2025-10-02T20:46:38","guid":{"rendered":"https:\/\/migenerali.es\/?page_id=1111"},"modified":"2025-11-23T10:00:10","modified_gmt":"2025-11-23T09:00:10","slug":"legal-and-other","status":"publish","type":"page","link":"https:\/\/migenerali.es\/en\/insurance\/insurance-for-companies-and-self-employed-persons\/legal-and-other\/","title":{"rendered":"Legal and other"},"content":{"rendered":"<div data-elementor-type=\"wp-page\" data-elementor-id=\"1111\" class=\"elementor elementor-1111\" data-elementor-post-type=\"page\">\n\t\t\t\t<div class=\"elementor-element elementor-element-3e61f827 e-flex e-con-boxed e-con e-parent\" data-id=\"3e61f827\" data-element_type=\"container\" data-e-type=\"container\">\n\t\t\t\t\t<div class=\"e-con-inner\">\n\t\t\t\t<div class=\"elementor-element elementor-element-5cac1c2f elementor-widget__width-initial elementor-widget-tablet__width-inherit elementor-widget elementor-widget-image\" data-id=\"5cac1c2f\" data-element_type=\"widget\" data-e-type=\"widget\" data-widget_type=\"image.default\">\n\t\t\t\t<div class=\"elementor-widget-container\">\n\t\t\t\t\t\t\t\t\t\t\t\t\t\t\t<img fetchpriority=\"high\" decoding=\"async\" width=\"500\" height=\"400\" src=\"https:\/\/migenerali.es\/wp-content\/uploads\/2025\/09\/Asuransi-kebijakan_Services1.png\" class=\"attachment-full size-full wp-image-56\" alt=\"\" srcset=\"https:\/\/migenerali.es\/wp-content\/uploads\/2025\/09\/Asuransi-kebijakan_Services1.png 500w, https:\/\/migenerali.es\/wp-content\/uploads\/2025\/09\/Asuransi-kebijakan_Services1-300x240.png 300w\" sizes=\"(max-width: 500px) 100vw, 500px\" \/>\t\t\t\t\t\t\t\t\t\t\t\t\t\t\t<\/div>\n\t\t\t\t<\/div>\n\t\t<div class=\"elementor-element elementor-element-4718edfc e-con-full e-flex e-con e-child\" data-id=\"4718edfc\" data-element_type=\"container\" data-e-type=\"container\">\n\t\t\t\t<div class=\"elementor-element elementor-element-304b7f3b elementor-widget elementor-widget-heading\" data-id=\"304b7f3b\" data-element_type=\"widget\" data-e-type=\"widget\" data-widget_type=\"heading.default\">\n\t\t\t\t<div class=\"elementor-widget-container\">\n\t\t\t\t\t<h6 class=\"elementor-heading-title elementor-size-default\">Legal and other<\/h6>\t\t\t\t<\/div>\n\t\t\t\t<\/div>\n\t\t\t\t<div class=\"elementor-element elementor-element-d7f293f elementor-widget elementor-widget-heading\" data-id=\"d7f293f\" data-element_type=\"widget\" data-e-type=\"widget\" data-widget_type=\"heading.default\">\n\t\t\t\t<div class=\"elementor-widget-container\">\n\t\t\t\t\t<h2 class=\"elementor-heading-title elementor-size-default\">Protection designed for every stage of your life.<\/h2>\t\t\t\t<\/div>\n\t\t\t\t<\/div>\n\t\t\t\t<div class=\"elementor-element elementor-element-49eba592 elementor-widget elementor-widget-text-editor\" data-id=\"49eba592\" data-element_type=\"widget\" data-e-type=\"widget\" data-widget_type=\"text-editor.default\">\n\t\t\t\t<div class=\"elementor-widget-container\">\n\t\t\t\t\t\t\t\t\t<p>General description of the product type<\/p>\t\t\t\t\t\t\t\t<\/div>\n\t\t\t\t<\/div>\n\t\t<div class=\"elementor-element elementor-element-6dff5f60 e-con-full e-grid e-con e-child\" data-id=\"6dff5f60\" data-element_type=\"container\" data-e-type=\"container\">\n\t\t<div class=\"elementor-element elementor-element-35d1b3fd e-con-full e-flex e-con e-child\" data-id=\"35d1b3fd\" data-element_type=\"container\" data-e-type=\"container\" data-settings=\"{&quot;background_background&quot;:&quot;classic&quot;}\">\n\t\t\t\t<div class=\"elementor-element elementor-element-438f182f elementor-widget-mobile__width-initial elementor-widget elementor-widget-heading\" data-id=\"438f182f\" data-element_type=\"widget\" data-e-type=\"widget\" data-widget_type=\"heading.default\">\n\t\t\t\t<div class=\"elementor-widget-container\">\n\t\t\t\t\t<h5 class=\"elementor-heading-title elementor-size-default\">Customised Insurance Solutions<\/h5>\t\t\t\t<\/div>\n\t\t\t\t<\/div>\n\t\t\t\t<div class=\"elementor-element elementor-element-3a7adeff elementor-widget elementor-widget-text-editor\" data-id=\"3a7adeff\" data-element_type=\"widget\" data-e-type=\"widget\" data-widget_type=\"text-editor.default\">\n\t\t\t\t<div class=\"elementor-widget-container\">\n\t\t\t\t\t\t\t\t\t<p>Every person and every situation is different. Health Insurance for Expatriates in Spain<\/p>\t\t\t\t\t\t\t\t<\/div>\n\t\t\t\t<\/div>\n\t\t\t\t<\/div>\n\t\t<div class=\"elementor-element elementor-element-cc90495 e-con-full e-flex e-con e-child\" data-id=\"cc90495\" data-element_type=\"container\" data-e-type=\"container\" data-settings=\"{&quot;background_background&quot;:&quot;classic&quot;}\">\n\t\t\t\t<div class=\"elementor-element elementor-element-63d2030f elementor-widget-mobile__width-initial elementor-widget elementor-widget-heading\" data-id=\"63d2030f\" data-element_type=\"widget\" data-e-type=\"widget\" data-widget_type=\"heading.default\">\n\t\t\t\t<div class=\"elementor-widget-container\">\n\t\t\t\t\t<h5 class=\"elementor-heading-title elementor-size-default\">Transparent and Reliable Service<\/h5>\t\t\t\t<\/div>\n\t\t\t\t<\/div>\n\t\t\t\t<div class=\"elementor-element elementor-element-4ff5818e elementor-widget elementor-widget-text-editor\" data-id=\"4ff5818e\" data-element_type=\"widget\" data-e-type=\"widget\" data-widget_type=\"text-editor.default\">\n\t\t\t\t<div class=\"elementor-widget-container\">\n\t\t\t\t\t\t\t\t\t<p>You will always have clarity at every step, no co-pays valid for VISA.<\/p>\t\t\t\t\t\t\t\t<\/div>\n\t\t\t\t<\/div>\n\t\t\t\t<\/div>\n\t\t\t\t<\/div>\n\t\t\t\t<\/div>\n\t\t\t\t\t<\/div>\n\t\t\t\t<\/div>\n\t\t<div class=\"elementor-element elementor-element-7348642d e-flex e-con-boxed e-con e-parent\" data-id=\"7348642d\" data-element_type=\"container\" data-e-type=\"container\" data-settings=\"{&quot;background_background&quot;:&quot;classic&quot;}\">\n\t\t\t\t\t<div class=\"e-con-inner\">\n\t\t<div class=\"elementor-element elementor-element-2737144c e-con-full e-grid e-con e-child\" data-id=\"2737144c\" data-element_type=\"container\" data-e-type=\"container\">\n\t\t<div class=\"elementor-element elementor-element-56ba3ba9 e-con-full e-flex e-con e-child\" data-id=\"56ba3ba9\" data-element_type=\"container\" data-e-type=\"container\" data-settings=\"{&quot;background_background&quot;:&quot;gradient&quot;}\">\n\t\t\t\t<div class=\"elementor-element elementor-element-2210b7df elementor-position-top elementor-widget elementor-widget-image-box\" data-id=\"2210b7df\" data-element_type=\"widget\" data-e-type=\"widget\" data-widget_type=\"image-box.default\">\n\t\t\t\t<div class=\"elementor-widget-container\">\n\t\t\t\t\t<div class=\"elementor-image-box-wrapper\"><figure class=\"elementor-image-box-img\"><a href=\"https:\/\/migenerali.es\/en\/insurance\/insurance-for-companies-and-self-employed-persons\/legal-and-other\/legal-and-other-interactive\/\" tabindex=\"-1\"><img decoding=\"async\" width=\"800\" height=\"600\" src=\"https:\/\/migenerali.es\/wp-content\/uploads\/2025\/11\/juridico3.jpg\" class=\"attachment-full size-full wp-image-1690\" alt=\"\" srcset=\"https:\/\/migenerali.es\/wp-content\/uploads\/2025\/11\/juridico3.jpg 800w, https:\/\/migenerali.es\/wp-content\/uploads\/2025\/11\/juridico3-300x225.jpg 300w, https:\/\/migenerali.es\/wp-content\/uploads\/2025\/11\/juridico3-768x576.jpg 768w\" sizes=\"(max-width: 800px) 100vw, 800px\" \/><\/a><\/figure><div class=\"elementor-image-box-content\"><div class=\"elementor-image-box-title\"><a href=\"https:\/\/migenerali.es\/en\/insurance\/insurance-for-companies-and-self-employed-persons\/legal-and-other\/legal-and-other-interactive\/\">Family\/Professional Legal Defence<\/a><\/div><\/div><\/div>\t\t\t\t<\/div>\n\t\t\t\t<\/div>\n\t\t\t\t<div class=\"elementor-element elementor-element-54eb2781 elementor-widget elementor-widget-button\" data-id=\"54eb2781\" data-element_type=\"widget\" data-e-type=\"widget\" data-widget_type=\"button.default\">\n\t\t\t\t<div class=\"elementor-widget-container\">\n\t\t\t\t\t\t\t\t\t<div class=\"elementor-button-wrapper\">\n\t\t\t\t\t<a class=\"elementor-button elementor-button-link elementor-size-sm\" href=\"https:\/\/migenerali.es\/en\/insurance\/insurance-for-companies-and-self-employed-persons\/legal-and-other\/legal-and-other-interactive\/\">\n\t\t\t\t\t\t<span class=\"elementor-button-content-wrapper\">\n\t\t\t\t\t\t\t\t\t<span class=\"elementor-button-text\">Find out more<\/span>\n\t\t\t\t\t<\/span>\n\t\t\t\t\t<\/a>\n\t\t\t\t<\/div>\n\t\t\t\t\t\t\t\t<\/div>\n\t\t\t\t<\/div>\n\t\t\t\t<\/div>\n\t\t<div class=\"elementor-element elementor-element-3ca1aafe e-con-full e-flex e-con e-child\" data-id=\"3ca1aafe\" data-element_type=\"container\" data-e-type=\"container\" data-settings=\"{&quot;background_background&quot;:&quot;gradient&quot;}\">\n\t\t\t\t<div class=\"elementor-element elementor-element-4ee1e055 elementor-position-top elementor-widget elementor-widget-image-box\" data-id=\"4ee1e055\" data-element_type=\"widget\" data-e-type=\"widget\" data-widget_type=\"image-box.default\">\n\t\t\t\t<div class=\"elementor-widget-container\">\n\t\t\t\t\t<div class=\"elementor-image-box-wrapper\"><figure class=\"elementor-image-box-img\"><a href=\"https:\/\/migenerali.es\/en\/insurance\/insurance-for-companies-and-self-employed-persons\/legal-and-other\/legal-and-other-interactive\/\" tabindex=\"-1\"><img decoding=\"async\" width=\"800\" height=\"600\" src=\"https:\/\/migenerali.es\/wp-content\/uploads\/2025\/11\/juridico2.jpg\" class=\"attachment-full size-full wp-image-1691\" alt=\"\" srcset=\"https:\/\/migenerali.es\/wp-content\/uploads\/2025\/11\/juridico2.jpg 800w, https:\/\/migenerali.es\/wp-content\/uploads\/2025\/11\/juridico2-300x225.jpg 300w, https:\/\/migenerali.es\/wp-content\/uploads\/2025\/11\/juridico2-768x576.jpg 768w\" sizes=\"(max-width: 800px) 100vw, 800px\" \/><\/a><\/figure><div class=\"elementor-image-box-content\"><div class=\"elementor-image-box-title\"><a href=\"https:\/\/migenerali.es\/en\/insurance\/insurance-for-companies-and-self-employed-persons\/legal-and-other\/legal-and-other-interactive\/\">Family Liability<\/a><\/div><\/div><\/div>\t\t\t\t<\/div>\n\t\t\t\t<\/div>\n\t\t\t\t<div class=\"elementor-element elementor-element-61552a0a elementor-widget elementor-widget-button\" data-id=\"61552a0a\" data-element_type=\"widget\" data-e-type=\"widget\" data-widget_type=\"button.default\">\n\t\t\t\t<div class=\"elementor-widget-container\">\n\t\t\t\t\t\t\t\t\t<div class=\"elementor-button-wrapper\">\n\t\t\t\t\t<a class=\"elementor-button elementor-button-link elementor-size-sm\" href=\"https:\/\/migenerali.es\/en\/insurance\/insurance-for-companies-and-self-employed-persons\/legal-and-other\/legal-and-other-interactive\/\">\n\t\t\t\t\t\t<span class=\"elementor-button-content-wrapper\">\n\t\t\t\t\t\t\t\t\t<span class=\"elementor-button-text\">Find out more<\/span>\n\t\t\t\t\t<\/span>\n\t\t\t\t\t<\/a>\n\t\t\t\t<\/div>\n\t\t\t\t\t\t\t\t<\/div>\n\t\t\t\t<\/div>\n\t\t\t\t<\/div>\n\t\t<div class=\"elementor-element elementor-element-132d3c2f e-con-full e-flex e-con e-child\" data-id=\"132d3c2f\" data-element_type=\"container\" data-e-type=\"container\" data-settings=\"{&quot;background_background&quot;:&quot;gradient&quot;}\">\n\t\t\t\t<div class=\"elementor-element elementor-element-16ebf58e elementor-position-top elementor-widget elementor-widget-image-box\" data-id=\"16ebf58e\" data-element_type=\"widget\" data-e-type=\"widget\" data-widget_type=\"image-box.default\">\n\t\t\t\t<div class=\"elementor-widget-container\">\n\t\t\t\t\t<div class=\"elementor-image-box-wrapper\"><figure class=\"elementor-image-box-img\"><a href=\"https:\/\/migenerali.es\/en\/insurance\/insurance-for-companies-and-self-employed-persons\/legal-and-other\/legal-and-other-interactive\/\" tabindex=\"-1\"><img loading=\"lazy\" decoding=\"async\" width=\"800\" height=\"600\" src=\"https:\/\/migenerali.es\/wp-content\/uploads\/2025\/11\/juridico1.jpg\" class=\"attachment-full size-full wp-image-1692\" alt=\"\" srcset=\"https:\/\/migenerali.es\/wp-content\/uploads\/2025\/11\/juridico1.jpg 800w, https:\/\/migenerali.es\/wp-content\/uploads\/2025\/11\/juridico1-300x225.jpg 300w, https:\/\/migenerali.es\/wp-content\/uploads\/2025\/11\/juridico1-768x576.jpg 768w\" sizes=\"(max-width: 800px) 100vw, 800px\" \/><\/a><\/figure><div class=\"elementor-image-box-content\"><div class=\"elementor-image-box-title\"><a href=\"https:\/\/migenerali.es\/en\/insurance\/insurance-for-companies-and-self-employed-persons\/legal-and-other\/legal-and-other-interactive\/\">Electronic Equipment<\/a><\/div><\/div><\/div>\t\t\t\t<\/div>\n\t\t\t\t<\/div>\n\t\t\t\t<div class=\"elementor-element elementor-element-3ddb114c elementor-widget elementor-widget-button\" data-id=\"3ddb114c\" data-element_type=\"widget\" data-e-type=\"widget\" data-widget_type=\"button.default\">\n\t\t\t\t<div class=\"elementor-widget-container\">\n\t\t\t\t\t\t\t\t\t<div class=\"elementor-button-wrapper\">\n\t\t\t\t\t<a class=\"elementor-button elementor-button-link elementor-size-sm\" href=\"https:\/\/migenerali.es\/en\/insurance\/insurance-for-companies-and-self-employed-persons\/legal-and-other\/legal-and-other-interactive\/\">\n\t\t\t\t\t\t<span class=\"elementor-button-content-wrapper\">\n\t\t\t\t\t\t\t\t\t<span class=\"elementor-button-text\">Find out more<\/span>\n\t\t\t\t\t<\/span>\n\t\t\t\t\t<\/a>\n\t\t\t\t<\/div>\n\t\t\t\t\t\t\t\t<\/div>\n\t\t\t\t<\/div>\n\t\t\t\t<\/div>\n\t\t\t\t<\/div>\n\t\t<div class=\"elementor-element elementor-element-4b8aa182 e-con-full e-flex e-con e-child\" data-id=\"4b8aa182\" data-element_type=\"container\" data-e-type=\"container\">\n\t\t\t\t<div class=\"elementor-element elementor-element-1bc930c3 elementor-align-center elementor-widget elementor-widget-button\" data-id=\"1bc930c3\" data-element_type=\"widget\" data-e-type=\"widget\" data-widget_type=\"button.default\">\n\t\t\t\t<div class=\"elementor-widget-container\">\n\t\t\t\t\t\t\t\t\t<div class=\"elementor-button-wrapper\">\n\t\t\t\t\t<a class=\"elementor-button elementor-button-link elementor-size-sm\" href=\"#apps\">\n\t\t\t\t\t\t<span class=\"elementor-button-content-wrapper\">\n\t\t\t\t\t\t\t\t\t<span class=\"elementor-button-text\">Download the My Generali app<\/span>\n\t\t\t\t\t<\/span>\n\t\t\t\t\t<\/a>\n\t\t\t\t<\/div>\n\t\t\t\t\t\t\t\t<\/div>\n\t\t\t\t<\/div>\n\t\t\t\t<\/div>\n\t\t\t\t\t<\/div>\n\t\t\t\t<\/div>\n\t\t\t\t<\/div>","protected":false},"excerpt":{"rendered":"<p>Protecci\u00f3n dise\u00f1ada para cada etapa de tu vida. Descripci\u00f3n general del tipo de producto Soluciones de Seguros Personalizadas Cada persona y cada situaci\u00f3n es distinta. Por eso adapto la cobertura a tus necesidades reales. Servicio Transparente y de Confianza Siempre tendr\u00e1s claridad en cada paso, sin letras peque\u00f1as y con el respaldo de una atenci\u00f3n [&hellip;]<\/p>\n","protected":false},"author":2,"featured_media":1690,"parent":436,"menu_order":4,"comment_status":"closed","ping_status":"closed","template":"","meta":{"_joinchat":[],"footnotes":""},"class_list":["post-1111","page","type-page","status-publish","has-post-thumbnail","hentry"],"yoast_head":"<!-- This site is optimized with the Yoast SEO plugin v27.4 - https:\/\/yoast.com\/product\/yoast-seo-wordpress\/ -->\n<title>Juridico y otros - Federico Kroupensky | Asesor Mi Generali<\/title>\n<meta name=\"description\" content=\"Juridico y otros - Federico Kroupensky | Asesor Mi Generali\" \/>\n<meta name=\"robots\" content=\"index, follow, max-snippet:-1, max-image-preview:large, max-video-preview:-1\" \/>\n<link rel=\"canonical\" href=\"https:\/\/migenerali.es\/en\/insurance\/insurance-for-companies-and-self-employed-persons\/legal-and-other\/\" \/>\n<meta property=\"og:locale\" content=\"en_GB\" \/>\n<meta property=\"og:type\" content=\"article\" \/>\n<meta property=\"og:title\" content=\"Juridico y otros - Federico Kroupensky | Asesor Mi Generali\" \/>\n<meta property=\"og:description\" content=\"Juridico y otros - Federico Kroupensky | Asesor Mi Generali\" \/>\n<meta property=\"og:url\" content=\"https:\/\/migenerali.es\/en\/insurance\/insurance-for-companies-and-self-employed-persons\/legal-and-other\/\" \/>\n<meta property=\"og:site_name\" content=\"Federico Kroupensky | Asesor Mi Generali\" \/>\n<meta property=\"article:publisher\" content=\"https:\/\/www.facebook.com\/GeneraliAsesor\" \/>\n<meta property=\"article:modified_time\" content=\"2025-11-23T09:00:10+00:00\" \/>\n<meta property=\"og:image\" content=\"https:\/\/migenerali.es\/wp-content\/uploads\/2025\/11\/juridico3.jpg\" \/>\n\t<meta property=\"og:image:width\" content=\"800\" \/>\n\t<meta property=\"og:image:height\" content=\"600\" \/>\n\t<meta property=\"og:image:type\" content=\"image\/jpeg\" \/>\n<meta name=\"twitter:card\" content=\"summary_large_image\" \/>\n<meta name=\"twitter:site\" content=\"@fkroup\" \/>\n<meta name=\"twitter:label1\" content=\"Estimated reading time\" \/>\n\t<meta name=\"twitter:data1\" content=\"2 minutes\" \/>\n<script type=\"application\/ld+json\" class=\"yoast-schema-graph\">{\"@context\":\"https:\\\/\\\/schema.org\",\"@graph\":[{\"@type\":\"WebPage\",\"@id\":\"https:\\\/\\\/migenerali.es\\\/seguros\\\/seguros-para-empresas-y-autonomos\\\/juridico-y-otros\\\/\",\"url\":\"https:\\\/\\\/migenerali.es\\\/seguros\\\/seguros-para-empresas-y-autonomos\\\/juridico-y-otros\\\/\",\"name\":\"Juridico y otros - Federico Kroupensky | Asesor Mi Generali\",\"isPartOf\":{\"@id\":\"https:\\\/\\\/migenerali.es\\\/#website\"},\"primaryImageOfPage\":{\"@id\":\"https:\\\/\\\/migenerali.es\\\/seguros\\\/seguros-para-empresas-y-autonomos\\\/juridico-y-otros\\\/#primaryimage\"},\"image\":{\"@id\":\"https:\\\/\\\/migenerali.es\\\/seguros\\\/seguros-para-empresas-y-autonomos\\\/juridico-y-otros\\\/#primaryimage\"},\"thumbnailUrl\":\"https:\\\/\\\/migenerali.es\\\/wp-content\\\/uploads\\\/2025\\\/11\\\/juridico3.jpg\",\"datePublished\":\"2025-10-02T20:46:38+00:00\",\"dateModified\":\"2025-11-23T09:00:10+00:00\",\"description\":\"Juridico y otros - Federico Kroupensky | Asesor Mi Generali\",\"breadcrumb\":{\"@id\":\"https:\\\/\\\/migenerali.es\\\/seguros\\\/seguros-para-empresas-y-autonomos\\\/juridico-y-otros\\\/#breadcrumb\"},\"inLanguage\":\"en-GB\",\"potentialAction\":[{\"@type\":\"ReadAction\",\"target\":[\"https:\\\/\\\/migenerali.es\\\/seguros\\\/seguros-para-empresas-y-autonomos\\\/juridico-y-otros\\\/\"]}]},{\"@type\":\"ImageObject\",\"inLanguage\":\"en-GB\",\"@id\":\"https:\\\/\\\/migenerali.es\\\/seguros\\\/seguros-para-empresas-y-autonomos\\\/juridico-y-otros\\\/#primaryimage\",\"url\":\"https:\\\/\\\/migenerali.es\\\/wp-content\\\/uploads\\\/2025\\\/11\\\/juridico3.jpg\",\"contentUrl\":\"https:\\\/\\\/migenerali.es\\\/wp-content\\\/uploads\\\/2025\\\/11\\\/juridico3.jpg\",\"width\":800,\"height\":600},{\"@type\":\"BreadcrumbList\",\"@id\":\"https:\\\/\\\/migenerali.es\\\/seguros\\\/seguros-para-empresas-y-autonomos\\\/juridico-y-otros\\\/#breadcrumb\",\"itemListElement\":[{\"@type\":\"ListItem\",\"position\":1,\"name\":\"Portada\",\"item\":\"https:\\\/\\\/migenerali.es\\\/\"},{\"@type\":\"ListItem\",\"position\":2,\"name\":\"Seguros\",\"item\":\"https:\\\/\\\/migenerali.es\\\/seguros\\\/\"},{\"@type\":\"ListItem\",\"position\":3,\"name\":\"Seguros para Empresas y Aut\u00f3nomos\",\"item\":\"https:\\\/\\\/migenerali.es\\\/seguros\\\/seguros-para-empresas-y-autonomos\\\/\"},{\"@type\":\"ListItem\",\"position\":4,\"name\":\"Juridico y otros\"}]},{\"@type\":\"WebSite\",\"@id\":\"https:\\\/\\\/migenerali.es\\\/#website\",\"url\":\"https:\\\/\\\/migenerali.es\\\/\",\"name\":\"Mi Generali by Federico Kroupensky - Asesor exlusivo de Seguros\",\"description\":\"Mi Generali es el sitio donde puedes encontrar la App de Mi Generali y solicitar Seguros en Espa\u00f1a\",\"publisher\":{\"@id\":\"https:\\\/\\\/migenerali.es\\\/#organization\"},\"alternateName\":\"Asesor Eclusivo de Seguros Mi Generali\",\"potentialAction\":[{\"@type\":\"SearchAction\",\"target\":{\"@type\":\"EntryPoint\",\"urlTemplate\":\"https:\\\/\\\/migenerali.es\\\/?s={search_term_string}\"},\"query-input\":{\"@type\":\"PropertyValueSpecification\",\"valueRequired\":true,\"valueName\":\"search_term_string\"}}],\"inLanguage\":\"en-GB\"},{\"@type\":\"Organization\",\"@id\":\"https:\\\/\\\/migenerali.es\\\/#organization\",\"name\":\"Mi Generali\",\"alternateName\":\"Generali Seguros - Federico Kroupensky\",\"url\":\"https:\\\/\\\/migenerali.es\\\/\",\"logo\":{\"@type\":\"ImageObject\",\"inLanguage\":\"en-GB\",\"@id\":\"https:\\\/\\\/migenerali.es\\\/#\\\/schema\\\/logo\\\/image\\\/\",\"url\":\"https:\\\/\\\/migenerali.es\\\/wp-content\\\/uploads\\\/2025\\\/11\\\/Logo-Generali-Wikipedia.jpg\",\"contentUrl\":\"https:\\\/\\\/migenerali.es\\\/wp-content\\\/uploads\\\/2025\\\/11\\\/Logo-Generali-Wikipedia.jpg\",\"width\":500,\"height\":350,\"caption\":\"Mi Generali\"},\"image\":{\"@id\":\"https:\\\/\\\/migenerali.es\\\/#\\\/schema\\\/logo\\\/image\\\/\"},\"sameAs\":[\"https:\\\/\\\/www.facebook.com\\\/GeneraliAsesor\",\"https:\\\/\\\/x.com\\\/fkroup\",\"https:\\\/\\\/www.instagram.com\\\/fkroupasesor\\\/\",\"https:\\\/\\\/www.linkedin.com\\\/in\\\/fkroup\\\/\"]}]}<\/script>\n<!-- \/ Yoast SEO plugin. -->","yoast_head_json":{"title":"Legal and other matters - Federico Kroupensky | My Generali Advisor","description":"Legal and other matters - Federico Kroupensky | My Generali Advisor","robots":{"index":"index","follow":"follow","max-snippet":"max-snippet:-1","max-image-preview":"max-image-preview:large","max-video-preview":"max-video-preview:-1"},"canonical":"https:\/\/migenerali.es\/en\/insurance\/insurance-for-companies-and-self-employed-persons\/legal-and-other\/","og_locale":"en_GB","og_type":"article","og_title":"Juridico y otros - Federico Kroupensky | Asesor Mi Generali","og_description":"Juridico y otros - Federico Kroupensky | Asesor Mi Generali","og_url":"https:\/\/migenerali.es\/en\/insurance\/insurance-for-companies-and-self-employed-persons\/legal-and-other\/","og_site_name":"Federico Kroupensky | Asesor Mi Generali","article_publisher":"https:\/\/www.facebook.com\/GeneraliAsesor","article_modified_time":"2025-11-23T09:00:10+00:00","og_image":[{"width":800,"height":600,"url":"https:\/\/migenerali.es\/wp-content\/uploads\/2025\/11\/juridico3.jpg","type":"image\/jpeg"}],"twitter_card":"summary_large_image","twitter_site":"@fkroup","twitter_misc":{"Estimated reading time":"2 minutes"},"schema":{"@context":"https:\/\/schema.org","@graph":[{"@type":"WebPage","@id":"https:\/\/migenerali.es\/seguros\/seguros-para-empresas-y-autonomos\/juridico-y-otros\/","url":"https:\/\/migenerali.es\/seguros\/seguros-para-empresas-y-autonomos\/juridico-y-otros\/","name":"Legal and other matters - Federico Kroupensky | My Generali Advisor","isPartOf":{"@id":"https:\/\/migenerali.es\/#website"},"primaryImageOfPage":{"@id":"https:\/\/migenerali.es\/seguros\/seguros-para-empresas-y-autonomos\/juridico-y-otros\/#primaryimage"},"image":{"@id":"https:\/\/migenerali.es\/seguros\/seguros-para-empresas-y-autonomos\/juridico-y-otros\/#primaryimage"},"thumbnailUrl":"https:\/\/migenerali.es\/wp-content\/uploads\/2025\/11\/juridico3.jpg","datePublished":"2025-10-02T20:46:38+00:00","dateModified":"2025-11-23T09:00:10+00:00","description":"Legal and other matters - Federico Kroupensky | My Generali Advisor","breadcrumb":{"@id":"https:\/\/migenerali.es\/seguros\/seguros-para-empresas-y-autonomos\/juridico-y-otros\/#breadcrumb"},"inLanguage":"en-GB","potentialAction":[{"@type":"ReadAction","target":["https:\/\/migenerali.es\/seguros\/seguros-para-empresas-y-autonomos\/juridico-y-otros\/"]}]},{"@type":"ImageObject","inLanguage":"en-GB","@id":"https:\/\/migenerali.es\/seguros\/seguros-para-empresas-y-autonomos\/juridico-y-otros\/#primaryimage","url":"https:\/\/migenerali.es\/wp-content\/uploads\/2025\/11\/juridico3.jpg","contentUrl":"https:\/\/migenerali.es\/wp-content\/uploads\/2025\/11\/juridico3.jpg","width":800,"height":600},{"@type":"BreadcrumbList","@id":"https:\/\/migenerali.es\/seguros\/seguros-para-empresas-y-autonomos\/juridico-y-otros\/#breadcrumb","itemListElement":[{"@type":"ListItem","position":1,"name":"Portada","item":"https:\/\/migenerali.es\/"},{"@type":"ListItem","position":2,"name":"Seguros","item":"https:\/\/migenerali.es\/seguros\/"},{"@type":"ListItem","position":3,"name":"Seguros para Empresas y Aut\u00f3nomos","item":"https:\/\/migenerali.es\/seguros\/seguros-para-empresas-y-autonomos\/"},{"@type":"ListItem","position":4,"name":"Juridico y otros"}]},{"@type":"WebSite","@id":"https:\/\/migenerali.es\/#website","url":"https:\/\/migenerali.es\/","name":"My Generali by Federico Kroupensky - Exclusive Insurance Advisor","description":"My Generali is the place where you can find the My Generali App and apply for insurance in Spain.","publisher":{"@id":"https:\/\/migenerali.es\/#organization"},"alternateName":"Asesor Eclusivo de Seguros Mi Generali","potentialAction":[{"@type":"SearchAction","target":{"@type":"EntryPoint","urlTemplate":"https:\/\/migenerali.es\/?s={search_term_string}"},"query-input":{"@type":"PropertyValueSpecification","valueRequired":true,"valueName":"search_term_string"}}],"inLanguage":"en-GB"},{"@type":"Organization","@id":"https:\/\/migenerali.es\/#organization","name":"My Generali","alternateName":"Generali Seguros - Federico Kroupensky","url":"https:\/\/migenerali.es\/","logo":{"@type":"ImageObject","inLanguage":"en-GB","@id":"https:\/\/migenerali.es\/#\/schema\/logo\/image\/","url":"https:\/\/migenerali.es\/wp-content\/uploads\/2025\/11\/Logo-Generali-Wikipedia.jpg","contentUrl":"https:\/\/migenerali.es\/wp-content\/uploads\/2025\/11\/Logo-Generali-Wikipedia.jpg","width":500,"height":350,"caption":"Mi Generali"},"image":{"@id":"https:\/\/migenerali.es\/#\/schema\/logo\/image\/"},"sameAs":["https:\/\/www.facebook.com\/GeneraliAsesor","https:\/\/x.com\/fkroup","https:\/\/www.instagram.com\/fkroupasesor\/","https:\/\/www.linkedin.com\/in\/fkroup\/"]}]}},"_links":{"self":[{"href":"https:\/\/migenerali.es\/en\/wp-json\/wp\/v2\/pages\/1111","targetHints":{"allow":["GET"]}}],"collection":[{"href":"https:\/\/migenerali.es\/en\/wp-json\/wp\/v2\/pages"}],"about":[{"href":"https:\/\/migenerali.es\/en\/wp-json\/wp\/v2\/types\/page"}],"author":[{"embeddable":true,"href":"https:\/\/migenerali.es\/en\/wp-json\/wp\/v2\/users\/2"}],"replies":[{"embeddable":true,"href":"https:\/\/migenerali.es\/en\/wp-json\/wp\/v2\/comments?post=1111"}],"version-history":[{"count":22,"href":"https:\/\/migenerali.es\/en\/wp-json\/wp\/v2\/pages\/1111\/revisions"}],"predecessor-version":[{"id":1842,"href":"https:\/\/migenerali.es\/en\/wp-json\/wp\/v2\/pages\/1111\/revisions\/1842"}],"up":[{"embeddable":true,"href":"https:\/\/migenerali.es\/en\/wp-json\/wp\/v2\/pages\/436"}],"wp:featuredmedia":[{"embeddable":true,"href":"https:\/\/migenerali.es\/en\/wp-json\/wp\/v2\/media\/1690"}],"wp:attachment":[{"href":"https:\/\/migenerali.es\/en\/wp-json\/wp\/v2\/media?parent=1111"}],"curies":[{"name":"wp","href":"https:\/\/api.w.org\/{rel}","templated":true}]}}