{"id":1105,"date":"2025-10-02T22:45:21","date_gmt":"2025-10-02T20:45:21","guid":{"rendered":"https:\/\/migenerali.es\/?page_id=1105"},"modified":"2025-11-23T09:59:47","modified_gmt":"2025-11-23T08:59:47","slug":"travel","status":"publish","type":"page","link":"https:\/\/migenerali.es\/en\/insurance\/insurance-for-companies-and-self-employed-persons\/travel\/","title":{"rendered":"Travel"},"content":{"rendered":"<div data-elementor-type=\"wp-page\" data-elementor-id=\"1105\" class=\"elementor elementor-1105\" data-elementor-post-type=\"page\">\n\t\t\t\t<div class=\"elementor-element elementor-element-3d06072c e-flex e-con-boxed e-con e-parent\" data-id=\"3d06072c\" data-element_type=\"container\" data-e-type=\"container\">\n\t\t\t\t\t<div class=\"e-con-inner\">\n\t\t\t\t<div class=\"elementor-element elementor-element-1a8932c7 elementor-widget__width-initial elementor-widget-tablet__width-inherit elementor-widget elementor-widget-image\" data-id=\"1a8932c7\" data-element_type=\"widget\" data-e-type=\"widget\" data-widget_type=\"image.default\">\n\t\t\t\t<div class=\"elementor-widget-container\">\n\t\t\t\t\t\t\t\t\t\t\t\t\t\t\t<img fetchpriority=\"high\" decoding=\"async\" width=\"1667\" height=\"1667\" src=\"https:\/\/migenerali.es\/wp-content\/uploads\/2025\/11\/viaje.png\" class=\"attachment-full size-full wp-image-1666\" alt=\"\" srcset=\"https:\/\/migenerali.es\/wp-content\/uploads\/2025\/11\/viaje.png 1667w, https:\/\/migenerali.es\/wp-content\/uploads\/2025\/11\/viaje-300x300.png 300w, https:\/\/migenerali.es\/wp-content\/uploads\/2025\/11\/viaje-1024x1024.png 1024w, https:\/\/migenerali.es\/wp-content\/uploads\/2025\/11\/viaje-150x150.png 150w, https:\/\/migenerali.es\/wp-content\/uploads\/2025\/11\/viaje-768x768.png 768w, https:\/\/migenerali.es\/wp-content\/uploads\/2025\/11\/viaje-1536x1536.png 1536w\" sizes=\"(max-width: 1667px) 100vw, 1667px\" \/>\t\t\t\t\t\t\t\t\t\t\t\t\t\t\t<\/div>\n\t\t\t\t<\/div>\n\t\t<div class=\"elementor-element elementor-element-41fc965e e-con-full e-flex e-con e-child\" data-id=\"41fc965e\" data-element_type=\"container\" data-e-type=\"container\">\n\t\t\t\t<div class=\"elementor-element elementor-element-8e56d75 elementor-widget elementor-widget-heading\" data-id=\"8e56d75\" data-element_type=\"widget\" data-e-type=\"widget\" data-widget_type=\"heading.default\">\n\t\t\t\t<div class=\"elementor-widget-container\">\n\t\t\t\t\t<h6 class=\"elementor-heading-title elementor-size-default\">Travel<\/h6>\t\t\t\t<\/div>\n\t\t\t\t<\/div>\n\t\t\t\t<div class=\"elementor-element elementor-element-1ae2ce5 elementor-widget elementor-widget-heading\" data-id=\"1ae2ce5\" data-element_type=\"widget\" data-e-type=\"widget\" data-widget_type=\"heading.default\">\n\t\t\t\t<div class=\"elementor-widget-container\">\n\t\t\t\t\t<h2 class=\"elementor-heading-title elementor-size-default\">Protection designed for every stage of your life.<\/h2>\t\t\t\t<\/div>\n\t\t\t\t<\/div>\n\t\t\t\t<div class=\"elementor-element elementor-element-693e5c7b elementor-widget elementor-widget-text-editor\" data-id=\"693e5c7b\" data-element_type=\"widget\" data-e-type=\"widget\" data-widget_type=\"text-editor.default\">\n\t\t\t\t<div class=\"elementor-widget-container\">\n\t\t\t\t\t\t\t\t\t<p>General description of the product type<\/p>\t\t\t\t\t\t\t\t<\/div>\n\t\t\t\t<\/div>\n\t\t<div class=\"elementor-element elementor-element-6b5e518f e-con-full e-grid e-con e-child\" data-id=\"6b5e518f\" data-element_type=\"container\" data-e-type=\"container\">\n\t\t<div class=\"elementor-element elementor-element-1b971d6a e-con-full e-flex e-con e-child\" data-id=\"1b971d6a\" data-element_type=\"container\" data-e-type=\"container\" data-settings=\"{&quot;background_background&quot;:&quot;classic&quot;}\">\n\t\t\t\t<div class=\"elementor-element elementor-element-6cd99a69 elementor-widget-mobile__width-initial elementor-widget elementor-widget-heading\" data-id=\"6cd99a69\" data-element_type=\"widget\" data-e-type=\"widget\" data-widget_type=\"heading.default\">\n\t\t\t\t<div class=\"elementor-widget-container\">\n\t\t\t\t\t<h5 class=\"elementor-heading-title elementor-size-default\">Customised Insurance Solutions<\/h5>\t\t\t\t<\/div>\n\t\t\t\t<\/div>\n\t\t\t\t<div class=\"elementor-element elementor-element-1942494f elementor-widget elementor-widget-text-editor\" data-id=\"1942494f\" data-element_type=\"widget\" data-e-type=\"widget\" data-widget_type=\"text-editor.default\">\n\t\t\t\t<div class=\"elementor-widget-container\">\n\t\t\t\t\t\t\t\t\t<p>Every person and every situation is different. Health Insurance for Expatriates in Spain<\/p>\t\t\t\t\t\t\t\t<\/div>\n\t\t\t\t<\/div>\n\t\t\t\t<\/div>\n\t\t<div class=\"elementor-element elementor-element-1cc1a8f0 e-con-full e-flex e-con e-child\" data-id=\"1cc1a8f0\" data-element_type=\"container\" data-e-type=\"container\" data-settings=\"{&quot;background_background&quot;:&quot;classic&quot;}\">\n\t\t\t\t<div class=\"elementor-element elementor-element-5c6fa02e elementor-widget-mobile__width-initial elementor-widget elementor-widget-heading\" data-id=\"5c6fa02e\" data-element_type=\"widget\" data-e-type=\"widget\" data-widget_type=\"heading.default\">\n\t\t\t\t<div class=\"elementor-widget-container\">\n\t\t\t\t\t<h5 class=\"elementor-heading-title elementor-size-default\">Transparent and Reliable Service<\/h5>\t\t\t\t<\/div>\n\t\t\t\t<\/div>\n\t\t\t\t<div class=\"elementor-element elementor-element-1e2f0baf elementor-widget elementor-widget-text-editor\" data-id=\"1e2f0baf\" data-element_type=\"widget\" data-e-type=\"widget\" data-widget_type=\"text-editor.default\">\n\t\t\t\t<div class=\"elementor-widget-container\">\n\t\t\t\t\t\t\t\t\t<p>You will always have clarity at every step, no co-pays valid for VISA.<\/p>\t\t\t\t\t\t\t\t<\/div>\n\t\t\t\t<\/div>\n\t\t\t\t<\/div>\n\t\t\t\t<\/div>\n\t\t\t\t<\/div>\n\t\t\t\t\t<\/div>\n\t\t\t\t<\/div>\n\t\t<div class=\"elementor-element elementor-element-74c418cb e-flex e-con-boxed e-con e-parent\" data-id=\"74c418cb\" data-element_type=\"container\" data-e-type=\"container\" data-settings=\"{&quot;background_background&quot;:&quot;classic&quot;}\">\n\t\t\t\t\t<div class=\"e-con-inner\">\n\t\t<div class=\"elementor-element elementor-element-5a13bd7b e-con-full e-grid e-con e-child\" data-id=\"5a13bd7b\" data-element_type=\"container\" data-e-type=\"container\">\n\t\t<div class=\"elementor-element elementor-element-7366de7e e-con-full e-flex e-con e-child\" data-id=\"7366de7e\" data-element_type=\"container\" data-e-type=\"container\" data-settings=\"{&quot;background_background&quot;:&quot;gradient&quot;}\">\n\t\t\t\t<div class=\"elementor-element elementor-element-7c161389 elementor-position-top elementor-widget elementor-widget-image-box\" data-id=\"7c161389\" data-element_type=\"widget\" data-e-type=\"widget\" data-widget_type=\"image-box.default\">\n\t\t\t\t<div class=\"elementor-widget-container\">\n\t\t\t\t\t<div class=\"elementor-image-box-wrapper\"><figure class=\"elementor-image-box-img\"><a href=\"https:\/\/migenerali.es\/en\/insurance\/insurance-for-companies-and-self-employed-persons\/travel\/interactive-journey\/\" tabindex=\"-1\"><img decoding=\"async\" width=\"800\" height=\"600\" src=\"https:\/\/migenerali.es\/wp-content\/uploads\/2025\/11\/viajes3.jpg\" class=\"attachment-full size-full wp-image-1667\" alt=\"\" srcset=\"https:\/\/migenerali.es\/wp-content\/uploads\/2025\/11\/viajes3.jpg 800w, https:\/\/migenerali.es\/wp-content\/uploads\/2025\/11\/viajes3-300x225.jpg 300w, https:\/\/migenerali.es\/wp-content\/uploads\/2025\/11\/viajes3-768x576.jpg 768w\" sizes=\"(max-width: 800px) 100vw, 800px\" \/><\/a><\/figure><div class=\"elementor-image-box-content\"><div class=\"elementor-image-box-title\"><a href=\"https:\/\/migenerali.es\/en\/insurance\/insurance-for-companies-and-self-employed-persons\/travel\/interactive-journey\/\">Travel Assistance<\/a><\/div><\/div><\/div>\t\t\t\t<\/div>\n\t\t\t\t<\/div>\n\t\t\t\t<div class=\"elementor-element elementor-element-5b5ef094 elementor-widget elementor-widget-button\" data-id=\"5b5ef094\" data-element_type=\"widget\" data-e-type=\"widget\" data-widget_type=\"button.default\">\n\t\t\t\t<div class=\"elementor-widget-container\">\n\t\t\t\t\t\t\t\t\t<div class=\"elementor-button-wrapper\">\n\t\t\t\t\t<a class=\"elementor-button elementor-button-link elementor-size-sm\" href=\"https:\/\/migenerali.es\/en\/insurance\/insurance-for-companies-and-self-employed-persons\/travel\/interactive-journey\/\">\n\t\t\t\t\t\t<span class=\"elementor-button-content-wrapper\">\n\t\t\t\t\t\t\t\t\t<span class=\"elementor-button-text\">Find out more<\/span>\n\t\t\t\t\t<\/span>\n\t\t\t\t\t<\/a>\n\t\t\t\t<\/div>\n\t\t\t\t\t\t\t\t<\/div>\n\t\t\t\t<\/div>\n\t\t\t\t<\/div>\n\t\t<div class=\"elementor-element elementor-element-3b11304a e-con-full e-flex e-con e-child\" data-id=\"3b11304a\" data-element_type=\"container\" data-e-type=\"container\" data-settings=\"{&quot;background_background&quot;:&quot;gradient&quot;}\">\n\t\t\t\t<div class=\"elementor-element elementor-element-6c97201a elementor-position-top elementor-widget elementor-widget-image-box\" data-id=\"6c97201a\" data-element_type=\"widget\" data-e-type=\"widget\" data-widget_type=\"image-box.default\">\n\t\t\t\t<div class=\"elementor-widget-container\">\n\t\t\t\t\t<div class=\"elementor-image-box-wrapper\"><figure class=\"elementor-image-box-img\"><a href=\"https:\/\/migenerali.es\/en\/insurance\/insurance-for-companies-and-self-employed-persons\/travel\/interactive-journey\/\" tabindex=\"-1\"><img decoding=\"async\" width=\"800\" height=\"600\" src=\"https:\/\/migenerali.es\/wp-content\/uploads\/2025\/11\/viajes2.jpg\" class=\"attachment-full size-full wp-image-1668\" alt=\"\" srcset=\"https:\/\/migenerali.es\/wp-content\/uploads\/2025\/11\/viajes2.jpg 800w, https:\/\/migenerali.es\/wp-content\/uploads\/2025\/11\/viajes2-300x225.jpg 300w, https:\/\/migenerali.es\/wp-content\/uploads\/2025\/11\/viajes2-768x576.jpg 768w\" sizes=\"(max-width: 800px) 100vw, 800px\" \/><\/a><\/figure><div class=\"elementor-image-box-content\"><div class=\"elementor-image-box-title\"><a href=\"https:\/\/migenerali.es\/en\/insurance\/insurance-for-companies-and-self-employed-persons\/travel\/interactive-journey\/\">Ski &amp; Sports Insurance<\/a><\/div><\/div><\/div>\t\t\t\t<\/div>\n\t\t\t\t<\/div>\n\t\t\t\t<div class=\"elementor-element elementor-element-59f32942 elementor-widget elementor-widget-button\" data-id=\"59f32942\" data-element_type=\"widget\" data-e-type=\"widget\" data-widget_type=\"button.default\">\n\t\t\t\t<div class=\"elementor-widget-container\">\n\t\t\t\t\t\t\t\t\t<div class=\"elementor-button-wrapper\">\n\t\t\t\t\t<a class=\"elementor-button elementor-button-link elementor-size-sm\" href=\"https:\/\/migenerali.es\/en\/insurance\/insurance-for-companies-and-self-employed-persons\/travel\/interactive-journey\/\">\n\t\t\t\t\t\t<span class=\"elementor-button-content-wrapper\">\n\t\t\t\t\t\t\t\t\t<span class=\"elementor-button-text\">Find out more<\/span>\n\t\t\t\t\t<\/span>\n\t\t\t\t\t<\/a>\n\t\t\t\t<\/div>\n\t\t\t\t\t\t\t\t<\/div>\n\t\t\t\t<\/div>\n\t\t\t\t<\/div>\n\t\t\t\t<\/div>\n\t\t<div class=\"elementor-element elementor-element-344ffacb e-con-full e-flex e-con e-child\" data-id=\"344ffacb\" data-element_type=\"container\" data-e-type=\"container\">\n\t\t\t\t<div class=\"elementor-element elementor-element-5dba6e98 elementor-align-center elementor-widget elementor-widget-button\" data-id=\"5dba6e98\" data-element_type=\"widget\" data-e-type=\"widget\" data-widget_type=\"button.default\">\n\t\t\t\t<div class=\"elementor-widget-container\">\n\t\t\t\t\t\t\t\t\t<div class=\"elementor-button-wrapper\">\n\t\t\t\t\t<a class=\"elementor-button elementor-button-link elementor-size-sm\" href=\"#apps\">\n\t\t\t\t\t\t<span class=\"elementor-button-content-wrapper\">\n\t\t\t\t\t\t\t\t\t<span class=\"elementor-button-text\">Download the My Generali app<\/span>\n\t\t\t\t\t<\/span>\n\t\t\t\t\t<\/a>\n\t\t\t\t<\/div>\n\t\t\t\t\t\t\t\t<\/div>\n\t\t\t\t<\/div>\n\t\t\t\t<\/div>\n\t\t\t\t\t<\/div>\n\t\t\t\t<\/div>\n\t\t\t\t<\/div>","protected":false},"excerpt":{"rendered":"<p>Protecci\u00f3n dise\u00f1ada para cada etapa de tu vida. Descripci\u00f3n general del tipo de producto Soluciones de Seguros Personalizadas Cada persona y cada situaci\u00f3n es distinta. Por eso adapto la cobertura a tus necesidades reales. Servicio Transparente y de Confianza Siempre tendr\u00e1s claridad en cada paso, sin letras peque\u00f1as y con el respaldo de una atenci\u00f3n [&hellip;]<\/p>\n","protected":false},"author":2,"featured_media":1669,"parent":436,"menu_order":3,"comment_status":"closed","ping_status":"closed","template":"","meta":{"_joinchat":[],"footnotes":""},"class_list":["post-1105","page","type-page","status-publish","has-post-thumbnail","hentry"],"yoast_head":"<!-- This site is optimized with the Yoast SEO plugin v27.4 - https:\/\/yoast.com\/product\/yoast-seo-wordpress\/ -->\n<title>Viaje - Federico Kroupensky | Asesor Mi Generali<\/title>\n<meta name=\"description\" content=\"Viaje - Federico Kroupensky | Asesor Mi Generali\" \/>\n<meta name=\"robots\" content=\"index, follow, max-snippet:-1, max-image-preview:large, max-video-preview:-1\" \/>\n<link rel=\"canonical\" href=\"https:\/\/migenerali.es\/en\/insurance\/insurance-for-companies-and-self-employed-persons\/travel\/\" \/>\n<meta property=\"og:locale\" content=\"en_GB\" \/>\n<meta property=\"og:type\" content=\"article\" \/>\n<meta property=\"og:title\" content=\"Viaje - Federico Kroupensky | Asesor Mi Generali\" \/>\n<meta property=\"og:description\" content=\"Viaje - Federico Kroupensky | Asesor Mi Generali\" \/>\n<meta property=\"og:url\" content=\"https:\/\/migenerali.es\/en\/insurance\/insurance-for-companies-and-self-employed-persons\/travel\/\" \/>\n<meta property=\"og:site_name\" content=\"Federico Kroupensky | Asesor Mi Generali\" \/>\n<meta property=\"article:publisher\" content=\"https:\/\/www.facebook.com\/GeneraliAsesor\" \/>\n<meta property=\"article:modified_time\" content=\"2025-11-23T08:59:47+00:00\" \/>\n<meta property=\"og:image\" content=\"https:\/\/migenerali.es\/wp-content\/uploads\/2025\/11\/viajes1.jpg\" \/>\n\t<meta property=\"og:image:width\" content=\"800\" \/>\n\t<meta property=\"og:image:height\" content=\"600\" \/>\n\t<meta property=\"og:image:type\" content=\"image\/jpeg\" \/>\n<meta name=\"twitter:card\" content=\"summary_large_image\" \/>\n<meta name=\"twitter:site\" content=\"@fkroup\" \/>\n<meta name=\"twitter:label1\" content=\"Estimated reading time\" \/>\n\t<meta name=\"twitter:data1\" content=\"2 minutes\" \/>\n<script type=\"application\/ld+json\" class=\"yoast-schema-graph\">{\"@context\":\"https:\\\/\\\/schema.org\",\"@graph\":[{\"@type\":\"WebPage\",\"@id\":\"https:\\\/\\\/migenerali.es\\\/seguros\\\/seguros-para-empresas-y-autonomos\\\/viaje\\\/\",\"url\":\"https:\\\/\\\/migenerali.es\\\/seguros\\\/seguros-para-empresas-y-autonomos\\\/viaje\\\/\",\"name\":\"Viaje - Federico Kroupensky | Asesor Mi Generali\",\"isPartOf\":{\"@id\":\"https:\\\/\\\/migenerali.es\\\/#website\"},\"primaryImageOfPage\":{\"@id\":\"https:\\\/\\\/migenerali.es\\\/seguros\\\/seguros-para-empresas-y-autonomos\\\/viaje\\\/#primaryimage\"},\"image\":{\"@id\":\"https:\\\/\\\/migenerali.es\\\/seguros\\\/seguros-para-empresas-y-autonomos\\\/viaje\\\/#primaryimage\"},\"thumbnailUrl\":\"https:\\\/\\\/migenerali.es\\\/wp-content\\\/uploads\\\/2025\\\/11\\\/viajes1.jpg\",\"datePublished\":\"2025-10-02T20:45:21+00:00\",\"dateModified\":\"2025-11-23T08:59:47+00:00\",\"description\":\"Viaje - Federico Kroupensky | Asesor Mi Generali\",\"breadcrumb\":{\"@id\":\"https:\\\/\\\/migenerali.es\\\/seguros\\\/seguros-para-empresas-y-autonomos\\\/viaje\\\/#breadcrumb\"},\"inLanguage\":\"en-GB\",\"potentialAction\":[{\"@type\":\"ReadAction\",\"target\":[\"https:\\\/\\\/migenerali.es\\\/seguros\\\/seguros-para-empresas-y-autonomos\\\/viaje\\\/\"]}]},{\"@type\":\"ImageObject\",\"inLanguage\":\"en-GB\",\"@id\":\"https:\\\/\\\/migenerali.es\\\/seguros\\\/seguros-para-empresas-y-autonomos\\\/viaje\\\/#primaryimage\",\"url\":\"https:\\\/\\\/migenerali.es\\\/wp-content\\\/uploads\\\/2025\\\/11\\\/viajes1.jpg\",\"contentUrl\":\"https:\\\/\\\/migenerali.es\\\/wp-content\\\/uploads\\\/2025\\\/11\\\/viajes1.jpg\",\"width\":800,\"height\":600},{\"@type\":\"BreadcrumbList\",\"@id\":\"https:\\\/\\\/migenerali.es\\\/seguros\\\/seguros-para-empresas-y-autonomos\\\/viaje\\\/#breadcrumb\",\"itemListElement\":[{\"@type\":\"ListItem\",\"position\":1,\"name\":\"Portada\",\"item\":\"https:\\\/\\\/migenerali.es\\\/\"},{\"@type\":\"ListItem\",\"position\":2,\"name\":\"Seguros\",\"item\":\"https:\\\/\\\/migenerali.es\\\/seguros\\\/\"},{\"@type\":\"ListItem\",\"position\":3,\"name\":\"Seguros para Empresas y Aut\u00f3nomos\",\"item\":\"https:\\\/\\\/migenerali.es\\\/seguros\\\/seguros-para-empresas-y-autonomos\\\/\"},{\"@type\":\"ListItem\",\"position\":4,\"name\":\"Viaje\"}]},{\"@type\":\"WebSite\",\"@id\":\"https:\\\/\\\/migenerali.es\\\/#website\",\"url\":\"https:\\\/\\\/migenerali.es\\\/\",\"name\":\"Mi Generali by Federico Kroupensky - Asesor exlusivo de Seguros\",\"description\":\"Mi Generali es el sitio donde puedes encontrar la App de Mi Generali y solicitar Seguros en Espa\u00f1a\",\"publisher\":{\"@id\":\"https:\\\/\\\/migenerali.es\\\/#organization\"},\"alternateName\":\"Asesor Eclusivo de Seguros Mi Generali\",\"potentialAction\":[{\"@type\":\"SearchAction\",\"target\":{\"@type\":\"EntryPoint\",\"urlTemplate\":\"https:\\\/\\\/migenerali.es\\\/?s={search_term_string}\"},\"query-input\":{\"@type\":\"PropertyValueSpecification\",\"valueRequired\":true,\"valueName\":\"search_term_string\"}}],\"inLanguage\":\"en-GB\"},{\"@type\":\"Organization\",\"@id\":\"https:\\\/\\\/migenerali.es\\\/#organization\",\"name\":\"Mi Generali\",\"alternateName\":\"Generali Seguros - Federico Kroupensky\",\"url\":\"https:\\\/\\\/migenerali.es\\\/\",\"logo\":{\"@type\":\"ImageObject\",\"inLanguage\":\"en-GB\",\"@id\":\"https:\\\/\\\/migenerali.es\\\/#\\\/schema\\\/logo\\\/image\\\/\",\"url\":\"https:\\\/\\\/migenerali.es\\\/wp-content\\\/uploads\\\/2025\\\/11\\\/Logo-Generali-Wikipedia.jpg\",\"contentUrl\":\"https:\\\/\\\/migenerali.es\\\/wp-content\\\/uploads\\\/2025\\\/11\\\/Logo-Generali-Wikipedia.jpg\",\"width\":500,\"height\":350,\"caption\":\"Mi Generali\"},\"image\":{\"@id\":\"https:\\\/\\\/migenerali.es\\\/#\\\/schema\\\/logo\\\/image\\\/\"},\"sameAs\":[\"https:\\\/\\\/www.facebook.com\\\/GeneraliAsesor\",\"https:\\\/\\\/x.com\\\/fkroup\",\"https:\\\/\\\/www.instagram.com\\\/fkroupasesor\\\/\",\"https:\\\/\\\/www.linkedin.com\\\/in\\\/fkroup\\\/\"]}]}<\/script>\n<!-- \/ Yoast SEO plugin. -->","yoast_head_json":{"title":"Travel - Federico Kroupensky | My Generali Advisor","description":"Travel - Federico Kroupensky | My Generali Advisor","robots":{"index":"index","follow":"follow","max-snippet":"max-snippet:-1","max-image-preview":"max-image-preview:large","max-video-preview":"max-video-preview:-1"},"canonical":"https:\/\/migenerali.es\/en\/insurance\/insurance-for-companies-and-self-employed-persons\/travel\/","og_locale":"en_GB","og_type":"article","og_title":"Viaje - Federico Kroupensky | Asesor Mi Generali","og_description":"Viaje - Federico Kroupensky | Asesor Mi Generali","og_url":"https:\/\/migenerali.es\/en\/insurance\/insurance-for-companies-and-self-employed-persons\/travel\/","og_site_name":"Federico Kroupensky | Asesor Mi Generali","article_publisher":"https:\/\/www.facebook.com\/GeneraliAsesor","article_modified_time":"2025-11-23T08:59:47+00:00","og_image":[{"width":800,"height":600,"url":"https:\/\/migenerali.es\/wp-content\/uploads\/2025\/11\/viajes1.jpg","type":"image\/jpeg"}],"twitter_card":"summary_large_image","twitter_site":"@fkroup","twitter_misc":{"Estimated reading time":"2 minutes"},"schema":{"@context":"https:\/\/schema.org","@graph":[{"@type":"WebPage","@id":"https:\/\/migenerali.es\/seguros\/seguros-para-empresas-y-autonomos\/viaje\/","url":"https:\/\/migenerali.es\/seguros\/seguros-para-empresas-y-autonomos\/viaje\/","name":"Travel - Federico Kroupensky | My Generali Advisor","isPartOf":{"@id":"https:\/\/migenerali.es\/#website"},"primaryImageOfPage":{"@id":"https:\/\/migenerali.es\/seguros\/seguros-para-empresas-y-autonomos\/viaje\/#primaryimage"},"image":{"@id":"https:\/\/migenerali.es\/seguros\/seguros-para-empresas-y-autonomos\/viaje\/#primaryimage"},"thumbnailUrl":"https:\/\/migenerali.es\/wp-content\/uploads\/2025\/11\/viajes1.jpg","datePublished":"2025-10-02T20:45:21+00:00","dateModified":"2025-11-23T08:59:47+00:00","description":"Travel - Federico Kroupensky | My Generali Advisor","breadcrumb":{"@id":"https:\/\/migenerali.es\/seguros\/seguros-para-empresas-y-autonomos\/viaje\/#breadcrumb"},"inLanguage":"en-GB","potentialAction":[{"@type":"ReadAction","target":["https:\/\/migenerali.es\/seguros\/seguros-para-empresas-y-autonomos\/viaje\/"]}]},{"@type":"ImageObject","inLanguage":"en-GB","@id":"https:\/\/migenerali.es\/seguros\/seguros-para-empresas-y-autonomos\/viaje\/#primaryimage","url":"https:\/\/migenerali.es\/wp-content\/uploads\/2025\/11\/viajes1.jpg","contentUrl":"https:\/\/migenerali.es\/wp-content\/uploads\/2025\/11\/viajes1.jpg","width":800,"height":600},{"@type":"BreadcrumbList","@id":"https:\/\/migenerali.es\/seguros\/seguros-para-empresas-y-autonomos\/viaje\/#breadcrumb","itemListElement":[{"@type":"ListItem","position":1,"name":"Portada","item":"https:\/\/migenerali.es\/"},{"@type":"ListItem","position":2,"name":"Seguros","item":"https:\/\/migenerali.es\/seguros\/"},{"@type":"ListItem","position":3,"name":"Seguros para Empresas y Aut\u00f3nomos","item":"https:\/\/migenerali.es\/seguros\/seguros-para-empresas-y-autonomos\/"},{"@type":"ListItem","position":4,"name":"Viaje"}]},{"@type":"WebSite","@id":"https:\/\/migenerali.es\/#website","url":"https:\/\/migenerali.es\/","name":"My Generali by Federico Kroupensky - Exclusive Insurance Advisor","description":"My Generali is the place where you can find the My Generali App and apply for insurance in Spain.","publisher":{"@id":"https:\/\/migenerali.es\/#organization"},"alternateName":"Asesor Eclusivo de Seguros Mi Generali","potentialAction":[{"@type":"SearchAction","target":{"@type":"EntryPoint","urlTemplate":"https:\/\/migenerali.es\/?s={search_term_string}"},"query-input":{"@type":"PropertyValueSpecification","valueRequired":true,"valueName":"search_term_string"}}],"inLanguage":"en-GB"},{"@type":"Organization","@id":"https:\/\/migenerali.es\/#organization","name":"My Generali","alternateName":"Generali Seguros - Federico Kroupensky","url":"https:\/\/migenerali.es\/","logo":{"@type":"ImageObject","inLanguage":"en-GB","@id":"https:\/\/migenerali.es\/#\/schema\/logo\/image\/","url":"https:\/\/migenerali.es\/wp-content\/uploads\/2025\/11\/Logo-Generali-Wikipedia.jpg","contentUrl":"https:\/\/migenerali.es\/wp-content\/uploads\/2025\/11\/Logo-Generali-Wikipedia.jpg","width":500,"height":350,"caption":"Mi Generali"},"image":{"@id":"https:\/\/migenerali.es\/#\/schema\/logo\/image\/"},"sameAs":["https:\/\/www.facebook.com\/GeneraliAsesor","https:\/\/x.com\/fkroup","https:\/\/www.instagram.com\/fkroupasesor\/","https:\/\/www.linkedin.com\/in\/fkroup\/"]}]}},"_links":{"self":[{"href":"https:\/\/migenerali.es\/en\/wp-json\/wp\/v2\/pages\/1105","targetHints":{"allow":["GET"]}}],"collection":[{"href":"https:\/\/migenerali.es\/en\/wp-json\/wp\/v2\/pages"}],"about":[{"href":"https:\/\/migenerali.es\/en\/wp-json\/wp\/v2\/types\/page"}],"author":[{"embeddable":true,"href":"https:\/\/migenerali.es\/en\/wp-json\/wp\/v2\/users\/2"}],"replies":[{"embeddable":true,"href":"https:\/\/migenerali.es\/en\/wp-json\/wp\/v2\/comments?post=1105"}],"version-history":[{"count":25,"href":"https:\/\/migenerali.es\/en\/wp-json\/wp\/v2\/pages\/1105\/revisions"}],"predecessor-version":[{"id":1838,"href":"https:\/\/migenerali.es\/en\/wp-json\/wp\/v2\/pages\/1105\/revisions\/1838"}],"up":[{"embeddable":true,"href":"https:\/\/migenerali.es\/en\/wp-json\/wp\/v2\/pages\/436"}],"wp:featuredmedia":[{"embeddable":true,"href":"https:\/\/migenerali.es\/en\/wp-json\/wp\/v2\/media\/1669"}],"wp:attachment":[{"href":"https:\/\/migenerali.es\/en\/wp-json\/wp\/v2\/media?parent=1105"}],"curies":[{"name":"wp","href":"https:\/\/api.w.org\/{rel}","templated":true}]}}