{"id":1056,"date":"2025-10-02T22:20:06","date_gmt":"2025-10-02T20:20:06","guid":{"rendered":"https:\/\/migenerali.es\/?page_id=1056"},"modified":"2025-11-24T19:52:20","modified_gmt":"2025-11-24T18:52:20","slug":"savings-and-investment-insurance","status":"publish","type":"page","link":"https:\/\/migenerali.es\/en\/insurance\/insurance-for-individuals\/savings-and-investment-insurance\/","title":{"rendered":"Savings and investment insurance"},"content":{"rendered":"<div data-elementor-type=\"wp-page\" data-elementor-id=\"1056\" class=\"elementor elementor-1056\" data-elementor-post-type=\"page\">\n\t\t\t\t<div class=\"elementor-element elementor-element-1e76409b e-flex e-con-boxed e-con e-parent\" data-id=\"1e76409b\" data-element_type=\"container\" data-e-type=\"container\">\n\t\t\t\t\t<div class=\"e-con-inner\">\n\t\t\t\t<div class=\"elementor-element elementor-element-128edba elementor-widget__width-initial elementor-widget-tablet__width-inherit elementor-widget elementor-widget-image\" data-id=\"128edba\" data-element_type=\"widget\" data-e-type=\"widget\" data-widget_type=\"image.default\">\n\t\t\t\t<div class=\"elementor-widget-container\">\n\t\t\t\t\t\t\t\t\t\t\t\t\t\t\t<img fetchpriority=\"high\" decoding=\"async\" width=\"1667\" height=\"1667\" src=\"https:\/\/migenerali.es\/wp-content\/uploads\/2025\/11\/seguro12.png\" class=\"attachment-full size-full wp-image-1429\" alt=\"\" srcset=\"https:\/\/migenerali.es\/wp-content\/uploads\/2025\/11\/seguro12.png 1667w, https:\/\/migenerali.es\/wp-content\/uploads\/2025\/11\/seguro12-300x300.png 300w, https:\/\/migenerali.es\/wp-content\/uploads\/2025\/11\/seguro12-1024x1024.png 1024w, https:\/\/migenerali.es\/wp-content\/uploads\/2025\/11\/seguro12-150x150.png 150w, https:\/\/migenerali.es\/wp-content\/uploads\/2025\/11\/seguro12-768x768.png 768w, https:\/\/migenerali.es\/wp-content\/uploads\/2025\/11\/seguro12-1536x1536.png 1536w\" sizes=\"(max-width: 1667px) 100vw, 1667px\" \/>\t\t\t\t\t\t\t\t\t\t\t\t\t\t\t<\/div>\n\t\t\t\t<\/div>\n\t\t<div class=\"elementor-element elementor-element-12bff4b6 e-con-full e-flex e-con e-child\" data-id=\"12bff4b6\" data-element_type=\"container\" data-e-type=\"container\">\n\t\t\t\t<div class=\"elementor-element elementor-element-19ef2f53 elementor-widget elementor-widget-heading\" data-id=\"19ef2f53\" data-element_type=\"widget\" data-e-type=\"widget\" data-widget_type=\"heading.default\">\n\t\t\t\t<div class=\"elementor-widget-container\">\n\t\t\t\t\t<h1 class=\"elementor-heading-title elementor-size-default\">Savings and investment insurance<\/h1>\t\t\t\t<\/div>\n\t\t\t\t<\/div>\n\t\t\t\t<div class=\"elementor-element elementor-element-cfe88f9 elementor-widget elementor-widget-heading\" data-id=\"cfe88f9\" data-element_type=\"widget\" data-e-type=\"widget\" data-widget_type=\"heading.default\">\n\t\t\t\t<div class=\"elementor-widget-container\">\n\t\t\t\t\t<h2 class=\"elementor-heading-title elementor-size-default\">Protection designed for every stage of your life.<\/h2>\t\t\t\t<\/div>\n\t\t\t\t<\/div>\n\t\t\t\t<div class=\"elementor-element elementor-element-3cb4f8f3 elementor-widget elementor-widget-text-editor\" data-id=\"3cb4f8f3\" data-element_type=\"widget\" data-e-type=\"widget\" data-widget_type=\"text-editor.default\">\n\t\t\t\t<div class=\"elementor-widget-container\">\n\t\t\t\t\t\t\t\t\t<p data-start=\"192\" data-end=\"443\">General description of the type of insurance<\/p>\t\t\t\t\t\t\t\t<\/div>\n\t\t\t\t<\/div>\n\t\t<div class=\"elementor-element elementor-element-648b54c0 e-con-full e-grid e-con e-child\" data-id=\"648b54c0\" data-element_type=\"container\" data-e-type=\"container\">\n\t\t<div class=\"elementor-element elementor-element-74b956d8 e-con-full e-flex e-con e-child\" data-id=\"74b956d8\" data-element_type=\"container\" data-e-type=\"container\" data-settings=\"{&quot;background_background&quot;:&quot;classic&quot;}\">\n\t\t\t\t<div class=\"elementor-element elementor-element-4134c184 elementor-widget-mobile__width-initial elementor-widget elementor-widget-heading\" data-id=\"4134c184\" data-element_type=\"widget\" data-e-type=\"widget\" data-widget_type=\"heading.default\">\n\t\t\t\t<div class=\"elementor-widget-container\">\n\t\t\t\t\t<h5 class=\"elementor-heading-title elementor-size-default\">Customised Insurance Solutions<\/h5>\t\t\t\t<\/div>\n\t\t\t\t<\/div>\n\t\t\t\t<div class=\"elementor-element elementor-element-11089674 elementor-widget elementor-widget-text-editor\" data-id=\"11089674\" data-element_type=\"widget\" data-e-type=\"widget\" data-widget_type=\"text-editor.default\">\n\t\t\t\t<div class=\"elementor-widget-container\">\n\t\t\t\t\t\t\t\t\t<p>Every person and every situation is different. Health Insurance for Expatriates in Spain<\/p>\t\t\t\t\t\t\t\t<\/div>\n\t\t\t\t<\/div>\n\t\t\t\t<\/div>\n\t\t<div class=\"elementor-element elementor-element-e3c76d e-con-full e-flex e-con e-child\" data-id=\"e3c76d\" data-element_type=\"container\" data-e-type=\"container\" data-settings=\"{&quot;background_background&quot;:&quot;classic&quot;}\">\n\t\t\t\t<div class=\"elementor-element elementor-element-458f1eeb elementor-widget-mobile__width-initial elementor-widget elementor-widget-heading\" data-id=\"458f1eeb\" data-element_type=\"widget\" data-e-type=\"widget\" data-widget_type=\"heading.default\">\n\t\t\t\t<div class=\"elementor-widget-container\">\n\t\t\t\t\t<h5 class=\"elementor-heading-title elementor-size-default\">Transparent and Reliable Service<\/h5>\t\t\t\t<\/div>\n\t\t\t\t<\/div>\n\t\t\t\t<div class=\"elementor-element elementor-element-65f0d700 elementor-widget elementor-widget-text-editor\" data-id=\"65f0d700\" data-element_type=\"widget\" data-e-type=\"widget\" data-widget_type=\"text-editor.default\">\n\t\t\t\t<div class=\"elementor-widget-container\">\n\t\t\t\t\t\t\t\t\t<p>You will always have clarity at every step, no co-pays valid for VISA.<\/p>\t\t\t\t\t\t\t\t<\/div>\n\t\t\t\t<\/div>\n\t\t\t\t<\/div>\n\t\t\t\t<\/div>\n\t\t\t\t<\/div>\n\t\t\t\t\t<\/div>\n\t\t\t\t<\/div>\n\t\t<div class=\"elementor-element elementor-element-5842bc34 e-flex e-con-boxed e-con e-parent\" data-id=\"5842bc34\" data-element_type=\"container\" data-e-type=\"container\" data-settings=\"{&quot;background_background&quot;:&quot;classic&quot;}\">\n\t\t\t\t\t<div class=\"e-con-inner\">\n\t\t<div class=\"elementor-element elementor-element-2e76bfc2 e-con-full e-grid e-con e-child\" data-id=\"2e76bfc2\" data-element_type=\"container\" data-e-type=\"container\">\n\t\t<div class=\"elementor-element elementor-element-1d83e25c e-con-full e-flex e-con e-child\" data-id=\"1d83e25c\" data-element_type=\"container\" data-e-type=\"container\" data-settings=\"{&quot;background_background&quot;:&quot;gradient&quot;}\">\n\t\t\t\t<div class=\"elementor-element elementor-element-5137ec08 elementor-position-top elementor-widget elementor-widget-image-box\" data-id=\"5137ec08\" data-element_type=\"widget\" data-e-type=\"widget\" data-widget_type=\"image-box.default\">\n\t\t\t\t<div class=\"elementor-widget-container\">\n\t\t\t\t\t<div class=\"elementor-image-box-wrapper\"><figure class=\"elementor-image-box-img\"><a href=\"https:\/\/migenerali.es\/en\/insurance\/insurance-for-individuals\/savings-and-investment-insurance\/interactive-savings-and-investment-insurance\/\" tabindex=\"-1\"><img decoding=\"async\" width=\"800\" height=\"600\" src=\"https:\/\/migenerali.es\/wp-content\/uploads\/2025\/11\/pension1.jpg\" class=\"attachment-full size-full wp-image-1515\" alt=\"\" srcset=\"https:\/\/migenerali.es\/wp-content\/uploads\/2025\/11\/pension1.jpg 800w, https:\/\/migenerali.es\/wp-content\/uploads\/2025\/11\/pension1-300x225.jpg 300w, https:\/\/migenerali.es\/wp-content\/uploads\/2025\/11\/pension1-768x576.jpg 768w\" sizes=\"(max-width: 800px) 100vw, 800px\" \/><\/a><\/figure><div class=\"elementor-image-box-content\"><div class=\"elementor-image-box-title\"><a href=\"https:\/\/migenerali.es\/en\/insurance\/insurance-for-individuals\/savings-and-investment-insurance\/interactive-savings-and-investment-insurance\/\">Individual forecasting<\/a><\/div><\/div><\/div>\t\t\t\t<\/div>\n\t\t\t\t<\/div>\n\t\t\t\t<div class=\"elementor-element elementor-element-2e0d369d elementor-widget elementor-widget-button\" data-id=\"2e0d369d\" data-element_type=\"widget\" data-e-type=\"widget\" data-widget_type=\"button.default\">\n\t\t\t\t<div class=\"elementor-widget-container\">\n\t\t\t\t\t\t\t\t\t<div class=\"elementor-button-wrapper\">\n\t\t\t\t\t<a class=\"elementor-button elementor-button-link elementor-size-sm\" href=\"https:\/\/migenerali.es\/en\/insurance\/insurance-for-individuals\/savings-and-investment-insurance\/interactive-savings-and-investment-insurance\/\">\n\t\t\t\t\t\t<span class=\"elementor-button-content-wrapper\">\n\t\t\t\t\t\t\t\t\t<span class=\"elementor-button-text\">Find out more<\/span>\n\t\t\t\t\t<\/span>\n\t\t\t\t\t<\/a>\n\t\t\t\t<\/div>\n\t\t\t\t\t\t\t\t<\/div>\n\t\t\t\t<\/div>\n\t\t\t\t<\/div>\n\t\t<div class=\"elementor-element elementor-element-5f41d688 e-con-full e-flex e-con e-child\" data-id=\"5f41d688\" data-element_type=\"container\" data-e-type=\"container\" data-settings=\"{&quot;background_background&quot;:&quot;gradient&quot;}\">\n\t\t\t\t<div class=\"elementor-element elementor-element-6607e99d elementor-position-top elementor-widget elementor-widget-image-box\" data-id=\"6607e99d\" data-element_type=\"widget\" data-e-type=\"widget\" data-widget_type=\"image-box.default\">\n\t\t\t\t<div class=\"elementor-widget-container\">\n\t\t\t\t\t<div class=\"elementor-image-box-wrapper\"><figure class=\"elementor-image-box-img\"><a href=\"https:\/\/migenerali.es\/en\/insurance\/insurance-for-individuals\/savings-and-investment-insurance\/interactive-savings-and-investment-insurance\/\" tabindex=\"-1\"><img decoding=\"async\" width=\"800\" height=\"600\" src=\"https:\/\/migenerali.es\/wp-content\/uploads\/2025\/11\/pension4.jpg\" class=\"attachment-full size-full wp-image-1512\" alt=\"\" srcset=\"https:\/\/migenerali.es\/wp-content\/uploads\/2025\/11\/pension4.jpg 800w, https:\/\/migenerali.es\/wp-content\/uploads\/2025\/11\/pension4-300x225.jpg 300w, https:\/\/migenerali.es\/wp-content\/uploads\/2025\/11\/pension4-768x576.jpg 768w\" sizes=\"(max-width: 800px) 100vw, 800px\" \/><\/a><\/figure><div class=\"elementor-image-box-content\"><div class=\"elementor-image-box-title\"><a href=\"https:\/\/migenerali.es\/en\/insurance\/insurance-for-individuals\/savings-and-investment-insurance\/interactive-savings-and-investment-insurance\/\">PIAS<\/a><\/div><\/div><\/div>\t\t\t\t<\/div>\n\t\t\t\t<\/div>\n\t\t\t\t<div class=\"elementor-element elementor-element-201f1bf0 elementor-widget elementor-widget-button\" data-id=\"201f1bf0\" data-element_type=\"widget\" data-e-type=\"widget\" data-widget_type=\"button.default\">\n\t\t\t\t<div class=\"elementor-widget-container\">\n\t\t\t\t\t\t\t\t\t<div class=\"elementor-button-wrapper\">\n\t\t\t\t\t<a class=\"elementor-button elementor-button-link elementor-size-sm\" href=\"https:\/\/migenerali.es\/en\/insurance\/insurance-for-individuals\/savings-and-investment-insurance\/interactive-savings-and-investment-insurance\/\">\n\t\t\t\t\t\t<span class=\"elementor-button-content-wrapper\">\n\t\t\t\t\t\t\t\t\t<span class=\"elementor-button-text\">Find out more<\/span>\n\t\t\t\t\t<\/span>\n\t\t\t\t\t<\/a>\n\t\t\t\t<\/div>\n\t\t\t\t\t\t\t\t<\/div>\n\t\t\t\t<\/div>\n\t\t\t\t<\/div>\n\t\t<div class=\"elementor-element elementor-element-79bd941 e-con-full e-flex e-con e-child\" data-id=\"79bd941\" data-element_type=\"container\" data-e-type=\"container\" data-settings=\"{&quot;background_background&quot;:&quot;gradient&quot;}\">\n\t\t\t\t<div class=\"elementor-element elementor-element-39151ad elementor-position-top elementor-widget elementor-widget-image-box\" data-id=\"39151ad\" data-element_type=\"widget\" data-e-type=\"widget\" data-widget_type=\"image-box.default\">\n\t\t\t\t<div class=\"elementor-widget-container\">\n\t\t\t\t\t<div class=\"elementor-image-box-wrapper\"><figure class=\"elementor-image-box-img\"><a href=\"https:\/\/migenerali.es\/en\/insurance\/insurance-for-individuals\/savings-and-investment-insurance\/interactive-savings-and-investment-insurance\/\" tabindex=\"-1\"><img loading=\"lazy\" decoding=\"async\" width=\"800\" height=\"600\" src=\"https:\/\/migenerali.es\/wp-content\/uploads\/2025\/11\/pension3.jpg\" class=\"attachment-full size-full wp-image-1513\" alt=\"\" srcset=\"https:\/\/migenerali.es\/wp-content\/uploads\/2025\/11\/pension3.jpg 800w, https:\/\/migenerali.es\/wp-content\/uploads\/2025\/11\/pension3-300x225.jpg 300w, https:\/\/migenerali.es\/wp-content\/uploads\/2025\/11\/pension3-768x576.jpg 768w\" sizes=\"(max-width: 800px) 100vw, 800px\" \/><\/a><\/figure><div class=\"elementor-image-box-content\"><div class=\"elementor-image-box-title\"><a href=\"https:\/\/migenerali.es\/en\/insurance\/insurance-for-individuals\/savings-and-investment-insurance\/interactive-savings-and-investment-insurance\/\">Multinvestment<\/a><\/div><\/div><\/div>\t\t\t\t<\/div>\n\t\t\t\t<\/div>\n\t\t\t\t<div class=\"elementor-element elementor-element-4112e40 elementor-widget elementor-widget-button\" data-id=\"4112e40\" data-element_type=\"widget\" data-e-type=\"widget\" data-widget_type=\"button.default\">\n\t\t\t\t<div class=\"elementor-widget-container\">\n\t\t\t\t\t\t\t\t\t<div class=\"elementor-button-wrapper\">\n\t\t\t\t\t<a class=\"elementor-button elementor-button-link elementor-size-sm\" href=\"https:\/\/migenerali.es\/en\/insurance\/insurance-for-individuals\/savings-and-investment-insurance\/interactive-savings-and-investment-insurance\/\">\n\t\t\t\t\t\t<span class=\"elementor-button-content-wrapper\">\n\t\t\t\t\t\t\t\t\t<span class=\"elementor-button-text\">Find out more<\/span>\n\t\t\t\t\t<\/span>\n\t\t\t\t\t<\/a>\n\t\t\t\t<\/div>\n\t\t\t\t\t\t\t\t<\/div>\n\t\t\t\t<\/div>\n\t\t\t\t<\/div>\n\t\t\t\t<\/div>\n\t\t<div class=\"elementor-element elementor-element-2a4acba9 e-con-full e-flex e-con e-child\" data-id=\"2a4acba9\" data-element_type=\"container\" data-e-type=\"container\">\n\t\t\t\t<div class=\"elementor-element elementor-element-35eda8b0 elementor-align-center elementor-widget elementor-widget-button\" data-id=\"35eda8b0\" data-element_type=\"widget\" data-e-type=\"widget\" data-widget_type=\"button.default\">\n\t\t\t\t<div class=\"elementor-widget-container\">\n\t\t\t\t\t\t\t\t\t<div class=\"elementor-button-wrapper\">\n\t\t\t\t\t<a class=\"elementor-button elementor-button-link elementor-size-sm\" href=\"#apps\">\n\t\t\t\t\t\t<span class=\"elementor-button-content-wrapper\">\n\t\t\t\t\t\t\t\t\t<span class=\"elementor-button-text\">Download the My Generali app<\/span>\n\t\t\t\t\t<\/span>\n\t\t\t\t\t<\/a>\n\t\t\t\t<\/div>\n\t\t\t\t\t\t\t\t<\/div>\n\t\t\t\t<\/div>\n\t\t\t\t<\/div>\n\t\t\t\t\t<\/div>\n\t\t\t\t<\/div>\n\t\t\t\t<\/div>","protected":false},"excerpt":{"rendered":"<p>Protecci\u00f3n dise\u00f1ada para cada etapa de tu vida. Descripci\u00f3n general del tipo de seguro Soluciones de Seguros Personalizadas Cada persona y cada situaci\u00f3n es distinta. Por eso adapto la cobertura a tus necesidades reales. Servicio Transparente y de Confianza Siempre tendr\u00e1s claridad en cada paso, sin letras peque\u00f1as y con el respaldo de una atenci\u00f3n [&hellip;]<\/p>\n","protected":false},"author":2,"featured_media":1513,"parent":435,"menu_order":3,"comment_status":"closed","ping_status":"closed","template":"","meta":{"_joinchat":[],"footnotes":""},"class_list":["post-1056","page","type-page","status-publish","has-post-thumbnail","hentry"],"yoast_head":"<!-- This site is optimized with the Yoast SEO plugin v27.4 - https:\/\/yoast.com\/product\/yoast-seo-wordpress\/ -->\n<title>Seguros de ahorro e inversi\u00f3n - Federico Kroupensky | Asesor Mi Generali<\/title>\n<meta name=\"description\" content=\"Seguros de ahorro e inversi\u00f3n - Federico Kroupensky | Asesor Mi Generali\" \/>\n<meta name=\"robots\" content=\"index, follow, max-snippet:-1, max-image-preview:large, max-video-preview:-1\" \/>\n<link rel=\"canonical\" href=\"https:\/\/migenerali.es\/en\/insurance\/insurance-for-individuals\/savings-and-investment-insurance\/\" \/>\n<meta property=\"og:locale\" content=\"en_GB\" \/>\n<meta property=\"og:type\" content=\"article\" \/>\n<meta property=\"og:title\" content=\"Seguros de ahorro e inversi\u00f3n - Federico Kroupensky | Asesor Mi Generali\" \/>\n<meta property=\"og:description\" content=\"Seguros de ahorro e inversi\u00f3n - Federico Kroupensky | Asesor Mi Generali\" \/>\n<meta property=\"og:url\" content=\"https:\/\/migenerali.es\/en\/insurance\/insurance-for-individuals\/savings-and-investment-insurance\/\" \/>\n<meta property=\"og:site_name\" content=\"Federico Kroupensky | Asesor Mi Generali\" \/>\n<meta property=\"article:publisher\" content=\"https:\/\/www.facebook.com\/GeneraliAsesor\" \/>\n<meta property=\"article:modified_time\" content=\"2025-11-24T18:52:20+00:00\" \/>\n<meta property=\"og:image\" content=\"https:\/\/migenerali.es\/wp-content\/uploads\/2025\/11\/pension3.jpg\" \/>\n\t<meta property=\"og:image:width\" content=\"800\" \/>\n\t<meta property=\"og:image:height\" content=\"600\" \/>\n\t<meta property=\"og:image:type\" content=\"image\/jpeg\" \/>\n<meta name=\"twitter:card\" content=\"summary_large_image\" \/>\n<meta name=\"twitter:site\" content=\"@fkroup\" \/>\n<script type=\"application\/ld+json\" class=\"yoast-schema-graph\">{\"@context\":\"https:\\\/\\\/schema.org\",\"@graph\":[{\"@type\":\"WebPage\",\"@id\":\"https:\\\/\\\/migenerali.es\\\/seguros\\\/seguros-para-particulares\\\/seguros-de-ahorro-e-inversion\\\/\",\"url\":\"https:\\\/\\\/migenerali.es\\\/seguros\\\/seguros-para-particulares\\\/seguros-de-ahorro-e-inversion\\\/\",\"name\":\"Seguros de ahorro e inversi\u00f3n - Federico Kroupensky | Asesor Mi Generali\",\"isPartOf\":{\"@id\":\"https:\\\/\\\/migenerali.es\\\/#website\"},\"primaryImageOfPage\":{\"@id\":\"https:\\\/\\\/migenerali.es\\\/seguros\\\/seguros-para-particulares\\\/seguros-de-ahorro-e-inversion\\\/#primaryimage\"},\"image\":{\"@id\":\"https:\\\/\\\/migenerali.es\\\/seguros\\\/seguros-para-particulares\\\/seguros-de-ahorro-e-inversion\\\/#primaryimage\"},\"thumbnailUrl\":\"https:\\\/\\\/migenerali.es\\\/wp-content\\\/uploads\\\/2025\\\/11\\\/pension3.jpg\",\"datePublished\":\"2025-10-02T20:20:06+00:00\",\"dateModified\":\"2025-11-24T18:52:20+00:00\",\"description\":\"Seguros de ahorro e inversi\u00f3n - Federico Kroupensky | Asesor Mi Generali\",\"breadcrumb\":{\"@id\":\"https:\\\/\\\/migenerali.es\\\/seguros\\\/seguros-para-particulares\\\/seguros-de-ahorro-e-inversion\\\/#breadcrumb\"},\"inLanguage\":\"en-GB\",\"potentialAction\":[{\"@type\":\"ReadAction\",\"target\":[\"https:\\\/\\\/migenerali.es\\\/seguros\\\/seguros-para-particulares\\\/seguros-de-ahorro-e-inversion\\\/\"]}]},{\"@type\":\"ImageObject\",\"inLanguage\":\"en-GB\",\"@id\":\"https:\\\/\\\/migenerali.es\\\/seguros\\\/seguros-para-particulares\\\/seguros-de-ahorro-e-inversion\\\/#primaryimage\",\"url\":\"https:\\\/\\\/migenerali.es\\\/wp-content\\\/uploads\\\/2025\\\/11\\\/pension3.jpg\",\"contentUrl\":\"https:\\\/\\\/migenerali.es\\\/wp-content\\\/uploads\\\/2025\\\/11\\\/pension3.jpg\",\"width\":800,\"height\":600},{\"@type\":\"BreadcrumbList\",\"@id\":\"https:\\\/\\\/migenerali.es\\\/seguros\\\/seguros-para-particulares\\\/seguros-de-ahorro-e-inversion\\\/#breadcrumb\",\"itemListElement\":[{\"@type\":\"ListItem\",\"position\":1,\"name\":\"Portada\",\"item\":\"https:\\\/\\\/migenerali.es\\\/\"},{\"@type\":\"ListItem\",\"position\":2,\"name\":\"Seguros\",\"item\":\"https:\\\/\\\/migenerali.es\\\/seguros\\\/\"},{\"@type\":\"ListItem\",\"position\":3,\"name\":\"Seguros para particulares Generali\",\"item\":\"https:\\\/\\\/migenerali.es\\\/seguros\\\/seguros-para-particulares\\\/\"},{\"@type\":\"ListItem\",\"position\":4,\"name\":\"Seguros de ahorro e inversi\u00f3n\"}]},{\"@type\":\"WebSite\",\"@id\":\"https:\\\/\\\/migenerali.es\\\/#website\",\"url\":\"https:\\\/\\\/migenerali.es\\\/\",\"name\":\"Mi Generali by Federico Kroupensky - Asesor exlusivo de Seguros\",\"description\":\"Mi Generali es el sitio donde puedes encontrar la App de Mi Generali y solicitar Seguros en Espa\u00f1a\",\"publisher\":{\"@id\":\"https:\\\/\\\/migenerali.es\\\/#organization\"},\"alternateName\":\"Asesor Eclusivo de Seguros Mi Generali\",\"potentialAction\":[{\"@type\":\"SearchAction\",\"target\":{\"@type\":\"EntryPoint\",\"urlTemplate\":\"https:\\\/\\\/migenerali.es\\\/?s={search_term_string}\"},\"query-input\":{\"@type\":\"PropertyValueSpecification\",\"valueRequired\":true,\"valueName\":\"search_term_string\"}}],\"inLanguage\":\"en-GB\"},{\"@type\":\"Organization\",\"@id\":\"https:\\\/\\\/migenerali.es\\\/#organization\",\"name\":\"Mi Generali\",\"alternateName\":\"Generali Seguros - Federico Kroupensky\",\"url\":\"https:\\\/\\\/migenerali.es\\\/\",\"logo\":{\"@type\":\"ImageObject\",\"inLanguage\":\"en-GB\",\"@id\":\"https:\\\/\\\/migenerali.es\\\/#\\\/schema\\\/logo\\\/image\\\/\",\"url\":\"https:\\\/\\\/migenerali.es\\\/wp-content\\\/uploads\\\/2025\\\/11\\\/Logo-Generali-Wikipedia.jpg\",\"contentUrl\":\"https:\\\/\\\/migenerali.es\\\/wp-content\\\/uploads\\\/2025\\\/11\\\/Logo-Generali-Wikipedia.jpg\",\"width\":500,\"height\":350,\"caption\":\"Mi Generali\"},\"image\":{\"@id\":\"https:\\\/\\\/migenerali.es\\\/#\\\/schema\\\/logo\\\/image\\\/\"},\"sameAs\":[\"https:\\\/\\\/www.facebook.com\\\/GeneraliAsesor\",\"https:\\\/\\\/x.com\\\/fkroup\",\"https:\\\/\\\/www.instagram.com\\\/fkroupasesor\\\/\",\"https:\\\/\\\/www.linkedin.com\\\/in\\\/fkroup\\\/\"]}]}<\/script>\n<!-- \/ Yoast SEO plugin. -->","yoast_head_json":{"title":"Savings and Investment Insurance - Federico Kroupensky | Advisor My Generali","description":"Savings and Investment Insurance - Federico Kroupensky | Advisor My Generali","robots":{"index":"index","follow":"follow","max-snippet":"max-snippet:-1","max-image-preview":"max-image-preview:large","max-video-preview":"max-video-preview:-1"},"canonical":"https:\/\/migenerali.es\/en\/insurance\/insurance-for-individuals\/savings-and-investment-insurance\/","og_locale":"en_GB","og_type":"article","og_title":"Seguros de ahorro e inversi\u00f3n - Federico Kroupensky | Asesor Mi Generali","og_description":"Seguros de ahorro e inversi\u00f3n - Federico Kroupensky | Asesor Mi Generali","og_url":"https:\/\/migenerali.es\/en\/insurance\/insurance-for-individuals\/savings-and-investment-insurance\/","og_site_name":"Federico Kroupensky | Asesor Mi Generali","article_publisher":"https:\/\/www.facebook.com\/GeneraliAsesor","article_modified_time":"2025-11-24T18:52:20+00:00","og_image":[{"width":800,"height":600,"url":"https:\/\/migenerali.es\/wp-content\/uploads\/2025\/11\/pension3.jpg","type":"image\/jpeg"}],"twitter_card":"summary_large_image","twitter_site":"@fkroup","schema":{"@context":"https:\/\/schema.org","@graph":[{"@type":"WebPage","@id":"https:\/\/migenerali.es\/seguros\/seguros-para-particulares\/seguros-de-ahorro-e-inversion\/","url":"https:\/\/migenerali.es\/seguros\/seguros-para-particulares\/seguros-de-ahorro-e-inversion\/","name":"Savings and Investment Insurance - Federico Kroupensky | Advisor My Generali","isPartOf":{"@id":"https:\/\/migenerali.es\/#website"},"primaryImageOfPage":{"@id":"https:\/\/migenerali.es\/seguros\/seguros-para-particulares\/seguros-de-ahorro-e-inversion\/#primaryimage"},"image":{"@id":"https:\/\/migenerali.es\/seguros\/seguros-para-particulares\/seguros-de-ahorro-e-inversion\/#primaryimage"},"thumbnailUrl":"https:\/\/migenerali.es\/wp-content\/uploads\/2025\/11\/pension3.jpg","datePublished":"2025-10-02T20:20:06+00:00","dateModified":"2025-11-24T18:52:20+00:00","description":"Savings and Investment Insurance - Federico Kroupensky | Advisor My Generali","breadcrumb":{"@id":"https:\/\/migenerali.es\/seguros\/seguros-para-particulares\/seguros-de-ahorro-e-inversion\/#breadcrumb"},"inLanguage":"en-GB","potentialAction":[{"@type":"ReadAction","target":["https:\/\/migenerali.es\/seguros\/seguros-para-particulares\/seguros-de-ahorro-e-inversion\/"]}]},{"@type":"ImageObject","inLanguage":"en-GB","@id":"https:\/\/migenerali.es\/seguros\/seguros-para-particulares\/seguros-de-ahorro-e-inversion\/#primaryimage","url":"https:\/\/migenerali.es\/wp-content\/uploads\/2025\/11\/pension3.jpg","contentUrl":"https:\/\/migenerali.es\/wp-content\/uploads\/2025\/11\/pension3.jpg","width":800,"height":600},{"@type":"BreadcrumbList","@id":"https:\/\/migenerali.es\/seguros\/seguros-para-particulares\/seguros-de-ahorro-e-inversion\/#breadcrumb","itemListElement":[{"@type":"ListItem","position":1,"name":"Portada","item":"https:\/\/migenerali.es\/"},{"@type":"ListItem","position":2,"name":"Seguros","item":"https:\/\/migenerali.es\/seguros\/"},{"@type":"ListItem","position":3,"name":"Seguros para particulares Generali","item":"https:\/\/migenerali.es\/seguros\/seguros-para-particulares\/"},{"@type":"ListItem","position":4,"name":"Seguros de ahorro e inversi\u00f3n"}]},{"@type":"WebSite","@id":"https:\/\/migenerali.es\/#website","url":"https:\/\/migenerali.es\/","name":"My Generali by Federico Kroupensky - Exclusive Insurance Advisor","description":"My Generali is the place where you can find the My Generali App and apply for insurance in Spain.","publisher":{"@id":"https:\/\/migenerali.es\/#organization"},"alternateName":"Asesor Eclusivo de Seguros Mi Generali","potentialAction":[{"@type":"SearchAction","target":{"@type":"EntryPoint","urlTemplate":"https:\/\/migenerali.es\/?s={search_term_string}"},"query-input":{"@type":"PropertyValueSpecification","valueRequired":true,"valueName":"search_term_string"}}],"inLanguage":"en-GB"},{"@type":"Organization","@id":"https:\/\/migenerali.es\/#organization","name":"My Generali","alternateName":"Generali Seguros - Federico Kroupensky","url":"https:\/\/migenerali.es\/","logo":{"@type":"ImageObject","inLanguage":"en-GB","@id":"https:\/\/migenerali.es\/#\/schema\/logo\/image\/","url":"https:\/\/migenerali.es\/wp-content\/uploads\/2025\/11\/Logo-Generali-Wikipedia.jpg","contentUrl":"https:\/\/migenerali.es\/wp-content\/uploads\/2025\/11\/Logo-Generali-Wikipedia.jpg","width":500,"height":350,"caption":"Mi Generali"},"image":{"@id":"https:\/\/migenerali.es\/#\/schema\/logo\/image\/"},"sameAs":["https:\/\/www.facebook.com\/GeneraliAsesor","https:\/\/x.com\/fkroup","https:\/\/www.instagram.com\/fkroupasesor\/","https:\/\/www.linkedin.com\/in\/fkroup\/"]}]}},"_links":{"self":[{"href":"https:\/\/migenerali.es\/en\/wp-json\/wp\/v2\/pages\/1056","targetHints":{"allow":["GET"]}}],"collection":[{"href":"https:\/\/migenerali.es\/en\/wp-json\/wp\/v2\/pages"}],"about":[{"href":"https:\/\/migenerali.es\/en\/wp-json\/wp\/v2\/types\/page"}],"author":[{"embeddable":true,"href":"https:\/\/migenerali.es\/en\/wp-json\/wp\/v2\/users\/2"}],"replies":[{"embeddable":true,"href":"https:\/\/migenerali.es\/en\/wp-json\/wp\/v2\/comments?post=1056"}],"version-history":[{"count":28,"href":"https:\/\/migenerali.es\/en\/wp-json\/wp\/v2\/pages\/1056\/revisions"}],"predecessor-version":[{"id":1912,"href":"https:\/\/migenerali.es\/en\/wp-json\/wp\/v2\/pages\/1056\/revisions\/1912"}],"up":[{"embeddable":true,"href":"https:\/\/migenerali.es\/en\/wp-json\/wp\/v2\/pages\/435"}],"wp:featuredmedia":[{"embeddable":true,"href":"https:\/\/migenerali.es\/en\/wp-json\/wp\/v2\/media\/1513"}],"wp:attachment":[{"href":"https:\/\/migenerali.es\/en\/wp-json\/wp\/v2\/media?parent=1056"}],"curies":[{"name":"wp","href":"https:\/\/api.w.org\/{rel}","templated":true}]}}